{"id":1793,"date":"2024-09-08T19:52:07","date_gmt":"2024-09-08T19:52:07","guid":{"rendered":"https:\/\/dummy.xtemos.com\/woodmart2\/games-elementor\/?page_id=1793"},"modified":"2024-10-25T21:25:13","modified_gmt":"2024-10-25T21:25:13","slug":"purchasing-conditions","status":"publish","type":"page","link":"https:\/\/dzskin.com\/fr\/purchasing-conditions\/","title":{"rendered":"Conditions d'achat"},"content":{"rendered":"<div data-elementor-type=\"wp-page\" data-elementor-id=\"1793\" class=\"elementor elementor-1793\">\n\t\t\t\t<div class=\"wd-negative-gap elementor-element elementor-element-e73d7ff wd-section-stretch e-flex e-con-boxed e-con e-parent\" data-id=\"e73d7ff\" data-element_type=\"container\" data-e-type=\"container\" data-settings=\"{&quot;background_background&quot;:&quot;classic&quot;}\">\n\t\t\t\t\t<div class=\"e-con-inner\">\n\t\t\t\t<div class=\"elementor-element elementor-element-b3d2769 elementor-hidden-mobile elementor-widget elementor-widget-image\" data-id=\"b3d2769\" data-element_type=\"widget\" data-e-type=\"widget\" data-widget_type=\"image.default\">\n\t\t\t\t<div class=\"elementor-widget-container\">\n\t\t\t\t\t\t\t\t\t\t\t\t\t\t\t<img decoding=\"async\" src=\"https:\/\/i0.wp.com\/dzskin.com\/wp-content\/uploads\/2024\/09\/Kz-Bytes.png?fit=160%2C160&#038;ssl=1\" title=\"Kz Bytes\" alt=\"Kz Bytes\" loading=\"lazy\" \/>\t\t\t\t\t\t\t\t\t\t\t\t\t\t\t<\/div>\n\t\t\t\t<\/div>\n\t\t\t\t<div class=\"elementor-element elementor-element-f1f1fa7 elementor-hidden-desktop elementor-hidden-tablet elementor-widget elementor-widget-image\" data-id=\"f1f1fa7\" data-element_type=\"widget\" data-e-type=\"widget\" data-widget_type=\"image.default\">\n\t\t\t\t<div class=\"elementor-widget-container\">\n\t\t\t\t\t\t\t\t\t\t\t\t\t\t\t<img decoding=\"async\" width=\"150\" height=\"150\" src=\"https:\/\/i0.wp.com\/dzskin.com\/wp-content\/uploads\/2024\/09\/Kz-Bytes.png?resize=150%2C150&amp;ssl=1\" class=\"attachment-thumbnail size-thumbnail wp-image-3628\" alt=\"\" srcset=\"https:\/\/i0.wp.com\/dzskin.com\/wp-content\/uploads\/2024\/09\/Kz-Bytes.png?w=738&amp;ssl=1 738w, https:\/\/i0.wp.com\/dzskin.com\/wp-content\/uploads\/2024\/09\/Kz-Bytes.png?resize=302%2C300&amp;ssl=1 302w, https:\/\/i0.wp.com\/dzskin.com\/wp-content\/uploads\/2024\/09\/Kz-Bytes.png?w=150&amp;ssl=1 150w, https:\/\/i0.wp.com\/dzskin.com\/wp-content\/uploads\/2024\/09\/Kz-Bytes.png?resize=430%2C427&amp;ssl=1 430w, https:\/\/i0.wp.com\/dzskin.com\/wp-content\/uploads\/2024\/09\/Kz-Bytes.png?resize=700%2C694&amp;ssl=1 700w, https:\/\/i0.wp.com\/dzskin.com\/wp-content\/uploads\/2024\/09\/Kz-Bytes.png?w=81&amp;ssl=1 81w, https:\/\/i0.wp.com\/dzskin.com\/wp-content\/uploads\/2024\/09\/Kz-Bytes.png?w=120&amp;ssl=1 120w, https:\/\/i0.wp.com\/dzskin.com\/wp-content\/uploads\/2024\/09\/Kz-Bytes.png?w=140&amp;ssl=1 140w, https:\/\/i0.wp.com\/dzskin.com\/wp-content\/uploads\/2024\/09\/Kz-Bytes.png?w=160&amp;ssl=1 160w, https:\/\/i0.wp.com\/dzskin.com\/wp-content\/uploads\/2024\/09\/Kz-Bytes.png?w=100&amp;ssl=1 100w\" sizes=\"(max-width: 150px) 100vw, 150px\" \/>\t\t\t\t\t\t\t\t\t\t\t\t\t\t\t<\/div>\n\t\t\t\t<\/div>\n\t\t\t\t<div class=\"elementor-element elementor-element-bd9dbc8 wd-width-100 elementor-widget elementor-widget-wd_title\" data-id=\"bd9dbc8\" data-element_type=\"widget\" data-e-type=\"widget\" data-widget_type=\"wd_title.default\">\n\t\t\t\t<div class=\"elementor-widget-container\">\n\t\t\t\t\t\t\t<div class=\"title-wrapper set-mb-s reset-last-child wd-title-color-default wd-title-style-default wd-title-size-large text-center\">\n\n\t\t\t\n\t\t\t<div class=\"liner-continer\">\n\t\t\t\t<h4 class=\"woodmart-title-container title wd-fontsize-xxl\">Conditions d'achat<\/h4> \n\t\t\t\t\t\t\t<\/div>\n\n\t\t\t\t\t<\/div>\n\t\t\t\t\t\t<\/div>\n\t\t\t\t<\/div>\n\t\t\t\t\t<\/div>\n\t\t\t\t<\/div>\n\t\t<div class=\"wd-negative-gap elementor-element elementor-element-1052b1f e-flex e-con-boxed e-con e-parent\" data-id=\"1052b1f\" data-element_type=\"container\" data-e-type=\"container\">\n\t\t\t\t\t<div class=\"e-con-inner\">\n\t\t<div class=\"elementor-element elementor-element-d093051 e-con-full e-flex e-con e-child\" data-id=\"d093051\" data-element_type=\"container\" data-e-type=\"container\" data-settings=\"{&quot;background_background&quot;:&quot;classic&quot;}\">\n\t\t\t\t<div class=\"elementor-element elementor-element-86bae88 wd-width-100 elementor-widget elementor-widget-wd_title\" data-id=\"86bae88\" data-element_type=\"widget\" data-e-type=\"widget\" data-widget_type=\"wd_title.default\">\n\t\t\t\t<div class=\"elementor-widget-container\">\n\t\t\t\t\t\t\t<div class=\"title-wrapper set-mb-s reset-last-child wd-title-color-default wd-title-style-default wd-title-size-small text-left\">\n\n\t\t\t\n\t\t\t<div class=\"liner-continer\">\n\t\t\t\t<h4 class=\"woodmart-title-container title wd-fontsize-m wd-underline-colored\"><u>1.<\/u> Disponibilit\u00e9 du produit<\/h4> \n\t\t\t\t\t\t\t<\/div>\n\n\t\t\t\t\t<\/div>\n\t\t\t\t\t\t<\/div>\n\t\t\t\t<\/div>\n\t\t\t\t<div class=\"elementor-element elementor-element-26fde0e elementor-widget elementor-widget-wd_text_block\" data-id=\"26fde0e\" data-element_type=\"widget\" data-e-type=\"widget\" data-widget_type=\"wd_text_block.default\">\n\t\t\t\t<div class=\"elementor-widget-container\">\n\t\t\t\t\t\t\t<div class=\"wd-text-block reset-last-child text-left\">\n\t\t\t\n\t\t\t<p>Tous les produits list\u00e9s sur DzSkin, y compris les cartes cadeaux, les jeux vid\u00e9o et les logiciels, sont sujets \u00e0 disponibilit\u00e9. Nous nous effor\u00e7ons d'assurer l'exactitude des stocks, mais dans de rares cas, les articles peuvent devenir indisponibles apr\u00e8s votre achat. Dans ce cas, vous en serez inform\u00e9 et un remboursement ou une alternative vous sera propos\u00e9.<\/p>\n\t\t\t\t\t<\/div>\n\t\t\t\t\t\t<\/div>\n\t\t\t\t<\/div>\n\t\t\t\t<\/div>\n\t\t<div class=\"elementor-element elementor-element-60184d8 e-con-full e-flex e-con e-child\" data-id=\"60184d8\" data-element_type=\"container\" data-e-type=\"container\" data-settings=\"{&quot;background_background&quot;:&quot;classic&quot;}\">\n\t\t\t\t<div class=\"elementor-element elementor-element-231876c wd-width-100 elementor-widget elementor-widget-wd_title\" data-id=\"231876c\" data-element_type=\"widget\" data-e-type=\"widget\" data-widget_type=\"wd_title.default\">\n\t\t\t\t<div class=\"elementor-widget-container\">\n\t\t\t\t\t\t\t<div class=\"title-wrapper set-mb-s reset-last-child wd-title-color-default wd-title-style-default wd-title-size-small text-left\">\n\n\t\t\t\n\t\t\t<div class=\"liner-continer\">\n\t\t\t\t<h4 class=\"woodmart-title-container title wd-fontsize-m wd-underline-colored\"><u>2.<\/u> Prix et erreurs<\/h4> \n\t\t\t\t\t\t\t<\/div>\n\n\t\t\t\t\t<\/div>\n\t\t\t\t\t\t<\/div>\n\t\t\t\t<\/div>\n\t\t\t\t<div class=\"elementor-element elementor-element-bc7ec9f elementor-widget elementor-widget-wd_text_block\" data-id=\"bc7ec9f\" data-element_type=\"widget\" data-e-type=\"widget\" data-widget_type=\"wd_text_block.default\">\n\t\t\t\t<div class=\"elementor-widget-container\">\n\t\t\t\t\t\t\t<div class=\"wd-text-block reset-last-child text-left\">\n\t\t\t\n\t\t\t<p>Tous les prix affich\u00e9s dans le magasin sont d\u00e9finitifs. Nous n'ajoutons pas de frais suppl\u00e9mentaires ou cach\u00e9s, contrairement \u00e0 d'autres sites Web malhonn\u00eates. Les prix et les d\u00e9tails des produits peuvent \u00eatre modifi\u00e9s \u00e0 tout moment sans pr\u00e9avis. En cas d'erreur de prix ou de description de produit, DzSkin se r\u00e9serve le droit d'annuler ou de modifier votre commande.<\/p>\n\t\t\t\t\t<\/div>\n\t\t\t\t\t\t<\/div>\n\t\t\t\t<\/div>\n\t\t\t\t<\/div>\n\t\t<div class=\"elementor-element elementor-element-86a0283 e-con-full e-flex e-con e-child\" data-id=\"86a0283\" data-element_type=\"container\" data-e-type=\"container\" data-settings=\"{&quot;background_background&quot;:&quot;classic&quot;}\">\n\t\t\t\t<div class=\"elementor-element elementor-element-5f3112c wd-width-100 elementor-widget elementor-widget-wd_title\" data-id=\"5f3112c\" data-element_type=\"widget\" data-e-type=\"widget\" data-widget_type=\"wd_title.default\">\n\t\t\t\t<div class=\"elementor-widget-container\">\n\t\t\t\t\t\t\t<div class=\"title-wrapper set-mb-s reset-last-child wd-title-color-default wd-title-style-default wd-title-size-small text-left\">\n\n\t\t\t\n\t\t\t<div class=\"liner-continer\">\n\t\t\t\t<h4 class=\"woodmart-title-container title wd-fontsize-m wd-underline-colored\"><u>3.<\/u> Conditions de paiement<\/h4> \n\t\t\t\t\t\t\t<\/div>\n\n\t\t\t\t\t<\/div>\n\t\t\t\t\t\t<\/div>\n\t\t\t\t<\/div>\n\t\t\t\t<div class=\"elementor-element elementor-element-695b8b6 elementor-widget elementor-widget-wd_text_block\" data-id=\"695b8b6\" data-element_type=\"widget\" data-e-type=\"widget\" data-widget_type=\"wd_text_block.default\">\n\t\t\t\t<div class=\"elementor-widget-container\">\n\t\t\t\t\t\t\t<div class=\"wd-text-block reset-last-child text-left\">\n\t\t\t\n\t\t\t<p>Nous acceptons une vari\u00e9t\u00e9 de m\u00e9thodes de paiement s\u00e9curis\u00e9es, notamment : cartes de cr\u00e9dit, cartes de d\u00e9bit, PayPal, crypto-monnaies, carte Dahabiya et carte CIB. Le paiement doit \u00eatre effectu\u00e9 en totalit\u00e9 au moment de l'achat.<\/p>\n\t\t\t\t\t<\/div>\n\t\t\t\t\t\t<\/div>\n\t\t\t\t<\/div>\n\t\t\t\t<\/div>\n\t\t<div class=\"elementor-element elementor-element-ee0961b e-con-full e-flex e-con e-child\" data-id=\"ee0961b\" data-element_type=\"container\" data-e-type=\"container\" data-settings=\"{&quot;background_background&quot;:&quot;classic&quot;}\">\n\t\t\t\t<div class=\"elementor-element elementor-element-74916be wd-width-100 elementor-widget elementor-widget-wd_title\" data-id=\"74916be\" data-element_type=\"widget\" data-e-type=\"widget\" data-widget_type=\"wd_title.default\">\n\t\t\t\t<div class=\"elementor-widget-container\">\n\t\t\t\t\t\t\t<div class=\"title-wrapper set-mb-s reset-last-child wd-title-color-default wd-title-style-default wd-title-size-small text-left\">\n\n\t\t\t\n\t\t\t<div class=\"liner-continer\">\n\t\t\t\t<h4 class=\"woodmart-title-container title wd-fontsize-m wd-underline-colored\"><u>4.<\/u> Livraison de produits num\u00e9riques<\/h4> \n\t\t\t\t\t\t\t<\/div>\n\n\t\t\t\t\t<\/div>\n\t\t\t\t\t\t<\/div>\n\t\t\t\t<\/div>\n\t\t\t\t<div class=\"elementor-element elementor-element-a7fc0a7 elementor-widget elementor-widget-wd_text_block\" data-id=\"a7fc0a7\" data-element_type=\"widget\" data-e-type=\"widget\" data-widget_type=\"wd_text_block.default\">\n\t\t\t\t<div class=\"elementor-widget-container\">\n\t\t\t\t\t\t\t<div class=\"wd-text-block reset-last-child text-left\">\n\t\t\t\n\t\t\t<p>Une fois le paiement confirm\u00e9, vous recevrez vos produits num\u00e9riques (cartes cadeaux, codes de jeux, cl\u00e9s de logiciels, etc.) par email ou via votre compte sur DzSkin. La livraison est effectu\u00e9e dans un d\u00e9lai maximum de 24 heures, mais veuillez pr\u00e9voir jusqu'\u00e0 48 heures en cas de retard impr\u00e9vu. Assurez-vous que vos coordonn\u00e9es sont exactes pour \u00e9viter tout probl\u00e8me de livraison.<\/p>\n\t\t\t\t\t<\/div>\n\t\t\t\t\t\t<\/div>\n\t\t\t\t<\/div>\n\t\t\t\t<\/div>\n\t\t<div class=\"elementor-element elementor-element-99f6c91 e-con-full e-flex e-con e-child\" data-id=\"99f6c91\" data-element_type=\"container\" data-e-type=\"container\" data-settings=\"{&quot;background_background&quot;:&quot;classic&quot;}\">\n\t\t\t\t<div class=\"elementor-element elementor-element-4dff75a wd-width-100 elementor-widget elementor-widget-wd_title\" data-id=\"4dff75a\" data-element_type=\"widget\" data-e-type=\"widget\" data-widget_type=\"wd_title.default\">\n\t\t\t\t<div class=\"elementor-widget-container\">\n\t\t\t\t\t\t\t<div class=\"title-wrapper set-mb-s reset-last-child wd-title-color-default wd-title-style-default wd-title-size-small text-left\">\n\n\t\t\t\n\t\t\t<div class=\"liner-continer\">\n\t\t\t\t<h4 class=\"woodmart-title-container title wd-fontsize-m wd-underline-colored\"><u>5.<\/u> Utilisation des produits<\/h4> \n\t\t\t\t\t\t\t<\/div>\n\n\t\t\t\t\t<\/div>\n\t\t\t\t\t\t<\/div>\n\t\t\t\t<\/div>\n\t\t\t\t<div class=\"elementor-element elementor-element-106f938 elementor-widget elementor-widget-wd_text_block\" data-id=\"106f938\" data-element_type=\"widget\" data-e-type=\"widget\" data-widget_type=\"wd_text_block.default\">\n\t\t\t\t<div class=\"elementor-widget-container\">\n\t\t\t\t\t\t\t<div class=\"wd-text-block reset-last-child text-left\">\n\t\t\t\n\t\t\t<p>En achetant sur DzSkin, vous acceptez d'utiliser les produits \u00e0 des fins personnelles et l\u00e9gales uniquement. La revente, le partage ou l'utilisation des produits d'une mani\u00e8re qui viole les conditions de service des plateformes respectives (par exemple, Steam, PlayStation, Xbox) sont interdits.<\/p>\n\t\t\t\t\t<\/div>\n\t\t\t\t\t\t<\/div>\n\t\t\t\t<\/div>\n\t\t\t\t<\/div>\n\t\t<div class=\"elementor-element elementor-element-df1e061 e-con-full e-flex e-con e-child\" data-id=\"df1e061\" data-element_type=\"container\" data-e-type=\"container\" data-settings=\"{&quot;background_background&quot;:&quot;classic&quot;}\">\n\t\t\t\t<div class=\"elementor-element elementor-element-2618fab wd-width-100 elementor-widget elementor-widget-wd_title\" data-id=\"2618fab\" data-element_type=\"widget\" data-e-type=\"widget\" data-widget_type=\"wd_title.default\">\n\t\t\t\t<div class=\"elementor-widget-container\">\n\t\t\t\t\t\t\t<div class=\"title-wrapper set-mb-s reset-last-child wd-title-color-default wd-title-style-default wd-title-size-small text-left\">\n\n\t\t\t\n\t\t\t<div class=\"liner-continer\">\n\t\t\t\t<h4 class=\"woodmart-title-container title wd-fontsize-m wd-underline-colored\"><u>6.<\/u> Remboursements et retours<\/h4> \n\t\t\t\t\t\t\t<\/div>\n\n\t\t\t\t\t<\/div>\n\t\t\t\t\t\t<\/div>\n\t\t\t\t<\/div>\n\t\t\t\t<div class=\"elementor-element elementor-element-fe6c500 elementor-widget elementor-widget-wd_text_block\" data-id=\"fe6c500\" data-element_type=\"widget\" data-e-type=\"widget\" data-widget_type=\"wd_text_block.default\">\n\t\t\t\t<div class=\"elementor-widget-container\">\n\t\t\t\t\t\t\t<div class=\"wd-text-block reset-last-child text-left\">\n\t\t\t\n\t\t\t<p>Toutes les ventes de produits num\u00e9riques sont d\u00e9finitives. En raison de la nature des produits num\u00e9riques, nous n'offrons pas de retours ou de remboursements une fois qu'une cl\u00e9 de produit ou un code a \u00e9t\u00e9 livr\u00e9.<\/p>\n\t\t\t\t\t<\/div>\n\t\t\t\t\t\t<\/div>\n\t\t\t\t<\/div>\n\t\t\t\t<\/div>\n\t\t<div class=\"elementor-element elementor-element-04f8bbb e-con-full e-flex e-con e-child\" data-id=\"04f8bbb\" data-element_type=\"container\" data-e-type=\"container\" data-settings=\"{&quot;background_background&quot;:&quot;classic&quot;}\">\n\t\t\t\t<div class=\"elementor-element elementor-element-3f38138 wd-width-100 elementor-widget elementor-widget-wd_title\" data-id=\"3f38138\" data-element_type=\"widget\" data-e-type=\"widget\" data-widget_type=\"wd_title.default\">\n\t\t\t\t<div class=\"elementor-widget-container\">\n\t\t\t\t\t\t\t<div class=\"title-wrapper set-mb-s reset-last-child wd-title-color-default wd-title-style-default wd-title-size-small text-left\">\n\n\t\t\t\n\t\t\t<div class=\"liner-continer\">\n\t\t\t\t<h4 class=\"woodmart-title-container title wd-fontsize-m wd-underline-colored\"><u>7.<\/u> Responsabilit\u00e9 du compte<\/h4> \n\t\t\t\t\t\t\t<\/div>\n\n\t\t\t\t\t<\/div>\n\t\t\t\t\t\t<\/div>\n\t\t\t\t<\/div>\n\t\t\t\t<div class=\"elementor-element elementor-element-6b2c38a elementor-widget elementor-widget-wd_text_block\" data-id=\"6b2c38a\" data-element_type=\"widget\" data-e-type=\"widget\" data-widget_type=\"wd_text_block.default\">\n\t\t\t\t<div class=\"elementor-widget-container\">\n\t\t\t\t\t\t\t<div class=\"wd-text-block reset-last-child text-left\">\n\t\t\t\n\t\t\t<p>Vous \u00eates responsable du maintien de la confidentialit\u00e9 des d\u00e9tails de votre compte et de la garantie qu'aucune partie non autoris\u00e9e n'y acc\u00e8de. DzSkin ne sera pas responsable des pertes ou des probl\u00e8mes r\u00e9sultant d'un acc\u00e8s non autoris\u00e9 \u00e0 votre compte.<\/p>\n\t\t\t\t\t<\/div>\n\t\t\t\t\t\t<\/div>\n\t\t\t\t<\/div>\n\t\t\t\t<\/div>\n\t\t<div class=\"elementor-element elementor-element-bc85b6d e-con-full e-flex e-con e-child\" data-id=\"bc85b6d\" data-element_type=\"container\" data-e-type=\"container\" data-settings=\"{&quot;background_background&quot;:&quot;classic&quot;}\">\n\t\t\t\t<div class=\"elementor-element elementor-element-d3fca62 wd-width-100 elementor-widget elementor-widget-wd_title\" data-id=\"d3fca62\" data-element_type=\"widget\" data-e-type=\"widget\" data-widget_type=\"wd_title.default\">\n\t\t\t\t<div class=\"elementor-widget-container\">\n\t\t\t\t\t\t\t<div class=\"title-wrapper set-mb-s reset-last-child wd-title-color-default wd-title-style-default wd-title-size-small text-left\">\n\n\t\t\t\n\t\t\t<div class=\"liner-continer\">\n\t\t\t\t<h4 class=\"woodmart-title-container title wd-fontsize-m wd-underline-colored\"><u>8.<\/u> Droit applicable<\/h4> \n\t\t\t\t\t\t\t<\/div>\n\n\t\t\t\t\t<\/div>\n\t\t\t\t\t\t<\/div>\n\t\t\t\t<\/div>\n\t\t\t\t<div class=\"elementor-element elementor-element-38d5e67 elementor-widget elementor-widget-wd_text_block\" data-id=\"38d5e67\" data-element_type=\"widget\" data-e-type=\"widget\" data-widget_type=\"wd_text_block.default\">\n\t\t\t\t<div class=\"elementor-widget-container\">\n\t\t\t\t\t\t\t<div class=\"wd-text-block reset-last-child text-left\">\n\t\t\t\n\t\t\t<p>Les pr\u00e9sentes conditions d'achat sont r\u00e9gies par les lois applicables. Tout litige li\u00e9 \u00e0 ces conditions sera trait\u00e9 conform\u00e9ment aux exigences l\u00e9gales du pays ou de la r\u00e9gion o\u00f9 le probl\u00e8me se pose.<\/p>\n\t\t\t\t\t<\/div>\n\t\t\t\t\t\t<\/div>\n\t\t\t\t<\/div>\n\t\t\t\t<\/div>\n\t\t\t\t\t<\/div>\n\t\t\t\t<\/div>\n\t\t\t\t<\/div>","protected":false},"excerpt":{"rendered":"<p>Purchasing Conditions 1. Product Availability All products listed on DzSkin, including gift cards, video games, and software, are subject to<\/p>","protected":false},"author":1,"featured_media":0,"parent":0,"menu_order":0,"comment_status":"closed","ping_status":"closed","template":"","meta":{"iawp_total_views":100,"footnotes":""},"class_list":["post-1793","page","type-page","status-publish","hentry"],"jetpack_sharing_enabled":true,"_links":{"self":[{"href":"https:\/\/dzskin.com\/fr\/wp-json\/wp\/v2\/pages\/1793","targetHints":{"allow":["GET"]}}],"collection":[{"href":"https:\/\/dzskin.com\/fr\/wp-json\/wp\/v2\/pages"}],"about":[{"href":"https:\/\/dzskin.com\/fr\/wp-json\/wp\/v2\/types\/page"}],"author":[{"embeddable":true,"href":"https:\/\/dzskin.com\/fr\/wp-json\/wp\/v2\/users\/1"}],"replies":[{"embeddable":true,"href":"https:\/\/dzskin.com\/fr\/wp-json\/wp\/v2\/comments?post=1793"}],"version-history":[{"count":64,"href":"https:\/\/dzskin.com\/fr\/wp-json\/wp\/v2\/pages\/1793\/revisions"}],"predecessor-version":[{"id":4750,"href":"https:\/\/dzskin.com\/fr\/wp-json\/wp\/v2\/pages\/1793\/revisions\/4750"}],"wp:attachment":[{"href":"https:\/\/dzskin.com\/fr\/wp-json\/wp\/v2\/media?parent=1793"}],"curies":[{"name":"wp","href":"https:\/\/api.w.org\/{rel}","templated":true}]}}