{"id":3245,"date":"2024-08-25T22:22:03","date_gmt":"2024-08-25T22:22:03","guid":{"rendered":"https:\/\/dzskin.com\/?post_type=product&#038;p=3245"},"modified":"2025-02-14T20:56:38","modified_gmt":"2025-02-14T20:56:38","slug":"dark-souls-3","status":"publish","type":"product","link":"https:\/\/dzskin.com\/fr\/produit\/dark-souls-3\/","title":{"rendered":"Dark Souls 3 - Cl\u00e9 Steam"},"content":{"rendered":"","protected":false},"excerpt":{"rendered":"<div class=\"flex max-w-full flex-col flex-grow\">\n<div class=\"min-h-[20px] text-message flex w-full flex-col items-end gap-2 whitespace-normal break-words [.text-message+&amp;]:mt-5\" dir=\"auto\" data-message-author-role=\"assistant\" data-message-id=\"d5b34588-a0c3-4582-be15-e1e6ec6f642c\">\n<div class=\"flex w-full flex-col gap-1 empty:hidden first:pt-[3px]\">\n<div class=\"markdown prose w-full break-words dark:prose-invert dark\">\n<p>Entrez dans le monde sombre et stimulant de <em>Dark Souls 3<\/em>Le jeu se d\u00e9roule dans le royaume en ruine de Lothric et offre une exp\u00e9rience profonde et immersive qui met \u00e0 l'\u00e9preuve votre habilet\u00e9 et votre pers\u00e9v\u00e9rance. Situ\u00e9 dans le royaume en d\u00e9composition de Lothric, ce jeu offre une exp\u00e9rience profonde et immersive qui met \u00e0 l'\u00e9preuve vos comp\u00e9tences et votre pers\u00e9v\u00e9rance.<\/p>\n<p><strong>Instructions :<\/strong><\/p>\n<p>\u2705 <strong>Ces cl\u00e9s Steam sont 100% authentiques et peuvent \u00eatre activ\u00e9es directement sur Steam.<\/strong>.<\/p>\n<p>\u2705 <strong>Ces cl\u00e9s peuvent \u00eatre activ\u00e9es dans le monde entier, sans restriction de r\u00e9gion.<\/strong><\/p>\n<p>\u2705 Lors de l'achat, vous recevrez une cl\u00e9 au format : <strong>XXXXX-XXXXX-XXXXX<\/strong>.<\/p>\n<p>\u2705 Vous pouvez activer votre cl\u00e9 via le site web Steam ou le client Steam.<\/p>\n<ul>\n<li>Ouvrez Steam : Lancez le client Steam sur votre ordinateur. Si vous ne l'avez pas install\u00e9, t\u00e9l\u00e9chargez-le sur le site officiel de Steam.<\/li>\n<li>Se connecter : Connectez-vous \u00e0 votre compte Steam ou cr\u00e9ez-en un nouveau si vous n'avez pas encore de compte.<\/li>\n<li>Allez dans \"Activer un produit\" : Dans le coin sup\u00e9rieur gauche, cliquez sur \"Jeux\" dans la barre de menu, puis s\u00e9lectionnez \"Activer un produit sur Steam\" dans le menu d\u00e9roulant.<\/li>\n<li>Saisissez votre cl\u00e9 : Une fen\u00eatre contextuelle s'affiche. Cliquez sur \"Suivant\", puis acceptez le contrat d'abonnement \u00e0 Steam. Saisissez votre cl\u00e9 de jeu dans le champ pr\u00e9vu \u00e0 cet effet.<\/li>\n<li>Terminer l'activation : Cliquez sur \"Suivant\" apr\u00e8s avoir saisi la cl\u00e9. Une fois v\u00e9rifi\u00e9, votre jeu sera ajout\u00e9 \u00e0 votre biblioth\u00e8que Steam.<\/li>\n<li>T\u00e9l\u00e9chargez le jeu : Acc\u00e9dez \u00e0 votre biblioth\u00e8que Steam, trouvez votre jeu nouvellement activ\u00e9 et cliquez sur \"Installer\" pour le t\u00e9l\u00e9charger.<\/li>\n<\/ul>\n<p>\u2705Profitez de votre jeu authentique, que vous jouiez en ligne ou en solo !<\/p>\n<\/div>\n<\/div>\n<\/div>\n<\/div>","protected":false},"featured_media":3246,"comment_status":"open","ping_status":"closed","template":"","meta":{"iawp_total_views":56},"product_brand":[],"product_cat":[52],"product_tag":[48],"class_list":{"0":"post-3245","1":"product","2":"type-product","3":"status-publish","4":"has-post-thumbnail","6":"product_cat-steam","7":"product_tag-pc-games","9":"first","10":"instock","11":"virtual","12":"purchasable","13":"product-type-simple"},"jetpack_sharing_enabled":true,"_links":{"self":[{"href":"https:\/\/dzskin.com\/fr\/wp-json\/wp\/v2\/product\/3245","targetHints":{"allow":["GET"]}}],"collection":[{"href":"https:\/\/dzskin.com\/fr\/wp-json\/wp\/v2\/product"}],"about":[{"href":"https:\/\/dzskin.com\/fr\/wp-json\/wp\/v2\/types\/product"}],"replies":[{"embeddable":true,"href":"https:\/\/dzskin.com\/fr\/wp-json\/wp\/v2\/comments?post=3245"}],"version-history":[{"count":8,"href":"https:\/\/dzskin.com\/fr\/wp-json\/wp\/v2\/product\/3245\/revisions"}],"predecessor-version":[{"id":4469,"href":"https:\/\/dzskin.com\/fr\/wp-json\/wp\/v2\/product\/3245\/revisions\/4469"}],"wp:featuredmedia":[{"embeddable":true,"href":"https:\/\/dzskin.com\/fr\/wp-json\/wp\/v2\/media\/3246"}],"wp:attachment":[{"href":"https:\/\/dzskin.com\/fr\/wp-json\/wp\/v2\/media?parent=3245"}],"wp:term":[{"taxonomy":"product_brand","embeddable":true,"href":"https:\/\/dzskin.com\/fr\/wp-json\/wp\/v2\/product_brand?post=3245"},{"taxonomy":"product_cat","embeddable":true,"href":"https:\/\/dzskin.com\/fr\/wp-json\/wp\/v2\/product_cat?post=3245"},{"taxonomy":"product_tag","embeddable":true,"href":"https:\/\/dzskin.com\/fr\/wp-json\/wp\/v2\/product_tag?post=3245"}],"curies":[{"name":"wp","href":"https:\/\/api.w.org\/{rel}","templated":true}]}}