{"id":3257,"date":"2024-08-27T17:23:07","date_gmt":"2024-08-27T17:23:07","guid":{"rendered":"https:\/\/dzskin.com\/?post_type=product&#038;p=3257"},"modified":"2024-10-21T11:07:44","modified_gmt":"2024-10-21T11:07:44","slug":"baldurs-gate-3","status":"publish","type":"product","link":"https:\/\/dzskin.com\/fr\/produit\/baldurs-gate-3\/","title":{"rendered":"Baldur's Gate 3 - Cl\u00e9 Steam"},"content":{"rendered":"","protected":false},"excerpt":{"rendered":"<p>Embarquez pour un voyage \u00e9pique avec <em>Baldur's Gate 3<\/em>un jeu de r\u00f4le magistral qui redonne vie \u00e0 la franchise bien-aim\u00e9e avec une narration moderne et un gameplay immersif. Situ\u00e9 dans le riche univers des Royaumes oubli\u00e9s, ce jeu offre une exp\u00e9rience narrative profonde, pleine d'aventures et d'intrigues.<\/p>\n<p><strong>Instructions :<\/strong><\/p>\n<p>\u2705 <strong>Ces cl\u00e9s Steam sont 100% authentiques et peuvent \u00eatre activ\u00e9es directement sur Steam.<\/strong>.<\/p>\n<p>\u2705 <strong>Ces cl\u00e9s peuvent \u00eatre activ\u00e9es dans le monde entier, sans restriction de r\u00e9gion.<\/strong><\/p>\n<p>\u2705 Lors de l'achat, vous recevrez une cl\u00e9 au format : <strong>XXXXX-XXXXX-XXXXX<\/strong>.<\/p>\n<p>\u2705 Vous pouvez activer votre cl\u00e9 via le site web Steam ou le client Steam.<\/p>\n<ul>\n<li>Ouvrez Steam : Lancez le client Steam sur votre ordinateur. Si vous ne l'avez pas install\u00e9, t\u00e9l\u00e9chargez-le sur le site officiel de Steam.<\/li>\n<li>Se connecter : Connectez-vous \u00e0 votre compte Steam ou cr\u00e9ez-en un nouveau si vous n'avez pas encore de compte.<\/li>\n<li>Allez dans \"Activer un produit\" : Dans le coin sup\u00e9rieur gauche, cliquez sur \"Jeux\" dans la barre de menu, puis s\u00e9lectionnez \"Activer un produit sur Steam\" dans le menu d\u00e9roulant.<\/li>\n<li>Saisissez votre cl\u00e9 : Une fen\u00eatre contextuelle s'affiche. Cliquez sur \"Suivant\", puis acceptez le contrat d'abonnement \u00e0 Steam. Saisissez votre cl\u00e9 de jeu dans le champ pr\u00e9vu \u00e0 cet effet.<\/li>\n<li>Terminer l'activation : Cliquez sur \"Suivant\" apr\u00e8s avoir saisi la cl\u00e9. Une fois v\u00e9rifi\u00e9, votre jeu sera ajout\u00e9 \u00e0 votre biblioth\u00e8que Steam.<\/li>\n<li>T\u00e9l\u00e9chargez le jeu : Acc\u00e9dez \u00e0 votre biblioth\u00e8que Steam, trouvez votre jeu nouvellement activ\u00e9 et cliquez sur \"Installer\" pour le t\u00e9l\u00e9charger.<\/li>\n<\/ul>\n<p>\u2705Profitez de votre jeu authentique, que vous jouiez en ligne ou en solo !<\/p>","protected":false},"featured_media":3308,"comment_status":"open","ping_status":"closed","template":"","meta":{"iawp_total_views":15},"product_brand":[],"product_cat":[52],"product_tag":[48],"class_list":{"0":"post-3257","1":"product","2":"type-product","3":"status-publish","4":"has-post-thumbnail","6":"product_cat-steam","7":"product_tag-pc-games","9":"first","10":"outofstock","11":"virtual","12":"purchasable","13":"product-type-simple"},"jetpack_sharing_enabled":true,"_links":{"self":[{"href":"https:\/\/dzskin.com\/fr\/wp-json\/wp\/v2\/product\/3257","targetHints":{"allow":["GET"]}}],"collection":[{"href":"https:\/\/dzskin.com\/fr\/wp-json\/wp\/v2\/product"}],"about":[{"href":"https:\/\/dzskin.com\/fr\/wp-json\/wp\/v2\/types\/product"}],"replies":[{"embeddable":true,"href":"https:\/\/dzskin.com\/fr\/wp-json\/wp\/v2\/comments?post=3257"}],"version-history":[{"count":9,"href":"https:\/\/dzskin.com\/fr\/wp-json\/wp\/v2\/product\/3257\/revisions"}],"predecessor-version":[{"id":4468,"href":"https:\/\/dzskin.com\/fr\/wp-json\/wp\/v2\/product\/3257\/revisions\/4468"}],"wp:featuredmedia":[{"embeddable":true,"href":"https:\/\/dzskin.com\/fr\/wp-json\/wp\/v2\/media\/3308"}],"wp:attachment":[{"href":"https:\/\/dzskin.com\/fr\/wp-json\/wp\/v2\/media?parent=3257"}],"wp:term":[{"taxonomy":"product_brand","embeddable":true,"href":"https:\/\/dzskin.com\/fr\/wp-json\/wp\/v2\/product_brand?post=3257"},{"taxonomy":"product_cat","embeddable":true,"href":"https:\/\/dzskin.com\/fr\/wp-json\/wp\/v2\/product_cat?post=3257"},{"taxonomy":"product_tag","embeddable":true,"href":"https:\/\/dzskin.com\/fr\/wp-json\/wp\/v2\/product_tag?post=3257"}],"curies":[{"name":"wp","href":"https:\/\/api.w.org\/{rel}","templated":true}]}}