{"id":3325,"date":"2024-08-28T19:07:07","date_gmt":"2024-08-28T19:07:07","guid":{"rendered":"https:\/\/dzskin.com\/?post_type=product&#038;p=3325"},"modified":"2025-03-01T01:07:39","modified_gmt":"2025-03-01T01:07:39","slug":"copilot-pro","status":"publish","type":"product","link":"https:\/\/dzskin.com\/fr\/produit\/copilot-pro\/","title":{"rendered":"Copilot Pro - 1 mois"},"content":{"rendered":"","protected":false},"excerpt":{"rendered":"<div class=\"flex max-w-full flex-col flex-grow\">\n<div class=\"min-h-[20px] text-message flex w-full flex-col items-end gap-2 whitespace-normal break-words [.text-message+&amp;]:mt-5\" dir=\"auto\" data-message-author-role=\"assistant\" data-message-id=\"eacc4b0f-f5ee-4440-9424-bc045a4e870e\">\n<div class=\"flex w-full flex-col gap-1 empty:hidden first:pt-[3px]\">\n<div class=\"markdown prose w-full break-words dark:prose-invert dark\">\n<p>Optimisez votre productivit\u00e9 avec Microsoft Copilot Pro, un assistant avanc\u00e9 aliment\u00e9 par l'IA et con\u00e7u pour rationaliser vos flux de travail et am\u00e9liorer votre efficacit\u00e9.<\/p>\n<p><strong>Instructions :<\/strong><\/p>\n<p><strong>\u2705 <\/strong>Le r\u00e9cit est tout \u00e0 fait original.<\/p>\n<p><strong>\u2705 <\/strong>Il est enti\u00e8rement personnel et non partag\u00e9 (uniquement pour vous) !<\/p>\n<p><strong>\u2705 <\/strong>Apr\u00e8s paiement, vous recevrez un acc\u00e8s au compte (courriel\/mot de passe).<\/p>\n<p><strong>\u2705 <\/strong>Nous offrons une garantie d'un mois.<\/p>\n<p><strong>\u2705 <\/strong>Le prix officiel de Copilot Pro est de $20 par mois !<\/p>\n<p>\u2b55\ufe0f Le traitement des commandes prend entre <strong>1 et quelques heures<\/strong>. Si la commande n'est pas ex\u00e9cut\u00e9e dans le d\u00e9lai de <strong>24 heures<\/strong>un remboursement sera automatiquement effectu\u00e9 au client.<\/p>\n<\/div>\n<\/div>\n<\/div>\n<\/div>","protected":false},"featured_media":4916,"comment_status":"open","ping_status":"closed","template":"","meta":{"iawp_total_views":112},"product_brand":[],"product_cat":[27],"product_tag":[73,69],"class_list":{"0":"post-3325","1":"product","2":"type-product","3":"status-publish","4":"has-post-thumbnail","6":"product_cat-software","7":"product_tag-ai","8":"product_tag-software","10":"first","11":"outofstock","12":"sale","13":"virtual","14":"purchasable","15":"product-type-simple"},"jetpack_sharing_enabled":true,"_links":{"self":[{"href":"https:\/\/dzskin.com\/fr\/wp-json\/wp\/v2\/product\/3325","targetHints":{"allow":["GET"]}}],"collection":[{"href":"https:\/\/dzskin.com\/fr\/wp-json\/wp\/v2\/product"}],"about":[{"href":"https:\/\/dzskin.com\/fr\/wp-json\/wp\/v2\/types\/product"}],"replies":[{"embeddable":true,"href":"https:\/\/dzskin.com\/fr\/wp-json\/wp\/v2\/comments?post=3325"}],"version-history":[{"count":11,"href":"https:\/\/dzskin.com\/fr\/wp-json\/wp\/v2\/product\/3325\/revisions"}],"predecessor-version":[{"id":4858,"href":"https:\/\/dzskin.com\/fr\/wp-json\/wp\/v2\/product\/3325\/revisions\/4858"}],"wp:featuredmedia":[{"embeddable":true,"href":"https:\/\/dzskin.com\/fr\/wp-json\/wp\/v2\/media\/4916"}],"wp:attachment":[{"href":"https:\/\/dzskin.com\/fr\/wp-json\/wp\/v2\/media?parent=3325"}],"wp:term":[{"taxonomy":"product_brand","embeddable":true,"href":"https:\/\/dzskin.com\/fr\/wp-json\/wp\/v2\/product_brand?post=3325"},{"taxonomy":"product_cat","embeddable":true,"href":"https:\/\/dzskin.com\/fr\/wp-json\/wp\/v2\/product_cat?post=3325"},{"taxonomy":"product_tag","embeddable":true,"href":"https:\/\/dzskin.com\/fr\/wp-json\/wp\/v2\/product_tag?post=3325"}],"curies":[{"name":"wp","href":"https:\/\/api.w.org\/{rel}","templated":true}]}}