{"id":3331,"date":"2024-08-28T19:46:32","date_gmt":"2024-08-28T19:46:32","guid":{"rendered":"https:\/\/dzskin.com\/?post_type=product&#038;p=3331"},"modified":"2025-12-18T21:51:52","modified_gmt":"2025-12-18T21:51:52","slug":"youtube-premium-1year","status":"publish","type":"product","link":"https:\/\/dzskin.com\/fr\/produit\/youtube-premium-1year\/","title":{"rendered":"Youtube Premium - 1 an"},"content":{"rendered":"","protected":false},"excerpt":{"rendered":"<p>Am\u00e9liorez votre exp\u00e9rience sur YouTube avec YouTube Premium, un service d'abonnement offrant des fonctionnalit\u00e9s exclusives pour une exp\u00e9rience de visionnage ininterrompue et sans publicit\u00e9.<\/p>\n<p><strong>Instructions :<\/strong><\/p>\n<p><strong>\u2705 <\/strong>L'activation est personnelle et totalement officielle.<\/p>\n<p data-start=\"50\" data-end=\"189\">\u2705 Il s'agit d'un <strong data-start=\"62\" data-end=\"103\">Abonnement de 12 mois \u00e0 YouTube Premium<\/strong> (pas un plan mensuel), activ\u00e9 par carte de cr\u00e9dit <strong>sur votre compte<\/strong>.<\/p>\n<p data-start=\"50\" data-end=\"189\"><strong data-start=\"153\" data-end=\"189\">\u2705 <\/strong>Il ne s'agit pas d'une invitation familiale mais d'une activation personnelle.<\/p>\n<p data-start=\"191\" data-end=\"291\">\u2705 Vous recevrez un re\u00e7u officiel de Google par email, indiquant la p\u00e9riode d'activation de 12 mois (Par exemple : abonnement activ\u00e9 du 01\/01\/2025 au 01\/01\/2026).<\/p>\n<p data-start=\"293\" data-end=\"367\">\u2705 L'abonnement est garanti pour toute sa dur\u00e9e.<\/p>\n<p>\u2b55\ufe0f Veuillez fournir l'adresse e-mail et le mot de passe de votre compte Google afin que nous puissions l'activer.<\/p>\n<p>\u2b55\ufe0f Le traitement des commandes prend entre <strong>30 minutes et 1 heure<\/strong>. Si la commande n'est pas ex\u00e9cut\u00e9e dans le d\u00e9lai de <strong>24 heures<\/strong>un remboursement sera automatiquement effectu\u00e9 au client.<\/p>\n<p><strong>\u2705 <\/strong>Profitez de 12 mois d'acc\u00e8s premium \u00e0 Youtube \u00e0 un prix imbattable !<\/p>","protected":false},"featured_media":5311,"comment_status":"open","ping_status":"closed","template":"","meta":{"iawp_total_views":544},"product_brand":[],"product_cat":[27],"product_tag":[69],"class_list":{"0":"post-3331","1":"product","2":"type-product","3":"status-publish","4":"has-post-thumbnail","6":"product_cat-software","7":"product_tag-software","9":"first","10":"outofstock","11":"sale","12":"virtual","13":"purchasable","14":"product-type-simple"},"jetpack_sharing_enabled":true,"_links":{"self":[{"href":"https:\/\/dzskin.com\/fr\/wp-json\/wp\/v2\/product\/3331","targetHints":{"allow":["GET"]}}],"collection":[{"href":"https:\/\/dzskin.com\/fr\/wp-json\/wp\/v2\/product"}],"about":[{"href":"https:\/\/dzskin.com\/fr\/wp-json\/wp\/v2\/types\/product"}],"replies":[{"embeddable":true,"href":"https:\/\/dzskin.com\/fr\/wp-json\/wp\/v2\/comments?post=3331"}],"version-history":[{"count":11,"href":"https:\/\/dzskin.com\/fr\/wp-json\/wp\/v2\/product\/3331\/revisions"}],"predecessor-version":[{"id":5676,"href":"https:\/\/dzskin.com\/fr\/wp-json\/wp\/v2\/product\/3331\/revisions\/5676"}],"wp:featuredmedia":[{"embeddable":true,"href":"https:\/\/dzskin.com\/fr\/wp-json\/wp\/v2\/media\/5311"}],"wp:attachment":[{"href":"https:\/\/dzskin.com\/fr\/wp-json\/wp\/v2\/media?parent=3331"}],"wp:term":[{"taxonomy":"product_brand","embeddable":true,"href":"https:\/\/dzskin.com\/fr\/wp-json\/wp\/v2\/product_brand?post=3331"},{"taxonomy":"product_cat","embeddable":true,"href":"https:\/\/dzskin.com\/fr\/wp-json\/wp\/v2\/product_cat?post=3331"},{"taxonomy":"product_tag","embeddable":true,"href":"https:\/\/dzskin.com\/fr\/wp-json\/wp\/v2\/product_tag?post=3331"}],"curies":[{"name":"wp","href":"https:\/\/api.w.org\/{rel}","templated":true}]}}