{"id":3544,"date":"2024-08-31T22:48:43","date_gmt":"2024-08-31T22:48:43","guid":{"rendered":"https:\/\/dzskin.com\/?post_type=product&#038;p=3544"},"modified":"2025-09-22T20:31:31","modified_gmt":"2025-09-22T20:31:31","slug":"microsoft-office-365","status":"publish","type":"product","link":"https:\/\/dzskin.com\/fr\/produit\/microsoft-office-365\/","title":{"rendered":"Microsoft Office 365 Votre propre compte - 12 mois"},"content":{"rendered":"","protected":false},"excerpt":{"rendered":"<p>Boostez votre productivit\u00e9 avec Microsoft Office 365, la suite compl\u00e8te d'outils bas\u00e9s sur le cloud con\u00e7ue pour rationaliser votre travail et am\u00e9liorer la collaboration.<\/p>\n<p><strong>Instructions :<\/strong><\/p>\n<p><strong>\u2705 <\/strong>Microsoft 365<\/p>\n<p><strong>\u2705 100% activation officielle.<\/strong><\/p>\n<p><strong>\u2705 <\/strong>Activation pour 5 appareils ! (PC\/Tablette\/Mobile)<\/p>\n<p><strong>\u2705 <\/strong>Vous recevrez une invitation par courrier \u00e9lectronique. Il vous suffit de l'accepter et de suivre les instructions fournies par Microsoft.<\/p>\n<p><strong>\u2705 <\/strong>Votre abonnement Microsoft 365 sera activ\u00e9 et visible dans votre compte Microsoft.<\/p>\n<p><strong>\u2705 <\/strong>1 TB Onedrive<\/p>\n<p>\u2b55\ufe0f Le traitement des commandes prend entre\u00a0<strong>30 minutes et quelques heures<\/strong>. Si la commande n'est pas ex\u00e9cut\u00e9e dans le d\u00e9lai de\u00a0<strong>24 heures<\/strong>un remboursement sera automatiquement effectu\u00e9 au client.<\/p>","protected":false},"featured_media":4912,"comment_status":"open","ping_status":"closed","template":"","meta":{"iawp_total_views":68},"product_brand":[],"product_cat":[27],"product_tag":[69],"class_list":{"0":"post-3544","1":"product","2":"type-product","3":"status-publish","4":"has-post-thumbnail","6":"product_cat-software","7":"product_tag-software","9":"first","10":"instock","11":"sale","12":"virtual","13":"purchasable","14":"product-type-simple"},"jetpack_sharing_enabled":true,"_links":{"self":[{"href":"https:\/\/dzskin.com\/fr\/wp-json\/wp\/v2\/product\/3544","targetHints":{"allow":["GET"]}}],"collection":[{"href":"https:\/\/dzskin.com\/fr\/wp-json\/wp\/v2\/product"}],"about":[{"href":"https:\/\/dzskin.com\/fr\/wp-json\/wp\/v2\/types\/product"}],"replies":[{"embeddable":true,"href":"https:\/\/dzskin.com\/fr\/wp-json\/wp\/v2\/comments?post=3544"}],"version-history":[{"count":11,"href":"https:\/\/dzskin.com\/fr\/wp-json\/wp\/v2\/product\/3544\/revisions"}],"predecessor-version":[{"id":4906,"href":"https:\/\/dzskin.com\/fr\/wp-json\/wp\/v2\/product\/3544\/revisions\/4906"}],"wp:featuredmedia":[{"embeddable":true,"href":"https:\/\/dzskin.com\/fr\/wp-json\/wp\/v2\/media\/4912"}],"wp:attachment":[{"href":"https:\/\/dzskin.com\/fr\/wp-json\/wp\/v2\/media?parent=3544"}],"wp:term":[{"taxonomy":"product_brand","embeddable":true,"href":"https:\/\/dzskin.com\/fr\/wp-json\/wp\/v2\/product_brand?post=3544"},{"taxonomy":"product_cat","embeddable":true,"href":"https:\/\/dzskin.com\/fr\/wp-json\/wp\/v2\/product_cat?post=3544"},{"taxonomy":"product_tag","embeddable":true,"href":"https:\/\/dzskin.com\/fr\/wp-json\/wp\/v2\/product_tag?post=3544"}],"curies":[{"name":"wp","href":"https:\/\/api.w.org\/{rel}","templated":true}]}}