{"id":3805,"date":"2024-09-10T20:19:06","date_gmt":"2024-09-10T20:19:06","guid":{"rendered":"https:\/\/dzskin.com\/?post_type=product&#038;p=3805"},"modified":"2025-12-25T09:35:38","modified_gmt":"2025-12-25T09:35:38","slug":"chatgpt-plus-1month","status":"publish","type":"product","link":"https:\/\/dzskin.com\/fr\/produit\/chatgpt-plus-1month\/","title":{"rendered":"ChatGPT PLUS - 1 mois"},"content":{"rendered":"","protected":false},"excerpt":{"rendered":"<p>D\u00e9verrouillez la puissance de ChatGPT Plus. Profitez de fonctionnalit\u00e9s am\u00e9lior\u00e9es, de r\u00e9ponses plus rapides et de performances sup\u00e9rieures gr\u00e2ce \u00e0 cette exp\u00e9rience AI haut de gamme.<\/p>\n<p><strong>Instructions :<\/strong><\/p>\n<p><strong>\u2705 <\/strong>100% original.<\/p>\n<p><strong>\u2705<\/strong>Il est enti\u00e8rement personnel et non partag\u00e9 (uniquement pour vous) !<\/p>\n<p><strong>\u2705 <\/strong>Abonnement \u00e0 votre compte personnel !<\/p>\n<p><strong>\u2705 <\/strong>Nous offrons une garantie d'un mois.<\/p>\n<p><strong>\u2705 <\/strong>Le prix officiel de ChatGPT Plus est de $20 par mois !<\/p>\n<p>\u2b55\ufe0f Le traitement des commandes prend entre <strong>30 minutes et quelques heures<\/strong>. Si la commande n'est pas ex\u00e9cut\u00e9e dans le d\u00e9lai de <strong>24 heures<\/strong>un remboursement sera automatiquement effectu\u00e9 au client.<\/p>","protected":false},"featured_media":6290,"comment_status":"open","ping_status":"closed","template":"","meta":{"iawp_total_views":175},"product_brand":[],"product_cat":[27],"product_tag":[69],"class_list":{"0":"post-3805","1":"product","2":"type-product","3":"status-publish","4":"has-post-thumbnail","6":"product_cat-software","7":"product_tag-software","9":"first","10":"outofstock","11":"shipping-taxable","12":"purchasable","13":"product-type-variable"},"jetpack_sharing_enabled":true,"_links":{"self":[{"href":"https:\/\/dzskin.com\/fr\/wp-json\/wp\/v2\/product\/3805","targetHints":{"allow":["GET"]}}],"collection":[{"href":"https:\/\/dzskin.com\/fr\/wp-json\/wp\/v2\/product"}],"about":[{"href":"https:\/\/dzskin.com\/fr\/wp-json\/wp\/v2\/types\/product"}],"replies":[{"embeddable":true,"href":"https:\/\/dzskin.com\/fr\/wp-json\/wp\/v2\/comments?post=3805"}],"version-history":[{"count":8,"href":"https:\/\/dzskin.com\/fr\/wp-json\/wp\/v2\/product\/3805\/revisions"}],"predecessor-version":[{"id":5482,"href":"https:\/\/dzskin.com\/fr\/wp-json\/wp\/v2\/product\/3805\/revisions\/5482"}],"wp:featuredmedia":[{"embeddable":true,"href":"https:\/\/dzskin.com\/fr\/wp-json\/wp\/v2\/media\/6290"}],"wp:attachment":[{"href":"https:\/\/dzskin.com\/fr\/wp-json\/wp\/v2\/media?parent=3805"}],"wp:term":[{"taxonomy":"product_brand","embeddable":true,"href":"https:\/\/dzskin.com\/fr\/wp-json\/wp\/v2\/product_brand?post=3805"},{"taxonomy":"product_cat","embeddable":true,"href":"https:\/\/dzskin.com\/fr\/wp-json\/wp\/v2\/product_cat?post=3805"},{"taxonomy":"product_tag","embeddable":true,"href":"https:\/\/dzskin.com\/fr\/wp-json\/wp\/v2\/product_tag?post=3805"}],"curies":[{"name":"wp","href":"https:\/\/api.w.org\/{rel}","templated":true}]}}