{"id":3845,"date":"2024-09-11T18:16:57","date_gmt":"2024-09-11T18:16:57","guid":{"rendered":"https:\/\/dzskin.com\/?post_type=product&#038;p=3845"},"modified":"2025-10-27T10:39:25","modified_gmt":"2025-10-27T10:39:25","slug":"adobe-creative-cloud-all-apps-1-month","status":"publish","type":"product","link":"https:\/\/dzskin.com\/fr\/produit\/adobe-creative-cloud-all-apps-1-month\/","title":{"rendered":"Adobe Creative Cloud - Toutes les applications - 1 mois"},"content":{"rendered":"","protected":false},"excerpt":{"rendered":"<div class=\"flex-shrink-0 flex flex-col relative items-end\">\n<div class=\"pt-0\">\n<div class=\"gizmo-bot-avatar flex h-8 w-8 items-center justify-center overflow-hidden rounded-full\">\n<div class=\"relative p-1 rounded-sm flex items-center justify-center bg-token-main-surface-primary text-token-text-primary h-8 w-8\">\n<div class=\"flex-shrink-0 flex flex-col relative items-end\">\n<div class=\"pt-0\">\n<div class=\"gizmo-bot-avatar flex h-8 w-8 items-center justify-center overflow-hidden rounded-full\">\n<div class=\"relative p-1 rounded-sm flex items-center justify-center bg-token-main-surface-primary text-token-text-primary h-8 w-8\">\n<div class=\"flex-shrink-0 flex flex-col relative items-end\">\n<div class=\"pt-0\">\n<div class=\"gizmo-bot-avatar flex h-8 w-8 items-center justify-center overflow-hidden rounded-full\">\n<div class=\"relative p-1 rounded-sm flex items-center justify-center bg-token-main-surface-primary text-token-text-primary h-8 w-8\">Adobe Creative Cloud All Apps est une suite compl\u00e8te de plus de 20 applications performantes, dont Photoshop, Illustrator et Premiere Pro. Id\u00e9ale pour les cr\u00e9atifs de tous niveaux, elle propose des outils de conception graphique, de montage vid\u00e9o et bien plus encore, ainsi que des fonctions de stockage sur le cloud et de collaboration pour am\u00e9liorer vos projets cr\u00e9atifs.<\/div>\n<\/div>\n<\/div>\n<\/div>\n<div class=\"group\/conversation-turn relative flex w-full min-w-0 flex-col agent-turn\">\n<div class=\"flex-col gap-1 md:gap-3\">\n<div class=\"flex max-w-full flex-col flex-grow\">\n<div class=\"min-h-[20px] text-message flex w-full flex-col items-end gap-2 whitespace-normal break-words [.text-message+&amp;]:mt-5\" dir=\"auto\" data-message-author-role=\"assistant\" data-message-id=\"f5fe787c-63af-4ef9-b10c-9033738396c6\">\n<div class=\"flex w-full flex-col gap-1 empty:hidden first:pt-[3px]\">\n<div class=\"markdown prose w-full break-words dark:prose-invert dark\">\n<p><strong>Instructions :<\/strong><\/p>\n<p><strong>\u2705 L'abonnement est 100% original et authentique !<\/strong><\/p>\n<p><strong>\u2705 Le meilleur prix de tout l'internet ! <\/strong>(86,99 USD\/mois et 695,88 USD\/an sur Adobe)<\/p>\n<p><strong>\u2705 <\/strong>Toutes les applications sont incluses !<\/p>\n<p><strong>\u2705 <\/strong>Vous pouvez utiliser le compte sur un ou deux appareils en m\u00eame temps !<\/p>\n<p>\u2b55\ufe0f Le traitement des commandes prend quelques minutes pendant les heures ouvrables.<\/p>\n<p><strong>\u2705 B\u00e9n\u00e9ficiez d'un acc\u00e8s complet \u00e0 toutes les applications \u00e0 un prix abordable !<\/strong><\/p>\n<\/div>\n<\/div>\n<\/div>\n<\/div>\n<\/div>\n<\/div>\n<\/div>\n<\/div>\n<\/div>\n<\/div>\n<\/div>\n<\/div>\n<\/div>\n<\/div>","protected":false},"featured_media":6597,"comment_status":"open","ping_status":"closed","template":"","meta":{"iawp_total_views":1026},"product_brand":[],"product_cat":[27],"product_tag":[78,69],"class_list":{"0":"post-3845","1":"product","2":"type-product","3":"status-publish","4":"has-post-thumbnail","6":"product_cat-software","7":"product_tag-adobe","8":"product_tag-software","10":"first","11":"instock","12":"shipping-taxable","13":"purchasable","14":"product-type-variable"},"jetpack_sharing_enabled":true,"_links":{"self":[{"href":"https:\/\/dzskin.com\/fr\/wp-json\/wp\/v2\/product\/3845","targetHints":{"allow":["GET"]}}],"collection":[{"href":"https:\/\/dzskin.com\/fr\/wp-json\/wp\/v2\/product"}],"about":[{"href":"https:\/\/dzskin.com\/fr\/wp-json\/wp\/v2\/types\/product"}],"replies":[{"embeddable":true,"href":"https:\/\/dzskin.com\/fr\/wp-json\/wp\/v2\/comments?post=3845"}],"version-history":[{"count":18,"href":"https:\/\/dzskin.com\/fr\/wp-json\/wp\/v2\/product\/3845\/revisions"}],"predecessor-version":[{"id":6599,"href":"https:\/\/dzskin.com\/fr\/wp-json\/wp\/v2\/product\/3845\/revisions\/6599"}],"wp:featuredmedia":[{"embeddable":true,"href":"https:\/\/dzskin.com\/fr\/wp-json\/wp\/v2\/media\/6597"}],"wp:attachment":[{"href":"https:\/\/dzskin.com\/fr\/wp-json\/wp\/v2\/media?parent=3845"}],"wp:term":[{"taxonomy":"product_brand","embeddable":true,"href":"https:\/\/dzskin.com\/fr\/wp-json\/wp\/v2\/product_brand?post=3845"},{"taxonomy":"product_cat","embeddable":true,"href":"https:\/\/dzskin.com\/fr\/wp-json\/wp\/v2\/product_cat?post=3845"},{"taxonomy":"product_tag","embeddable":true,"href":"https:\/\/dzskin.com\/fr\/wp-json\/wp\/v2\/product_tag?post=3845"}],"curies":[{"name":"wp","href":"https:\/\/api.w.org\/{rel}","templated":true}]}}