{"id":3898,"date":"2024-09-14T20:10:26","date_gmt":"2024-09-14T20:10:26","guid":{"rendered":"https:\/\/dzskin.com\/?post_type=product&#038;p=3898"},"modified":"2025-03-29T13:57:48","modified_gmt":"2025-03-29T13:57:48","slug":"internet-download-manager","status":"publish","type":"product","link":"https:\/\/dzskin.com\/fr\/produit\/internet-download-manager\/","title":{"rendered":"Internet Download Manager - Licence \u00e0 vie"},"content":{"rendered":"","protected":false},"excerpt":{"rendered":"<p>Am\u00e9liorez vos t\u00e9l\u00e9chargements avec Internet Download Manager (IDM), un outil puissant con\u00e7u pour acc\u00e9l\u00e9rer et g\u00e9rer efficacement vos t\u00e9l\u00e9chargements de fichiers.<\/p>\n<p><strong>Instructions :<\/strong><\/p>\n<p><strong>\u2705 100% cl\u00e9s officielles<\/strong><\/p>\n<p><strong>\u2705 <\/strong>Activation \u00e0 vie (pour un seul appareil)<\/p>\n<p><strong>\u2705\u00a0<\/strong>Apr\u00e8s le paiement, vous recevrez une cl\u00e9 d'activation :\u00a0<strong>XXXXXXX-XXXXXXX-XXXXXXX<\/strong>.<\/p>\n<p><strong>\u2705\u00a0<\/strong>Activer la licence dans IDM - Internet Download Manager.<\/p>\n<p><strong>\u2705\u00a0<\/strong>La licence est valable dans le monde entier, dans n'importe quel pays.<\/p>\n<p><strong>\u2705\u00a0<\/strong>Profitez d'un produit original \u00e0 un prix consid\u00e9rablement r\u00e9duit !<\/p>\n<p>\u2b55\ufe0f Le traitement des commandes prend entre\u00a0<strong>30 minutes et quelques heures<\/strong>. Si la commande n'est pas ex\u00e9cut\u00e9e dans le d\u00e9lai de\u00a0<strong>24 heures<\/strong>un remboursement sera automatiquement effectu\u00e9 au client.<\/p>","protected":false},"featured_media":3901,"comment_status":"open","ping_status":"closed","template":"","meta":{"iawp_total_views":136},"product_brand":[],"product_cat":[27],"product_tag":[69],"class_list":{"0":"post-3898","1":"product","2":"type-product","3":"status-publish","4":"has-post-thumbnail","6":"product_cat-software","7":"product_tag-software","9":"first","10":"instock","11":"virtual","12":"purchasable","13":"product-type-simple"},"jetpack_sharing_enabled":true,"_links":{"self":[{"href":"https:\/\/dzskin.com\/fr\/wp-json\/wp\/v2\/product\/3898","targetHints":{"allow":["GET"]}}],"collection":[{"href":"https:\/\/dzskin.com\/fr\/wp-json\/wp\/v2\/product"}],"about":[{"href":"https:\/\/dzskin.com\/fr\/wp-json\/wp\/v2\/types\/product"}],"replies":[{"embeddable":true,"href":"https:\/\/dzskin.com\/fr\/wp-json\/wp\/v2\/comments?post=3898"}],"version-history":[{"count":7,"href":"https:\/\/dzskin.com\/fr\/wp-json\/wp\/v2\/product\/3898\/revisions"}],"predecessor-version":[{"id":4896,"href":"https:\/\/dzskin.com\/fr\/wp-json\/wp\/v2\/product\/3898\/revisions\/4896"}],"wp:featuredmedia":[{"embeddable":true,"href":"https:\/\/dzskin.com\/fr\/wp-json\/wp\/v2\/media\/3901"}],"wp:attachment":[{"href":"https:\/\/dzskin.com\/fr\/wp-json\/wp\/v2\/media?parent=3898"}],"wp:term":[{"taxonomy":"product_brand","embeddable":true,"href":"https:\/\/dzskin.com\/fr\/wp-json\/wp\/v2\/product_brand?post=3898"},{"taxonomy":"product_cat","embeddable":true,"href":"https:\/\/dzskin.com\/fr\/wp-json\/wp\/v2\/product_cat?post=3898"},{"taxonomy":"product_tag","embeddable":true,"href":"https:\/\/dzskin.com\/fr\/wp-json\/wp\/v2\/product_tag?post=3898"}],"curies":[{"name":"wp","href":"https:\/\/api.w.org\/{rel}","templated":true}]}}