{"id":4205,"date":"2024-10-12T01:46:05","date_gmt":"2024-10-12T01:46:05","guid":{"rendered":"https:\/\/dzskin.com\/?post_type=product&#038;p=4205"},"modified":"2025-03-29T13:59:32","modified_gmt":"2025-03-29T13:59:32","slug":"jetbrains","status":"publish","type":"product","link":"https:\/\/dzskin.com\/fr\/produit\/jetbrains\/","title":{"rendered":"JetBrains Tous les produits - 1 an"},"content":{"rendered":"","protected":false},"excerpt":{"rendered":"<p>Lib\u00e9rez votre potentiel de codage avec JetBrains, un environnement de d\u00e9veloppement int\u00e9gr\u00e9 con\u00e7u pour les d\u00e9veloppeurs de tous niveaux afin d'\u00e9crire, de d\u00e9boguer et d'optimiser le code de mani\u00e8re transparente.<\/p>\n<p><strong>Instructions :<\/strong><\/p>\n<p><strong>\u2705 100% compte officiel.<\/strong><\/p>\n<p><strong>\u2705 <\/strong>Apr\u00e8s le paiement, vous recevrez un nouveau compte JetBrains (email\/mot de passe).<\/p>\n<p><strong>\u2705 <\/strong>Tous les produits JetBrains seront disponibles. (Licence officielle d'\u00e9ducation)<\/p>\n<p><strong>\u2705 <\/strong>La licence \u00e9ducative comprend les 17 produits : CLion, DataGrip, DataSpell, dotCover, dotMemory, dotTrace, GoLand, IntelliJ IDEA Ultimate, PhpStorm, PyCharm, ReSharper, ReSharper C++, Rider, RubyMine, WebStorm.<\/p>\n<p><strong>\u2705 <\/strong>Disponible dans le monde entier, dans n'importe quel pays.<\/p>\n<p><strong>\u2705\u00a0<\/strong>Profitez d'un produit original \u00e0 un prix consid\u00e9rablement r\u00e9duit !<\/p>\n<p>\u2b55\ufe0f Le traitement des commandes prend entre\u00a0<strong>1 et quelques heures<\/strong>. Si la commande n'est pas ex\u00e9cut\u00e9e dans le d\u00e9lai de\u00a0<strong>24 heures<\/strong>un remboursement sera automatiquement effectu\u00e9 au client.<\/p>","protected":false},"featured_media":4206,"comment_status":"open","ping_status":"closed","template":"","meta":{"iawp_total_views":74},"product_brand":[],"product_cat":[27],"product_tag":[69],"class_list":{"0":"post-4205","1":"product","2":"type-product","3":"status-publish","4":"has-post-thumbnail","6":"product_cat-software","7":"product_tag-software","9":"first","10":"instock","11":"virtual","12":"purchasable","13":"product-type-simple"},"jetpack_sharing_enabled":true,"_links":{"self":[{"href":"https:\/\/dzskin.com\/fr\/wp-json\/wp\/v2\/product\/4205","targetHints":{"allow":["GET"]}}],"collection":[{"href":"https:\/\/dzskin.com\/fr\/wp-json\/wp\/v2\/product"}],"about":[{"href":"https:\/\/dzskin.com\/fr\/wp-json\/wp\/v2\/types\/product"}],"replies":[{"embeddable":true,"href":"https:\/\/dzskin.com\/fr\/wp-json\/wp\/v2\/comments?post=4205"}],"version-history":[{"count":4,"href":"https:\/\/dzskin.com\/fr\/wp-json\/wp\/v2\/product\/4205\/revisions"}],"predecessor-version":[{"id":4969,"href":"https:\/\/dzskin.com\/fr\/wp-json\/wp\/v2\/product\/4205\/revisions\/4969"}],"wp:featuredmedia":[{"embeddable":true,"href":"https:\/\/dzskin.com\/fr\/wp-json\/wp\/v2\/media\/4206"}],"wp:attachment":[{"href":"https:\/\/dzskin.com\/fr\/wp-json\/wp\/v2\/media?parent=4205"}],"wp:term":[{"taxonomy":"product_brand","embeddable":true,"href":"https:\/\/dzskin.com\/fr\/wp-json\/wp\/v2\/product_brand?post=4205"},{"taxonomy":"product_cat","embeddable":true,"href":"https:\/\/dzskin.com\/fr\/wp-json\/wp\/v2\/product_cat?post=4205"},{"taxonomy":"product_tag","embeddable":true,"href":"https:\/\/dzskin.com\/fr\/wp-json\/wp\/v2\/product_tag?post=4205"}],"curies":[{"name":"wp","href":"https:\/\/api.w.org\/{rel}","templated":true}]}}