{"id":4210,"date":"2024-10-12T02:04:39","date_gmt":"2024-10-12T02:04:39","guid":{"rendered":"https:\/\/dzskin.com\/?post_type=product&#038;p=4210"},"modified":"2025-03-29T14:09:43","modified_gmt":"2025-03-29T14:09:43","slug":"windows-11-10-home-official-license-life-time","status":"publish","type":"product","link":"https:\/\/dzskin.com\/fr\/produit\/windows-11-10-home-official-license-life-time\/","title":{"rendered":"Windows 11\/10 Home - Licence officielle - \u00e0 vie"},"content":{"rendered":"","protected":false},"excerpt":{"rendered":"<p>Am\u00e9liorez votre exp\u00e9rience informatique avec Windows 11, le dernier syst\u00e8me d'exploitation de Microsoft con\u00e7u pour offrir une interface utilisateur moderne, intuitive et puissante.<\/p>\n<p><strong>Instructions :<\/strong><\/p>\n<p><strong>\u2705 100% cl\u00e9s officielles<\/strong><\/p>\n<p><strong>\u2705\u00a0<\/strong>Apr\u00e8s le paiement, vous recevrez une cl\u00e9 d'activation : XXXXX-XXXXX-XXXXX-XXXXX-XXXXX.<\/p>\n<p><strong>\u2705 <\/strong>Connectez la cl\u00e9 \u00e0 votre compte Microsoft.<\/p>\n<p><strong>\u2705\u00a0<\/strong>La licence est valable dans le monde entier et dans n'importe quel pays.<\/p>\n<p><strong>\u2705 <\/strong>Compatible avec les syst\u00e8mes x86 et x64.<\/p>\n<p><strong>\u2705 <\/strong>Prise en charge de toutes les langues<\/p>\n<p>\u2b55\ufe0f Cette touche n'active que <strong>Windows 11 Home. <\/strong>Ne l'utilisez pas pour activer d'autres versions, telles que Pro, Enterprise ou autres.<\/p>\n<p><strong>\u2705 <\/strong>Activez votre Windows 11 maintenant pour un prix tr\u00e8s bas !<\/p>\n<p>\u2b55\ufe0f Le traitement des commandes prend entre\u00a0<strong>30 minutes et quelques heures<\/strong>. Si la commande n'est pas ex\u00e9cut\u00e9e dans le d\u00e9lai de\u00a0<strong>24 heures<\/strong>un remboursement sera automatiquement effectu\u00e9 au client.<\/p>","protected":false},"featured_media":4219,"comment_status":"open","ping_status":"closed","template":"","meta":{"iawp_total_views":36},"product_brand":[],"product_cat":[27],"product_tag":[69],"class_list":{"0":"post-4210","1":"product","2":"type-product","3":"status-publish","4":"has-post-thumbnail","6":"product_cat-software","7":"product_tag-software","9":"first","10":"instock","11":"sale","12":"virtual","13":"purchasable","14":"product-type-simple"},"jetpack_sharing_enabled":true,"_links":{"self":[{"href":"https:\/\/dzskin.com\/fr\/wp-json\/wp\/v2\/product\/4210","targetHints":{"allow":["GET"]}}],"collection":[{"href":"https:\/\/dzskin.com\/fr\/wp-json\/wp\/v2\/product"}],"about":[{"href":"https:\/\/dzskin.com\/fr\/wp-json\/wp\/v2\/types\/product"}],"replies":[{"embeddable":true,"href":"https:\/\/dzskin.com\/fr\/wp-json\/wp\/v2\/comments?post=4210"}],"version-history":[{"count":2,"href":"https:\/\/dzskin.com\/fr\/wp-json\/wp\/v2\/product\/4210\/revisions"}],"predecessor-version":[{"id":4880,"href":"https:\/\/dzskin.com\/fr\/wp-json\/wp\/v2\/product\/4210\/revisions\/4880"}],"wp:featuredmedia":[{"embeddable":true,"href":"https:\/\/dzskin.com\/fr\/wp-json\/wp\/v2\/media\/4219"}],"wp:attachment":[{"href":"https:\/\/dzskin.com\/fr\/wp-json\/wp\/v2\/media?parent=4210"}],"wp:term":[{"taxonomy":"product_brand","embeddable":true,"href":"https:\/\/dzskin.com\/fr\/wp-json\/wp\/v2\/product_brand?post=4210"},{"taxonomy":"product_cat","embeddable":true,"href":"https:\/\/dzskin.com\/fr\/wp-json\/wp\/v2\/product_cat?post=4210"},{"taxonomy":"product_tag","embeddable":true,"href":"https:\/\/dzskin.com\/fr\/wp-json\/wp\/v2\/product_tag?post=4210"}],"curies":[{"name":"wp","href":"https:\/\/api.w.org\/{rel}","templated":true}]}}