{"id":4225,"date":"2024-10-12T20:55:21","date_gmt":"2024-10-12T20:55:21","guid":{"rendered":"https:\/\/dzskin.com\/?post_type=product&#038;p=4225"},"modified":"2025-03-29T14:08:48","modified_gmt":"2025-03-29T14:08:48","slug":"nod32-internet-security-1year","status":"publish","type":"product","link":"https:\/\/dzskin.com\/fr\/produit\/nod32-internet-security-1year\/","title":{"rendered":"NOD32 Internet Security - 1 an"},"content":{"rendered":"","protected":false},"excerpt":{"rendered":"<p>Prot\u00e9gez votre exp\u00e9rience en ligne avec NOD32 Internet Security, une suite de s\u00e9curit\u00e9 compl\u00e8te con\u00e7ue pour prot\u00e9ger vos appareils contre un large \u00e9ventail de cybermenaces tout en am\u00e9liorant votre vie num\u00e9rique.<\/p>\n<p><strong>Instructions :<\/strong><\/p>\n<p><strong>\u2705 Ces cl\u00e9s sont originales 100%<\/strong><\/p>\n<p><strong>\u2705 <\/strong>Vous recevrez une cl\u00e9 d'activation au format <strong>XXXX-XXXX-XXXX-XXXX-XXXX<\/strong>.<\/p>\n<p><strong>\u2705<\/strong>L'activation est limit\u00e9e \u00e0 un seul appareil.<\/p>\n<p><strong>\u2b55\ufe0f Avant l'activation<\/strong>: D\u00e9connectez-vous de votre compte personnel ESET Home dans le programme ESET si vous en avez un.<\/p>\n<p><strong>\u2b55\ufe0f Processus d'activation<\/strong>: Saisissez le code directement dans le programme antivirus. Ne le saisissez pas sur le site web et ne l'ajoutez pas \u00e0 votre compte ESET Home. L'activation doit se faire sans compte ESET Home.<\/p>\n<p><strong>\u2b55\ufe0f Apr\u00e8s l'activation, il vous sera demand\u00e9 de connecter votre appareil \u00e0 un compte ESET HOME, choisissez \"Ne plus me rappeler\"<\/strong><\/p>\n<p><strong>\u2b55\ufe0f La cl\u00e9 d'activation ne peut \u00eatre utilis\u00e9e qu'une seule fois !<\/strong><\/p>\n<p><strong>\u2705 <\/strong>Voici un lien pour t\u00e9l\u00e9charger la derni\u00e8re version de Nod32 Internet Security : <a href=\"https:\/\/www.techspot.com\/downloads\/5736-eset-smart-security.html\" target=\"_blank\" rel=\"noopener\">https:\/\/www.techspot.com\/downloads\/5736-eset-smart-security.html<\/a><\/p>\n<p><strong>\u2705 <\/strong>Prot\u00e9gez votre monde num\u00e9rique \u00e0 un prix tr\u00e8s avantageux !<\/p>\n<p>\u2b55\ufe0f Le traitement des commandes prend entre\u00a0<strong>30 minutes et quelques heures<\/strong>. Si la commande n'est pas ex\u00e9cut\u00e9e dans le d\u00e9lai de\u00a0<strong>24 heures<\/strong>un remboursement sera automatiquement effectu\u00e9 au client.<\/p>","protected":false},"featured_media":4253,"comment_status":"open","ping_status":"closed","template":"","meta":{"iawp_total_views":24},"product_brand":[],"product_cat":[27],"product_tag":[70,69],"class_list":{"0":"post-4225","1":"product","2":"type-product","3":"status-publish","4":"has-post-thumbnail","6":"product_cat-software","7":"product_tag-antivirus","8":"product_tag-software","10":"first","11":"instock","12":"sale","13":"virtual","14":"purchasable","15":"product-type-simple"},"jetpack_sharing_enabled":true,"_links":{"self":[{"href":"https:\/\/dzskin.com\/fr\/wp-json\/wp\/v2\/product\/4225","targetHints":{"allow":["GET"]}}],"collection":[{"href":"https:\/\/dzskin.com\/fr\/wp-json\/wp\/v2\/product"}],"about":[{"href":"https:\/\/dzskin.com\/fr\/wp-json\/wp\/v2\/types\/product"}],"replies":[{"embeddable":true,"href":"https:\/\/dzskin.com\/fr\/wp-json\/wp\/v2\/comments?post=4225"}],"version-history":[{"count":10,"href":"https:\/\/dzskin.com\/fr\/wp-json\/wp\/v2\/product\/4225\/revisions"}],"predecessor-version":[{"id":5224,"href":"https:\/\/dzskin.com\/fr\/wp-json\/wp\/v2\/product\/4225\/revisions\/5224"}],"wp:featuredmedia":[{"embeddable":true,"href":"https:\/\/dzskin.com\/fr\/wp-json\/wp\/v2\/media\/4253"}],"wp:attachment":[{"href":"https:\/\/dzskin.com\/fr\/wp-json\/wp\/v2\/media?parent=4225"}],"wp:term":[{"taxonomy":"product_brand","embeddable":true,"href":"https:\/\/dzskin.com\/fr\/wp-json\/wp\/v2\/product_brand?post=4225"},{"taxonomy":"product_cat","embeddable":true,"href":"https:\/\/dzskin.com\/fr\/wp-json\/wp\/v2\/product_cat?post=4225"},{"taxonomy":"product_tag","embeddable":true,"href":"https:\/\/dzskin.com\/fr\/wp-json\/wp\/v2\/product_tag?post=4225"}],"curies":[{"name":"wp","href":"https:\/\/api.w.org\/{rel}","templated":true}]}}