{"id":4228,"date":"2024-10-12T21:08:20","date_gmt":"2024-10-12T21:08:20","guid":{"rendered":"https:\/\/dzskin.com\/?post_type=product&#038;p=4228"},"modified":"2025-03-29T14:08:56","modified_gmt":"2025-03-29T14:08:56","slug":"nod32-antivirus-1-year","status":"publish","type":"product","link":"https:\/\/dzskin.com\/fr\/produit\/nod32-antivirus-1-year\/","title":{"rendered":"NOD32 Antivirus - 1 an"},"content":{"rendered":"","protected":false},"excerpt":{"rendered":"<div class=\"flex max-w-full flex-col flex-grow\">\n<div class=\"min-h-8 text-message flex w-full flex-col items-end gap-2 whitespace-normal break-words [.text-message+&amp;]:mt-5\" dir=\"auto\" data-message-author-role=\"assistant\" data-message-id=\"150021c4-3c15-49c9-a45f-23a66af072d4\" data-message-model-slug=\"gpt-4o-mini\">\n<div class=\"flex w-full flex-col gap-1 empty:hidden first:pt-[3px]\">\n<div class=\"markdown prose w-full break-words dark:prose-invert dark\">\n<p>Prot\u00e9gez votre vie num\u00e9rique avec NOD32 Antivirus, une solution de s\u00e9curit\u00e9 prim\u00e9e con\u00e7ue pour offrir une protection rapide et efficace contre les logiciels malveillants sans vous ralentir.<\/p>\n<p><strong>Instructions :<\/strong><\/p>\n<p><strong>\u2705 Ces cl\u00e9s sont originales 100%<\/strong><\/p>\n<p><strong>\u2705 <\/strong>Vous recevrez une cl\u00e9 d'activation au format <strong>XXXX-XXXX-XXXX-XXXX-XXXX<\/strong>.<\/p>\n<p><strong>\u2705<\/strong>L'activation est limit\u00e9e \u00e0 un seul appareil.<\/p>\n<p><strong>\u2b55\ufe0f Avant l'activation<\/strong>: D\u00e9connectez-vous de votre compte personnel ESET Home dans le programme ESET si vous en avez un.<\/p>\n<p><strong>\u2b55\ufe0f Processus d'activation<\/strong>: Saisissez le code directement dans le programme antivirus. Ne le saisissez pas sur le site web et ne l'ajoutez pas \u00e0 votre compte ESET Home. L'activation doit se faire sans compte ESET Home.<\/p>\n<p><strong>\u2b55\ufe0f Apr\u00e8s l'activation, il vous sera demand\u00e9 de connecter votre appareil \u00e0 un compte ESET HOME, choisissez \"Ne plus me rappeler\"<\/strong><\/p>\n<p><strong>\u2b55\ufe0f La cl\u00e9 d'activation ne peut \u00eatre utilis\u00e9e qu'une seule fois !<\/strong><\/p>\n<p><strong>\u2705 <\/strong>Voici un lien pour t\u00e9l\u00e9charger la derni\u00e8re version de Nod32 Antivirus : <a href=\"https:\/\/www.techspot.com\/downloads\/4320-nod32-antivirus-system.html\" target=\"_blank\" rel=\"noopener\">https:\/\/www.techspot.com\/downloads\/4320-nod32-antivirus-system.html<\/a><\/p>\n<p><strong>\u2705 <\/strong>Prot\u00e9gez votre monde num\u00e9rique \u00e0 un prix tr\u00e8s avantageux !<\/p>\n<p>\u2b55\ufe0f Le traitement des commandes prend entre\u00a0<strong>30 minutes et quelques heures<\/strong>. Si la commande n'est pas ex\u00e9cut\u00e9e dans le d\u00e9lai de\u00a0<strong>24 heures<\/strong>un remboursement sera automatiquement effectu\u00e9 au client.<\/p>\n<\/div>\n<\/div>\n<\/div>\n<\/div>","protected":false},"featured_media":4252,"comment_status":"open","ping_status":"closed","template":"","meta":{"iawp_total_views":13},"product_brand":[],"product_cat":[27],"product_tag":[70,69],"class_list":{"0":"post-4228","1":"product","2":"type-product","3":"status-publish","4":"has-post-thumbnail","6":"product_cat-software","7":"product_tag-antivirus","8":"product_tag-software","10":"first","11":"instock","12":"sale","13":"virtual","14":"purchasable","15":"product-type-simple"},"jetpack_sharing_enabled":true,"_links":{"self":[{"href":"https:\/\/dzskin.com\/fr\/wp-json\/wp\/v2\/product\/4228","targetHints":{"allow":["GET"]}}],"collection":[{"href":"https:\/\/dzskin.com\/fr\/wp-json\/wp\/v2\/product"}],"about":[{"href":"https:\/\/dzskin.com\/fr\/wp-json\/wp\/v2\/types\/product"}],"replies":[{"embeddable":true,"href":"https:\/\/dzskin.com\/fr\/wp-json\/wp\/v2\/comments?post=4228"}],"version-history":[{"count":7,"href":"https:\/\/dzskin.com\/fr\/wp-json\/wp\/v2\/product\/4228\/revisions"}],"predecessor-version":[{"id":4884,"href":"https:\/\/dzskin.com\/fr\/wp-json\/wp\/v2\/product\/4228\/revisions\/4884"}],"wp:featuredmedia":[{"embeddable":true,"href":"https:\/\/dzskin.com\/fr\/wp-json\/wp\/v2\/media\/4252"}],"wp:attachment":[{"href":"https:\/\/dzskin.com\/fr\/wp-json\/wp\/v2\/media?parent=4228"}],"wp:term":[{"taxonomy":"product_brand","embeddable":true,"href":"https:\/\/dzskin.com\/fr\/wp-json\/wp\/v2\/product_brand?post=4228"},{"taxonomy":"product_cat","embeddable":true,"href":"https:\/\/dzskin.com\/fr\/wp-json\/wp\/v2\/product_cat?post=4228"},{"taxonomy":"product_tag","embeddable":true,"href":"https:\/\/dzskin.com\/fr\/wp-json\/wp\/v2\/product_tag?post=4228"}],"curies":[{"name":"wp","href":"https:\/\/api.w.org\/{rel}","templated":true}]}}