{"id":4234,"date":"2024-10-12T22:42:30","date_gmt":"2024-10-12T22:42:30","guid":{"rendered":"https:\/\/dzskin.com\/?post_type=product&#038;p=4234"},"modified":"2025-03-29T14:17:22","modified_gmt":"2025-03-29T14:17:22","slug":"windscribe-vpn-pro","status":"publish","type":"product","link":"https:\/\/dzskin.com\/fr\/produit\/windscribe-vpn-pro\/","title":{"rendered":"Windscribe VPN PRO - Global Unlimited - 1 an"},"content":{"rendered":"","protected":false},"excerpt":{"rendered":"<p>Am\u00e9liorez votre confidentialit\u00e9 en ligne avec Windscribe VPN Pro, une solution robuste de r\u00e9seau priv\u00e9 virtuel con\u00e7ue pour les utilisateurs qui accordent de l'importance \u00e0 la s\u00e9curit\u00e9 et \u00e0 la vitesse lorsqu'ils naviguent sur le Web.<\/p>\n<p><strong>Instructions :<\/strong><\/p>\n<p><strong>\u2705 <\/strong>Vous recevrez un compte Windscribe VPN PRO (nom d'utilisateur\/mot de passe) avec un abonnement premium.<\/p>\n<p><strong>\u2705 <\/strong>Tous les comptes sont libres de tout verrou et de toute restriction.<\/p>\n<p><strong>\u2705 <\/strong>Travailler \u00e0 Woldwide !<\/p>\n<p><strong>\u2705 <\/strong>La possibilit\u00e9 d'utiliser plusieurs appareils en m\u00eame temps.<\/p>\n<p><strong>\u2705 <\/strong>Compatible avec : ordinateurs, t\u00e9l\u00e9phones et tablettes.<\/p>\n<p>\u2b55\ufe0f Le traitement des commandes prend entre\u00a0<strong>30 minutes et quelques heures<\/strong>. Si la commande n'est pas ex\u00e9cut\u00e9e dans le d\u00e9lai de\u00a0<strong>24 heures<\/strong>un remboursement sera automatiquement effectu\u00e9 au client.<\/p>","protected":false},"featured_media":4833,"comment_status":"open","ping_status":"closed","template":"","meta":{"iawp_total_views":36},"product_brand":[],"product_cat":[27],"product_tag":[69],"class_list":{"0":"post-4234","1":"product","2":"type-product","3":"status-publish","4":"has-post-thumbnail","6":"product_cat-software","7":"product_tag-software","9":"first","10":"instock","11":"sale","12":"virtual","13":"purchasable","14":"product-type-simple"},"jetpack_sharing_enabled":true,"_links":{"self":[{"href":"https:\/\/dzskin.com\/fr\/wp-json\/wp\/v2\/product\/4234","targetHints":{"allow":["GET"]}}],"collection":[{"href":"https:\/\/dzskin.com\/fr\/wp-json\/wp\/v2\/product"}],"about":[{"href":"https:\/\/dzskin.com\/fr\/wp-json\/wp\/v2\/types\/product"}],"replies":[{"embeddable":true,"href":"https:\/\/dzskin.com\/fr\/wp-json\/wp\/v2\/comments?post=4234"}],"version-history":[{"count":5,"href":"https:\/\/dzskin.com\/fr\/wp-json\/wp\/v2\/product\/4234\/revisions"}],"predecessor-version":[{"id":4892,"href":"https:\/\/dzskin.com\/fr\/wp-json\/wp\/v2\/product\/4234\/revisions\/4892"}],"wp:featuredmedia":[{"embeddable":true,"href":"https:\/\/dzskin.com\/fr\/wp-json\/wp\/v2\/media\/4833"}],"wp:attachment":[{"href":"https:\/\/dzskin.com\/fr\/wp-json\/wp\/v2\/media?parent=4234"}],"wp:term":[{"taxonomy":"product_brand","embeddable":true,"href":"https:\/\/dzskin.com\/fr\/wp-json\/wp\/v2\/product_brand?post=4234"},{"taxonomy":"product_cat","embeddable":true,"href":"https:\/\/dzskin.com\/fr\/wp-json\/wp\/v2\/product_cat?post=4234"},{"taxonomy":"product_tag","embeddable":true,"href":"https:\/\/dzskin.com\/fr\/wp-json\/wp\/v2\/product_tag?post=4234"}],"curies":[{"name":"wp","href":"https:\/\/api.w.org\/{rel}","templated":true}]}}