{"id":4254,"date":"2024-10-13T23:06:36","date_gmt":"2024-10-13T23:06:36","guid":{"rendered":"https:\/\/dzskin.com\/?post_type=product&#038;p=4254"},"modified":"2025-03-29T14:09:26","modified_gmt":"2025-03-29T14:09:26","slug":"voicemod","status":"publish","type":"product","link":"https:\/\/dzskin.com\/fr\/produit\/voicemod\/","title":{"rendered":"VoiceMod Pro - \u00e0 vie"},"content":{"rendered":"","protected":false},"excerpt":{"rendered":"<p>Transformez votre exp\u00e9rience audio avec VoiceMod Pro, l'ultime changeur de voix et soundboard con\u00e7u pour les joueurs, les streamers et les cr\u00e9ateurs de contenu qui recherchent la cr\u00e9ativit\u00e9 et le plaisir dans leurs interactions audio.<\/p>\n<p><strong>Instructions :<\/strong><\/p>\n<p><strong>\u2705 <\/strong>100% activation officielle<\/p>\n<p><strong>\u2705 <\/strong>Valable dans le monde entier, dans n'importe quel pays.<\/p>\n<p><strong>\u2705 <\/strong>Activation de votre propre compte \u00e0 l'aide de votre propre adresse \u00e9lectronique.<\/p>\n<p><strong>\u2705 <\/strong>Une fois le paiement effectu\u00e9, veuillez communiquer l'adresse e-mail que vous souhaitez utiliser pour activer Voicemod PRO.<\/p>\n<p>\u2b55\ufe0f Le traitement des commandes prend entre\u00a0<strong>1 et quelques heures<\/strong>. Si la commande n'est pas ex\u00e9cut\u00e9e dans le d\u00e9lai de\u00a0<strong>24 heures<\/strong>un remboursement sera automatiquement effectu\u00e9 au client.<\/p>","protected":false},"featured_media":4255,"comment_status":"open","ping_status":"closed","template":"","meta":{"iawp_total_views":124},"product_brand":[],"product_cat":[27],"product_tag":[69],"class_list":{"0":"post-4254","1":"product","2":"type-product","3":"status-publish","4":"has-post-thumbnail","6":"product_cat-software","7":"product_tag-software","9":"first","10":"instock","11":"sale","12":"virtual","13":"purchasable","14":"product-type-simple"},"jetpack_sharing_enabled":true,"_links":{"self":[{"href":"https:\/\/dzskin.com\/fr\/wp-json\/wp\/v2\/product\/4254","targetHints":{"allow":["GET"]}}],"collection":[{"href":"https:\/\/dzskin.com\/fr\/wp-json\/wp\/v2\/product"}],"about":[{"href":"https:\/\/dzskin.com\/fr\/wp-json\/wp\/v2\/types\/product"}],"replies":[{"embeddable":true,"href":"https:\/\/dzskin.com\/fr\/wp-json\/wp\/v2\/comments?post=4254"}],"version-history":[{"count":5,"href":"https:\/\/dzskin.com\/fr\/wp-json\/wp\/v2\/product\/4254\/revisions"}],"predecessor-version":[{"id":5360,"href":"https:\/\/dzskin.com\/fr\/wp-json\/wp\/v2\/product\/4254\/revisions\/5360"}],"wp:featuredmedia":[{"embeddable":true,"href":"https:\/\/dzskin.com\/fr\/wp-json\/wp\/v2\/media\/4255"}],"wp:attachment":[{"href":"https:\/\/dzskin.com\/fr\/wp-json\/wp\/v2\/media?parent=4254"}],"wp:term":[{"taxonomy":"product_brand","embeddable":true,"href":"https:\/\/dzskin.com\/fr\/wp-json\/wp\/v2\/product_brand?post=4254"},{"taxonomy":"product_cat","embeddable":true,"href":"https:\/\/dzskin.com\/fr\/wp-json\/wp\/v2\/product_cat?post=4254"},{"taxonomy":"product_tag","embeddable":true,"href":"https:\/\/dzskin.com\/fr\/wp-json\/wp\/v2\/product_tag?post=4254"}],"curies":[{"name":"wp","href":"https:\/\/api.w.org\/{rel}","templated":true}]}}