{"id":4303,"date":"2024-10-17T10:14:29","date_gmt":"2024-10-17T10:14:29","guid":{"rendered":"https:\/\/dzskin.com\/?post_type=product&#038;p=4303"},"modified":"2024-10-31T10:43:42","modified_gmt":"2024-10-31T10:43:42","slug":"google-account","status":"publish","type":"product","link":"https:\/\/dzskin.com\/fr\/produit\/google-account\/","title":{"rendered":"Google - Comptes Gmail"},"content":{"rendered":"","protected":false},"excerpt":{"rendered":"<div class=\"flex max-w-full flex-col flex-grow\">\n<div class=\"min-h-8 text-message flex w-full flex-col items-end gap-2 whitespace-normal break-words [.text-message+&amp;]:mt-5\" dir=\"auto\" data-message-author-role=\"assistant\" data-message-id=\"d4e6aeb2-20a6-44a6-b7dd-b03e8a40c225\" data-message-model-slug=\"gpt-4o-mini\">\n<div class=\"flex w-full flex-col gap-1 empty:hidden first:pt-[3px]\">\n<div class=\"markdown prose w-full break-words dark:prose-invert light\">\n<p>Le compte Google est une solution tout-en-un con\u00e7ue pour les utilisateurs \u00e0 la recherche d'efficacit\u00e9, de collaboration et de s\u00e9curit\u00e9 pour leurs activit\u00e9s en ligne.<\/p>\n<p><strong>Instructions :<\/strong><\/p>\n<p>\u2705 Apr\u00e8s le paiement, vous recevrez un compte Google au format Gmail\/mot de passe.<\/p>\n<p>\u2705 Aucun courriel de r\u00e9cup\u00e9ration n'est associ\u00e9 au compte.<\/p>\n<p>\u2705 Aucun num\u00e9ro de t\u00e9l\u00e9phone n'est associ\u00e9 au compte.<\/p>\n<p>\u2705 Obtenez un nouveau compte Google pour pas cher !<\/p>\n<p>\u2b55\ufe0f Le traitement des commandes prend entre\u00a0<strong>1 et quelques heures<\/strong>. Si la commande n'est pas ex\u00e9cut\u00e9e dans le d\u00e9lai de\u00a0<strong>24 heures<\/strong>un remboursement sera automatiquement effectu\u00e9 au client.<\/p>\n<p>&nbsp;<\/p>\n<p>&nbsp;<\/p>\n<p>&nbsp;<\/p>\n<\/div>\n<\/div>\n<\/div>\n<\/div>\n<div class=\"mb-2 flex gap-3 empty:hidden -ml-2\"><\/div>","protected":false},"featured_media":4307,"comment_status":"open","ping_status":"closed","template":"","meta":{"iawp_total_views":52},"product_brand":[],"product_cat":[27],"product_tag":[69],"class_list":{"0":"post-4303","1":"product","2":"type-product","3":"status-publish","4":"has-post-thumbnail","6":"product_cat-software","7":"product_tag-software","9":"first","10":"instock","11":"sale","12":"virtual","13":"purchasable","14":"product-type-simple"},"jetpack_sharing_enabled":true,"_links":{"self":[{"href":"https:\/\/dzskin.com\/fr\/wp-json\/wp\/v2\/product\/4303","targetHints":{"allow":["GET"]}}],"collection":[{"href":"https:\/\/dzskin.com\/fr\/wp-json\/wp\/v2\/product"}],"about":[{"href":"https:\/\/dzskin.com\/fr\/wp-json\/wp\/v2\/types\/product"}],"replies":[{"embeddable":true,"href":"https:\/\/dzskin.com\/fr\/wp-json\/wp\/v2\/comments?post=4303"}],"version-history":[{"count":7,"href":"https:\/\/dzskin.com\/fr\/wp-json\/wp\/v2\/product\/4303\/revisions"}],"predecessor-version":[{"id":4868,"href":"https:\/\/dzskin.com\/fr\/wp-json\/wp\/v2\/product\/4303\/revisions\/4868"}],"wp:featuredmedia":[{"embeddable":true,"href":"https:\/\/dzskin.com\/fr\/wp-json\/wp\/v2\/media\/4307"}],"wp:attachment":[{"href":"https:\/\/dzskin.com\/fr\/wp-json\/wp\/v2\/media?parent=4303"}],"wp:term":[{"taxonomy":"product_brand","embeddable":true,"href":"https:\/\/dzskin.com\/fr\/wp-json\/wp\/v2\/product_brand?post=4303"},{"taxonomy":"product_cat","embeddable":true,"href":"https:\/\/dzskin.com\/fr\/wp-json\/wp\/v2\/product_cat?post=4303"},{"taxonomy":"product_tag","embeddable":true,"href":"https:\/\/dzskin.com\/fr\/wp-json\/wp\/v2\/product_tag?post=4303"}],"curies":[{"name":"wp","href":"https:\/\/api.w.org\/{rel}","templated":true}]}}