{"id":4320,"date":"2024-10-18T11:05:33","date_gmt":"2024-10-18T11:05:33","guid":{"rendered":"https:\/\/dzskin.com\/?post_type=product&#038;p=4320"},"modified":"2025-01-21T13:43:14","modified_gmt":"2025-01-21T13:43:14","slug":"scribd-1month","status":"publish","type":"product","link":"https:\/\/dzskin.com\/fr\/produit\/scribd-1month\/","title":{"rendered":"Compte Premium Scribd - 1 mois"},"content":{"rendered":"","protected":false},"excerpt":{"rendered":"<p>Scribd Premium est un service d'abonnement offrant un acc\u00e8s illimit\u00e9 aux livres \u00e9lectroniques et aux livres audio, permettant aux utilisateurs de lire et d'\u00e9couter sur tous les appareils.<\/p>\n<p><strong>Instructions :<\/strong><\/p>\n<p><strong>\u2705 <\/strong>Il s'agit d'un compte original 100% activ\u00e9 directement depuis le site officiel.<\/p>\n<p><strong>\u2705 <\/strong>Apr\u00e8s le paiement, vous recevrez (email\/mot de passe) pour un compte premium SCRIBD.<\/p>\n<p><strong>\u2705 <\/strong>Le compte n'est pas partag\u00e9, il est exclusivement le v\u00f4tre !<\/p>\n<p><strong>\u2705 <\/strong>Vous pouvez modifier le mot de passe du compte \u00e0 tout moment.<\/p>\n<p><strong>\u2705 <\/strong>Compatible avec tous les appareils pris en charge.<\/p>\n<p><strong>\u2705 <\/strong>Accessible dans tous les pays.<\/p>\n<p>\u2b55\ufe0f Le traitement des commandes prend entre\u00a0<strong>1 et quelques heures<\/strong>. Si la commande n'est pas ex\u00e9cut\u00e9e dans le d\u00e9lai de\u00a0<strong>24 heures<\/strong>un remboursement sera automatiquement effectu\u00e9 au client.<\/p>","protected":false},"featured_media":4321,"comment_status":"open","ping_status":"closed","template":"","meta":{"iawp_total_views":78},"product_brand":[],"product_cat":[27],"product_tag":[69],"class_list":{"0":"post-4320","1":"product","2":"type-product","3":"status-publish","4":"has-post-thumbnail","6":"product_cat-software","7":"product_tag-software","9":"first","10":"instock","11":"virtual","12":"purchasable","13":"product-type-simple"},"jetpack_sharing_enabled":true,"_links":{"self":[{"href":"https:\/\/dzskin.com\/fr\/wp-json\/wp\/v2\/product\/4320","targetHints":{"allow":["GET"]}}],"collection":[{"href":"https:\/\/dzskin.com\/fr\/wp-json\/wp\/v2\/product"}],"about":[{"href":"https:\/\/dzskin.com\/fr\/wp-json\/wp\/v2\/types\/product"}],"replies":[{"embeddable":true,"href":"https:\/\/dzskin.com\/fr\/wp-json\/wp\/v2\/comments?post=4320"}],"version-history":[{"count":2,"href":"https:\/\/dzskin.com\/fr\/wp-json\/wp\/v2\/product\/4320\/revisions"}],"predecessor-version":[{"id":4865,"href":"https:\/\/dzskin.com\/fr\/wp-json\/wp\/v2\/product\/4320\/revisions\/4865"}],"wp:featuredmedia":[{"embeddable":true,"href":"https:\/\/dzskin.com\/fr\/wp-json\/wp\/v2\/media\/4321"}],"wp:attachment":[{"href":"https:\/\/dzskin.com\/fr\/wp-json\/wp\/v2\/media?parent=4320"}],"wp:term":[{"taxonomy":"product_brand","embeddable":true,"href":"https:\/\/dzskin.com\/fr\/wp-json\/wp\/v2\/product_brand?post=4320"},{"taxonomy":"product_cat","embeddable":true,"href":"https:\/\/dzskin.com\/fr\/wp-json\/wp\/v2\/product_cat?post=4320"},{"taxonomy":"product_tag","embeddable":true,"href":"https:\/\/dzskin.com\/fr\/wp-json\/wp\/v2\/product_tag?post=4320"}],"curies":[{"name":"wp","href":"https:\/\/api.w.org\/{rel}","templated":true}]}}