{"id":4406,"date":"2024-10-19T20:11:47","date_gmt":"2024-10-19T20:11:47","guid":{"rendered":"https:\/\/dzskin.com\/?post_type=product&#038;p=4406"},"modified":"2025-03-29T12:47:17","modified_gmt":"2025-03-29T12:47:17","slug":"avast-premium-security","status":"publish","type":"product","link":"https:\/\/dzskin.com\/fr\/produit\/avast-premium-security\/","title":{"rendered":"Avast Premium Security - 1 an"},"content":{"rendered":"","protected":false},"excerpt":{"rendered":"<p>Prot\u00e9gez votre monde num\u00e9rique avec <em>Avast Premium Security<\/em>une solution de cybers\u00e9curit\u00e9 avanc\u00e9e con\u00e7ue pour assurer la s\u00e9curit\u00e9 de vos appareils et de vos informations personnelles.<\/p>\n<p><strong>Instructions :<\/strong><\/p>\n<p><strong>\u2705 100% cl\u00e9s officielles<\/strong><\/p>\n<p><strong>\u2705 <\/strong>Apr\u00e8s le paiement, vous recevrez une cl\u00e9 d'activation : <strong>XXXXXXX-XXXXXXX-XXXXXXX<\/strong>.<\/p>\n<p><strong>\u2705 <\/strong>Activer la licence dans Avast.<\/p>\n<p><strong>\u2705 <\/strong>La licence est valable dans le monde entier, dans n'importe quel pays.<\/p>\n<p><strong>\u2705 <\/strong>Cette cl\u00e9 est destin\u00e9e \u00e0 un seul appareil.<\/p>\n<p>\u2b55\ufe0f Il ne peut \u00eatre utilis\u00e9 qu'une seule fois, aucune seconde activation n'est autoris\u00e9e !<\/p>\n<p><strong>\u2705 <\/strong>Profitez d'un produit original \u00e0 un prix consid\u00e9rablement r\u00e9duit !<\/p>\n<p>\u2b55\ufe0f Le traitement des commandes prend entre\u00a0<strong>30 minutes et quelques heures<\/strong>. Si la commande n'est pas ex\u00e9cut\u00e9e dans le d\u00e9lai de\u00a0<strong>24 heures<\/strong>un remboursement sera automatiquement effectu\u00e9 au client.<\/p>","protected":false},"featured_media":4409,"comment_status":"open","ping_status":"closed","template":"","meta":{"iawp_total_views":5},"product_brand":[],"product_cat":[27],"product_tag":[70,69],"class_list":{"0":"post-4406","1":"product","2":"type-product","3":"status-publish","4":"has-post-thumbnail","6":"product_cat-software","7":"product_tag-antivirus","8":"product_tag-software","10":"first","11":"instock","12":"sale","13":"virtual","14":"purchasable","15":"product-type-simple"},"jetpack_sharing_enabled":true,"_links":{"self":[{"href":"https:\/\/dzskin.com\/fr\/wp-json\/wp\/v2\/product\/4406","targetHints":{"allow":["GET"]}}],"collection":[{"href":"https:\/\/dzskin.com\/fr\/wp-json\/wp\/v2\/product"}],"about":[{"href":"https:\/\/dzskin.com\/fr\/wp-json\/wp\/v2\/types\/product"}],"replies":[{"embeddable":true,"href":"https:\/\/dzskin.com\/fr\/wp-json\/wp\/v2\/comments?post=4406"}],"version-history":[{"count":7,"href":"https:\/\/dzskin.com\/fr\/wp-json\/wp\/v2\/product\/4406\/revisions"}],"predecessor-version":[{"id":4888,"href":"https:\/\/dzskin.com\/fr\/wp-json\/wp\/v2\/product\/4406\/revisions\/4888"}],"wp:featuredmedia":[{"embeddable":true,"href":"https:\/\/dzskin.com\/fr\/wp-json\/wp\/v2\/media\/4409"}],"wp:attachment":[{"href":"https:\/\/dzskin.com\/fr\/wp-json\/wp\/v2\/media?parent=4406"}],"wp:term":[{"taxonomy":"product_brand","embeddable":true,"href":"https:\/\/dzskin.com\/fr\/wp-json\/wp\/v2\/product_brand?post=4406"},{"taxonomy":"product_cat","embeddable":true,"href":"https:\/\/dzskin.com\/fr\/wp-json\/wp\/v2\/product_cat?post=4406"},{"taxonomy":"product_tag","embeddable":true,"href":"https:\/\/dzskin.com\/fr\/wp-json\/wp\/v2\/product_tag?post=4406"}],"curies":[{"name":"wp","href":"https:\/\/api.w.org\/{rel}","templated":true}]}}