{"id":4415,"date":"2024-10-19T22:33:17","date_gmt":"2024-10-19T22:33:17","guid":{"rendered":"https:\/\/dzskin.com\/?post_type=product&#038;p=4415"},"modified":"2025-02-14T21:10:47","modified_gmt":"2025-02-14T21:10:47","slug":"tomb-raider-anniversary","status":"publish","type":"product","link":"https:\/\/dzskin.com\/fr\/produit\/tomb-raider-anniversary\/","title":{"rendered":"Tomb Raider Anniversary - Cl\u00e9 Steam"},"content":{"rendered":"","protected":false},"excerpt":{"rendered":"<p>Embarquez pour une aventure \u00e9pique avec <em>Anniversaire Tomb Raider<\/em>une r\u00e9imagination du jeu classique qui c\u00e9l\u00e8bre les origines de Lara Croft tout en offrant des graphismes \u00e9poustouflants et un gameplay exaltant.<\/p>\n<p><strong>Instructions :<\/strong><\/p>\n<p>\u2705 <strong>Ces cl\u00e9s Steam sont 100% authentiques et peuvent \u00eatre activ\u00e9es directement sur Steam.<\/strong>.<\/p>\n<p>\u2705 <strong>Ces cl\u00e9s peuvent \u00eatre activ\u00e9es dans le monde entier, sans restriction de r\u00e9gion.<\/strong><\/p>\n<p>\u2705 Lors de l'achat, vous recevrez une cl\u00e9 au format : XXXXX-XXXXX-XXXXX.<\/p>\n<p>\u2705 Vous pouvez activer votre cl\u00e9 via le site web Steam ou le client Steam.<\/p>\n<ul>\n<li>Ouvrez Steam : Lancez le client Steam sur votre ordinateur. Si vous ne l'avez pas install\u00e9, t\u00e9l\u00e9chargez-le sur le site officiel de Steam.<\/li>\n<li>Se connecter : Connectez-vous \u00e0 votre compte Steam ou cr\u00e9ez-en un nouveau si vous n'avez pas encore de compte.<\/li>\n<li>Allez dans \"Activer un produit\" : Dans le coin sup\u00e9rieur gauche, cliquez sur \"Jeux\" dans la barre de menu, puis s\u00e9lectionnez \"Activer un produit sur Steam\" dans le menu d\u00e9roulant.<\/li>\n<li>Saisissez votre cl\u00e9 : Une fen\u00eatre contextuelle s'affiche. Cliquez sur \"Suivant\", puis acceptez le contrat d'abonnement \u00e0 Steam. Saisissez votre cl\u00e9 de jeu dans le champ pr\u00e9vu \u00e0 cet effet.<\/li>\n<li>Terminer l'activation : Cliquez sur \"Suivant\" apr\u00e8s avoir saisi la cl\u00e9. Une fois v\u00e9rifi\u00e9, votre jeu sera ajout\u00e9 \u00e0 votre biblioth\u00e8que Steam.<\/li>\n<li>T\u00e9l\u00e9chargez le jeu : Acc\u00e9dez \u00e0 votre biblioth\u00e8que Steam, trouvez votre jeu nouvellement activ\u00e9 et cliquez sur \"Installer\" pour le t\u00e9l\u00e9charger.<\/li>\n<\/ul>\n<p>\u2705Profitez de votre jeu authentique, que vous jouiez en ligne ou en solo !<\/p>","protected":false},"featured_media":4416,"comment_status":"open","ping_status":"closed","template":"","meta":{"iawp_total_views":12},"product_brand":[],"product_cat":[52],"product_tag":[48],"class_list":{"0":"post-4415","1":"product","2":"type-product","3":"status-publish","4":"has-post-thumbnail","6":"product_cat-steam","7":"product_tag-pc-games","9":"first","10":"instock","11":"sale","12":"virtual","13":"purchasable","14":"product-type-simple"},"jetpack_sharing_enabled":true,"_links":{"self":[{"href":"https:\/\/dzskin.com\/fr\/wp-json\/wp\/v2\/product\/4415","targetHints":{"allow":["GET"]}}],"collection":[{"href":"https:\/\/dzskin.com\/fr\/wp-json\/wp\/v2\/product"}],"about":[{"href":"https:\/\/dzskin.com\/fr\/wp-json\/wp\/v2\/types\/product"}],"replies":[{"embeddable":true,"href":"https:\/\/dzskin.com\/fr\/wp-json\/wp\/v2\/comments?post=4415"}],"version-history":[{"count":4,"href":"https:\/\/dzskin.com\/fr\/wp-json\/wp\/v2\/product\/4415\/revisions"}],"predecessor-version":[{"id":4444,"href":"https:\/\/dzskin.com\/fr\/wp-json\/wp\/v2\/product\/4415\/revisions\/4444"}],"wp:featuredmedia":[{"embeddable":true,"href":"https:\/\/dzskin.com\/fr\/wp-json\/wp\/v2\/media\/4416"}],"wp:attachment":[{"href":"https:\/\/dzskin.com\/fr\/wp-json\/wp\/v2\/media?parent=4415"}],"wp:term":[{"taxonomy":"product_brand","embeddable":true,"href":"https:\/\/dzskin.com\/fr\/wp-json\/wp\/v2\/product_brand?post=4415"},{"taxonomy":"product_cat","embeddable":true,"href":"https:\/\/dzskin.com\/fr\/wp-json\/wp\/v2\/product_cat?post=4415"},{"taxonomy":"product_tag","embeddable":true,"href":"https:\/\/dzskin.com\/fr\/wp-json\/wp\/v2\/product_tag?post=4415"}],"curies":[{"name":"wp","href":"https:\/\/api.w.org\/{rel}","templated":true}]}}