{"id":4829,"date":"2024-10-29T21:43:41","date_gmt":"2024-10-29T21:43:41","guid":{"rendered":"https:\/\/dzskin.com\/?post_type=product&#038;p=4829"},"modified":"2025-02-20T12:53:45","modified_gmt":"2025-02-20T12:53:45","slug":"gemini","status":"publish","type":"product","link":"https:\/\/dzskin.com\/fr\/produit\/gemini\/","title":{"rendered":"Gemini Advanced Google AI - 1 mois"},"content":{"rendered":"","protected":false},"excerpt":{"rendered":"<p>D\u00e9couvrez Gemini Advanced. Prot\u00e9gez-vous gr\u00e2ce aux fonctionnalit\u00e9s avanc\u00e9es et aux performances robustes de cette solution de cybers\u00e9curit\u00e9 compl\u00e8te.<\/p>\n<p><strong>Instructions :<\/strong><\/p>\n<p><strong>\u2705 <\/strong>Le r\u00e9cit est tout \u00e0 fait original.<\/p>\n<p><strong>\u2705<\/strong>Il est enti\u00e8rement personnel et non partag\u00e9 (uniquement pour vous) !<\/p>\n<p><strong>\u2705 <\/strong>Apr\u00e8s paiement, vous recevrez un acc\u00e8s au compte (courriel\/mot de passe).<\/p>\n<p><strong>\u2705 <\/strong>Nous offrons une garantie d'un mois.<\/p>\n<p><strong>\u2705 <\/strong>Le prix officiel de Gemini Advanced est de $20 par mois !<\/p>\n<p>\u2b55\ufe0f Le traitement des commandes prend entre <strong>1 et quelques heures<\/strong>. Si la commande n'est pas ex\u00e9cut\u00e9e dans le d\u00e9lai de <strong>24 heures<\/strong>un remboursement sera automatiquement effectu\u00e9 au client.<\/p>","protected":false},"featured_media":4918,"comment_status":"open","ping_status":"closed","template":"","meta":{"iawp_total_views":96},"product_brand":[],"product_cat":[27],"product_tag":[73,69],"class_list":{"0":"post-4829","1":"product","2":"type-product","3":"status-publish","4":"has-post-thumbnail","6":"product_cat-software","7":"product_tag-ai","8":"product_tag-software","10":"first","11":"instock","12":"virtual","13":"purchasable","14":"product-type-simple"},"jetpack_sharing_enabled":true,"_links":{"self":[{"href":"https:\/\/dzskin.com\/fr\/wp-json\/wp\/v2\/product\/4829","targetHints":{"allow":["GET"]}}],"collection":[{"href":"https:\/\/dzskin.com\/fr\/wp-json\/wp\/v2\/product"}],"about":[{"href":"https:\/\/dzskin.com\/fr\/wp-json\/wp\/v2\/types\/product"}],"replies":[{"embeddable":true,"href":"https:\/\/dzskin.com\/fr\/wp-json\/wp\/v2\/comments?post=4829"}],"version-history":[{"count":3,"href":"https:\/\/dzskin.com\/fr\/wp-json\/wp\/v2\/product\/4829\/revisions"}],"predecessor-version":[{"id":4859,"href":"https:\/\/dzskin.com\/fr\/wp-json\/wp\/v2\/product\/4829\/revisions\/4859"}],"wp:featuredmedia":[{"embeddable":true,"href":"https:\/\/dzskin.com\/fr\/wp-json\/wp\/v2\/media\/4918"}],"wp:attachment":[{"href":"https:\/\/dzskin.com\/fr\/wp-json\/wp\/v2\/media?parent=4829"}],"wp:term":[{"taxonomy":"product_brand","embeddable":true,"href":"https:\/\/dzskin.com\/fr\/wp-json\/wp\/v2\/product_brand?post=4829"},{"taxonomy":"product_cat","embeddable":true,"href":"https:\/\/dzskin.com\/fr\/wp-json\/wp\/v2\/product_cat?post=4829"},{"taxonomy":"product_tag","embeddable":true,"href":"https:\/\/dzskin.com\/fr\/wp-json\/wp\/v2\/product_tag?post=4829"}],"curies":[{"name":"wp","href":"https:\/\/api.w.org\/{rel}","templated":true}]}}