{"id":4928,"date":"2024-11-04T20:31:22","date_gmt":"2024-11-04T20:31:22","guid":{"rendered":"https:\/\/dzskin.com\/?post_type=product&#038;p=4928"},"modified":"2025-03-29T14:02:57","modified_gmt":"2025-03-29T14:02:57","slug":"malwarebytes","status":"publish","type":"product","link":"https:\/\/dzskin.com\/fr\/produit\/malwarebytes\/","title":{"rendered":"Malwarebytes Premium - 6 mois"},"content":{"rendered":"","protected":false},"excerpt":{"rendered":"<p>Augmentez votre productivit\u00e9 avec Malwarebytes Premium ! Acc\u00e9dez aux outils essentiels pour une protection avanc\u00e9e contre les logiciels malveillants, parfaite pour les individus et les \u00e9quipes.<\/p>\n<p><strong>Instructions :<\/strong><\/p>\n<p><strong>\u2705 Ces cl\u00e9s sont originales 100%<\/strong><\/p>\n<p><strong>\u2705 <\/strong>Vous recevrez une cl\u00e9 d'activation au format\u00a0<strong>XXXX-XXXX-XXXX-XXXX-XXXX<\/strong>.<\/p>\n<p><strong>\u2705 <\/strong>Validation des cl\u00e9s pour 6 mois<\/p>\n<p><strong>\u2705 <\/strong>L'activation est limit\u00e9e \u00e0 un seul appareil.<\/p>\n<p><strong>\u2705 <\/strong>Peut \u00eatre activ\u00e9 dans le monde entier<\/p>\n<p><strong>\u2705 <\/strong>Prot\u00e9gez votre monde num\u00e9rique \u00e0 un prix tr\u00e8s avantageux !<\/p>\n<p>\u2b55\ufe0f Le traitement des commandes prend entre <strong>30 minutes et quelques heures<\/strong>. Si la commande n'est pas ex\u00e9cut\u00e9e dans le d\u00e9lai de\u00a0<strong>24 heures<\/strong>un remboursement sera automatiquement effectu\u00e9 au client.<\/p>","protected":false},"featured_media":4964,"comment_status":"open","ping_status":"closed","template":"","meta":{"iawp_total_views":1094},"product_brand":[],"product_cat":[27],"product_tag":[69],"class_list":{"0":"post-4928","1":"product","2":"type-product","3":"status-publish","4":"has-post-thumbnail","6":"product_cat-software","7":"product_tag-software","9":"first","10":"instock","11":"sale","12":"virtual","13":"purchasable","14":"product-type-simple"},"jetpack_sharing_enabled":true,"_links":{"self":[{"href":"https:\/\/dzskin.com\/fr\/wp-json\/wp\/v2\/product\/4928","targetHints":{"allow":["GET"]}}],"collection":[{"href":"https:\/\/dzskin.com\/fr\/wp-json\/wp\/v2\/product"}],"about":[{"href":"https:\/\/dzskin.com\/fr\/wp-json\/wp\/v2\/types\/product"}],"replies":[{"embeddable":true,"href":"https:\/\/dzskin.com\/fr\/wp-json\/wp\/v2\/comments?post=4928"}],"version-history":[{"count":1,"href":"https:\/\/dzskin.com\/fr\/wp-json\/wp\/v2\/product\/4928\/revisions"}],"predecessor-version":[{"id":4930,"href":"https:\/\/dzskin.com\/fr\/wp-json\/wp\/v2\/product\/4928\/revisions\/4930"}],"wp:featuredmedia":[{"embeddable":true,"href":"https:\/\/dzskin.com\/fr\/wp-json\/wp\/v2\/media\/4964"}],"wp:attachment":[{"href":"https:\/\/dzskin.com\/fr\/wp-json\/wp\/v2\/media?parent=4928"}],"wp:term":[{"taxonomy":"product_brand","embeddable":true,"href":"https:\/\/dzskin.com\/fr\/wp-json\/wp\/v2\/product_brand?post=4928"},{"taxonomy":"product_cat","embeddable":true,"href":"https:\/\/dzskin.com\/fr\/wp-json\/wp\/v2\/product_cat?post=4928"},{"taxonomy":"product_tag","embeddable":true,"href":"https:\/\/dzskin.com\/fr\/wp-json\/wp\/v2\/product_tag?post=4928"}],"curies":[{"name":"wp","href":"https:\/\/api.w.org\/{rel}","templated":true}]}}