{"id":4934,"date":"2024-11-05T14:39:42","date_gmt":"2024-11-05T14:39:42","guid":{"rendered":"https:\/\/dzskin.com\/?post_type=product&#038;p=4934"},"modified":"2025-07-10T09:21:25","modified_gmt":"2025-07-10T09:21:25","slug":"mega-premium-unlimited","status":"publish","type":"product","link":"https:\/\/dzskin.com\/fr\/produit\/mega-premium-unlimited\/","title":{"rendered":"Compte MEGA Premium - T\u00e9l\u00e9chargement illimit\u00e9 - 1 mois"},"content":{"rendered":"","protected":false},"excerpt":{"rendered":"<p>Optimisez votre exp\u00e9rience du cloud avec MEGA Premium ! B\u00e9n\u00e9ficiez d'un stockage am\u00e9lior\u00e9, de vitesses plus rapides et d'une s\u00e9curit\u00e9 de premier ordre, id\u00e9ale pour les individus et les \u00e9quipes.<\/p>\n<p><strong>Instructions :<\/strong><\/p>\n<p><strong>\u2705 100% compte officiel.<\/strong><\/p>\n<p><strong>\u2705 <\/strong>Apr\u00e8s le paiement, vous recevrez un compte premium MEGA (login\/mot de passe).<\/p>\n<p><strong>\u2705 <\/strong>Stockage illimit\u00e9 dans le nuage (t\u00e9l\u00e9chargement\/upload)<\/p>\n<p>\u2b55\ufe0f Le traitement des commandes prend entre <strong>30 minutes et quelques heures<\/strong>. Si la commande n'est pas ex\u00e9cut\u00e9e dans le d\u00e9lai de\u00a0<strong>24 heures<\/strong>un remboursement sera automatiquement effectu\u00e9 au client.<\/p>","protected":false},"featured_media":4936,"comment_status":"open","ping_status":"closed","template":"","meta":{"iawp_total_views":274},"product_brand":[],"product_cat":[27],"product_tag":[69],"class_list":{"0":"post-4934","1":"product","2":"type-product","3":"status-publish","4":"has-post-thumbnail","6":"product_cat-software","7":"product_tag-software","9":"first","10":"outofstock","11":"sale","12":"virtual","13":"purchasable","14":"product-type-simple"},"jetpack_sharing_enabled":true,"_links":{"self":[{"href":"https:\/\/dzskin.com\/fr\/wp-json\/wp\/v2\/product\/4934","targetHints":{"allow":["GET"]}}],"collection":[{"href":"https:\/\/dzskin.com\/fr\/wp-json\/wp\/v2\/product"}],"about":[{"href":"https:\/\/dzskin.com\/fr\/wp-json\/wp\/v2\/types\/product"}],"replies":[{"embeddable":true,"href":"https:\/\/dzskin.com\/fr\/wp-json\/wp\/v2\/comments?post=4934"}],"version-history":[{"count":1,"href":"https:\/\/dzskin.com\/fr\/wp-json\/wp\/v2\/product\/4934\/revisions"}],"predecessor-version":[{"id":4937,"href":"https:\/\/dzskin.com\/fr\/wp-json\/wp\/v2\/product\/4934\/revisions\/4937"}],"wp:featuredmedia":[{"embeddable":true,"href":"https:\/\/dzskin.com\/fr\/wp-json\/wp\/v2\/media\/4936"}],"wp:attachment":[{"href":"https:\/\/dzskin.com\/fr\/wp-json\/wp\/v2\/media?parent=4934"}],"wp:term":[{"taxonomy":"product_brand","embeddable":true,"href":"https:\/\/dzskin.com\/fr\/wp-json\/wp\/v2\/product_brand?post=4934"},{"taxonomy":"product_cat","embeddable":true,"href":"https:\/\/dzskin.com\/fr\/wp-json\/wp\/v2\/product_cat?post=4934"},{"taxonomy":"product_tag","embeddable":true,"href":"https:\/\/dzskin.com\/fr\/wp-json\/wp\/v2\/product_tag?post=4934"}],"curies":[{"name":"wp","href":"https:\/\/api.w.org\/{rel}","templated":true}]}}