{"id":4965,"date":"2024-11-07T21:29:28","date_gmt":"2024-11-07T21:29:28","guid":{"rendered":"https:\/\/dzskin.com\/?post_type=product&#038;p=4965"},"modified":"2025-03-29T14:02:48","modified_gmt":"2025-03-29T14:02:48","slug":"malwarebytes-premium-2years","status":"publish","type":"product","link":"https:\/\/dzskin.com\/fr\/produit\/malwarebytes-premium-2years\/","title":{"rendered":"Malwarebytes Premium - 2 ans"},"content":{"rendered":"","protected":false},"excerpt":{"rendered":"<p>Augmentez votre productivit\u00e9 avec Malwarebytes Premium ! Acc\u00e9dez aux outils essentiels pour une protection avanc\u00e9e contre les logiciels malveillants, parfaite pour les individus et les \u00e9quipes.<\/p>\n<p><strong>Instructions :<\/strong><\/p>\n<p><strong>\u2705 Ces cl\u00e9s sont originales 100%<\/strong><\/p>\n<p><strong>\u2705 <\/strong>Vous recevrez une cl\u00e9 d'activation au format\u00a0<strong>XXXX-XXXX-XXXX-XXXX-XXXX<\/strong>.<\/p>\n<p><strong>\u2705 <\/strong>Validation des cl\u00e9s pendant 2 ans<\/p>\n<p><strong>\u2705 <\/strong>L'activation est limit\u00e9e \u00e0 un seul appareil.<\/p>\n<p><strong>\u2705 <\/strong>Peut \u00eatre activ\u00e9 dans le monde entier<\/p>\n<p><strong>\u2705 <\/strong>Versions prises en charge : de Malwarebytes Anti-Malware V2 \u00e0 V5 (derni\u00e8re version).<\/p>\n<p>\u2b55\ufe0f L'activation avec la cl\u00e9 n'est possible que jusqu'\u00e0 la version 4.6.xx. Apr\u00e8s l'activation, l'application peut \u00eatre mise \u00e0 jour vers la derni\u00e8re version (v5 avec la nouvelle interface).<\/p>\n<p><strong>\u2705 <\/strong>Prot\u00e9gez votre monde num\u00e9rique \u00e0 un prix tr\u00e8s avantageux !<\/p>\n<p>\u2b55\ufe0f Le traitement des commandes prend entre <strong>30 minutes et quelques heures<\/strong>. Si la commande n'est pas ex\u00e9cut\u00e9e dans le d\u00e9lai de\u00a0<strong>24 heures<\/strong>un remboursement sera automatiquement effectu\u00e9 au client.<\/p>","protected":false},"featured_media":4967,"comment_status":"open","ping_status":"closed","template":"","meta":{"iawp_total_views":65},"product_brand":[],"product_cat":[27],"product_tag":[70,69],"class_list":{"0":"post-4965","1":"product","2":"type-product","3":"status-publish","4":"has-post-thumbnail","6":"product_cat-software","7":"product_tag-antivirus","8":"product_tag-software","10":"first","11":"instock","12":"sale","13":"virtual","14":"purchasable","15":"product-type-simple"},"jetpack_sharing_enabled":true,"_links":{"self":[{"href":"https:\/\/dzskin.com\/fr\/wp-json\/wp\/v2\/product\/4965","targetHints":{"allow":["GET"]}}],"collection":[{"href":"https:\/\/dzskin.com\/fr\/wp-json\/wp\/v2\/product"}],"about":[{"href":"https:\/\/dzskin.com\/fr\/wp-json\/wp\/v2\/types\/product"}],"replies":[{"embeddable":true,"href":"https:\/\/dzskin.com\/fr\/wp-json\/wp\/v2\/comments?post=4965"}],"version-history":[{"count":1,"href":"https:\/\/dzskin.com\/fr\/wp-json\/wp\/v2\/product\/4965\/revisions"}],"predecessor-version":[{"id":4968,"href":"https:\/\/dzskin.com\/fr\/wp-json\/wp\/v2\/product\/4965\/revisions\/4968"}],"wp:featuredmedia":[{"embeddable":true,"href":"https:\/\/dzskin.com\/fr\/wp-json\/wp\/v2\/media\/4967"}],"wp:attachment":[{"href":"https:\/\/dzskin.com\/fr\/wp-json\/wp\/v2\/media?parent=4965"}],"wp:term":[{"taxonomy":"product_brand","embeddable":true,"href":"https:\/\/dzskin.com\/fr\/wp-json\/wp\/v2\/product_brand?post=4965"},{"taxonomy":"product_cat","embeddable":true,"href":"https:\/\/dzskin.com\/fr\/wp-json\/wp\/v2\/product_cat?post=4965"},{"taxonomy":"product_tag","embeddable":true,"href":"https:\/\/dzskin.com\/fr\/wp-json\/wp\/v2\/product_tag?post=4965"}],"curies":[{"name":"wp","href":"https:\/\/api.w.org\/{rel}","templated":true}]}}