{"id":4970,"date":"2024-11-07T22:25:51","date_gmt":"2024-11-07T22:25:51","guid":{"rendered":"https:\/\/dzskin.com\/?post_type=product&#038;p=4970"},"modified":"2025-08-18T21:44:54","modified_gmt":"2025-08-18T21:44:54","slug":"figma","status":"publish","type":"product","link":"https:\/\/dzskin.com\/fr\/produit\/figma\/","title":{"rendered":"Figma Pro - 1 an"},"content":{"rendered":"","protected":false},"excerpt":{"rendered":"<p>Concevez en toute transparence avec Figma. Cet outil puissant offre des fonctionnalit\u00e9s avanc\u00e9es aux concepteurs qui cherchent \u00e0 cr\u00e9er des exp\u00e9riences utilisateur exceptionnelles.<\/p>\n<p><strong>Instructions :<\/strong><\/p>\n<p><strong>\u2705 100% compte officiel.<\/strong><\/p>\n<p><strong>\u2705 <\/strong>Apr\u00e8s le paiement, vous recevrez un nouveau compte Figma Pro (email\/mot de passe).<\/p>\n<p><strong>\u2705 <\/strong>Figma Education Pro<\/p>\n<p><strong>\u2705 <\/strong>Nombre illimit\u00e9 de biblioth\u00e8ques d'\u00e9quipe partageables, de projets, d'historiques de versions, de fichiers, de pages et d'autorisations personnalis\u00e9es.<\/p>\n<p><strong>\u2705 <\/strong>Disponible dans le monde entier, dans n'importe quel pays.<\/p>\n<p><strong>\u2705\u00a0<\/strong>Profitez d'un produit original \u00e0 un prix consid\u00e9rablement r\u00e9duit !<\/p>\n<p>\u2b55\ufe0f Le traitement des commandes prend entre\u00a0<strong>1 et quelques heures<\/strong>. Si la commande n'est pas ex\u00e9cut\u00e9e dans le d\u00e9lai de\u00a0<strong>24 heures<\/strong>un remboursement sera automatiquement effectu\u00e9 au client.<\/p>","protected":false},"featured_media":4973,"comment_status":"open","ping_status":"closed","template":"","meta":{"iawp_total_views":18},"product_brand":[],"product_cat":[27],"product_tag":[69],"class_list":{"0":"post-4970","1":"product","2":"type-product","3":"status-publish","4":"has-post-thumbnail","6":"product_cat-software","7":"product_tag-software","9":"first","10":"instock","11":"sale","12":"virtual","13":"purchasable","14":"product-type-simple"},"jetpack_sharing_enabled":true,"_links":{"self":[{"href":"https:\/\/dzskin.com\/fr\/wp-json\/wp\/v2\/product\/4970","targetHints":{"allow":["GET"]}}],"collection":[{"href":"https:\/\/dzskin.com\/fr\/wp-json\/wp\/v2\/product"}],"about":[{"href":"https:\/\/dzskin.com\/fr\/wp-json\/wp\/v2\/types\/product"}],"replies":[{"embeddable":true,"href":"https:\/\/dzskin.com\/fr\/wp-json\/wp\/v2\/comments?post=4970"}],"version-history":[{"count":1,"href":"https:\/\/dzskin.com\/fr\/wp-json\/wp\/v2\/product\/4970\/revisions"}],"predecessor-version":[{"id":4972,"href":"https:\/\/dzskin.com\/fr\/wp-json\/wp\/v2\/product\/4970\/revisions\/4972"}],"wp:featuredmedia":[{"embeddable":true,"href":"https:\/\/dzskin.com\/fr\/wp-json\/wp\/v2\/media\/4973"}],"wp:attachment":[{"href":"https:\/\/dzskin.com\/fr\/wp-json\/wp\/v2\/media?parent=4970"}],"wp:term":[{"taxonomy":"product_brand","embeddable":true,"href":"https:\/\/dzskin.com\/fr\/wp-json\/wp\/v2\/product_brand?post=4970"},{"taxonomy":"product_cat","embeddable":true,"href":"https:\/\/dzskin.com\/fr\/wp-json\/wp\/v2\/product_cat?post=4970"},{"taxonomy":"product_tag","embeddable":true,"href":"https:\/\/dzskin.com\/fr\/wp-json\/wp\/v2\/product_tag?post=4970"}],"curies":[{"name":"wp","href":"https:\/\/api.w.org\/{rel}","templated":true}]}}