{"id":5138,"date":"2024-12-20T16:41:33","date_gmt":"2024-12-20T16:41:33","guid":{"rendered":"https:\/\/dzskin.com\/?post_type=product&#038;p=5138"},"modified":"2025-05-11T22:07:15","modified_gmt":"2025-05-11T22:07:15","slug":"prezi-premium","status":"publish","type":"product","link":"https:\/\/dzskin.com\/fr\/produit\/prezi-premium\/","title":{"rendered":"Prezi Premium - 28 jours"},"content":{"rendered":"","protected":false},"excerpt":{"rendered":"<div class=\"flex-shrink-0 flex flex-col relative items-end\">\n<div class=\"pt-0\">\n<div class=\"gizmo-bot-avatar flex h-8 w-8 items-center justify-center overflow-hidden rounded-full\">\n<div class=\"relative p-1 rounded-sm flex items-center justify-center bg-token-main-surface-primary text-token-text-primary h-8 w-8\">Prezi Premium est une plateforme avanc\u00e9e qui permet de cr\u00e9er des pr\u00e9sentations dynamiques et interactives. Con\u00e7ue pour les professionnels et les \u00e9quipes, elle offre des outils de conception puissants, des fonctions de collaboration am\u00e9lior\u00e9es, des analyses permettant de suivre l'engagement des spectateurs et un acc\u00e8s bas\u00e9 sur le cloud pour am\u00e9liorer votre narration.<\/div>\n<\/div>\n<\/div>\n<\/div>\n<div class=\"group\/conversation-turn relative flex w-full min-w-0 flex-col agent-turn\">\n<div class=\"flex-col gap-1 md:gap-3\">\n<div class=\"flex max-w-full flex-col flex-grow\">\n<div class=\"min-h-[20px] text-message flex w-full flex-col items-end gap-2 whitespace-normal break-words [.text-message+&amp;]:mt-5\" dir=\"auto\" data-message-author-role=\"assistant\" data-message-id=\"f5fe787c-63af-4ef9-b10c-9033738396c6\">\n<div class=\"flex w-full flex-col gap-1 empty:hidden first:pt-[3px]\">\n<div class=\"markdown prose w-full break-words dark:prose-invert dark\">\n<p><strong>Instructions :<\/strong><\/p>\n<p><strong>\u2705 L'abonnement est 100% original et authentique !<\/strong><\/p>\n<p><strong>Vous recevrez un compte Prezi Premium (courriel\/mot de passe).<\/strong><\/p>\n<p><strong>\u2705 100% compte priv\u00e9, non partag\u00e9 !<\/strong><\/p>\n<p><strong>Activation pendant 28 jours.<\/strong><\/p>\n<p>\u2b55\ufe0f Le traitement des commandes prend entre <strong>1 et quelques heures<\/strong>. Si la commande n'est pas ex\u00e9cut\u00e9e dans le d\u00e9lai de <strong>24 heures<\/strong>un remboursement sera automatiquement effectu\u00e9 au client.<\/p>\n<p><strong>\u2705 Cr\u00e9ez de superbes pr\u00e9sentations \u00e0 un prix abordable !<\/strong><\/p>\n<\/div>\n<\/div>\n<\/div>\n<\/div>\n<\/div>\n<\/div>","protected":false},"featured_media":5139,"comment_status":"open","ping_status":"closed","template":"","meta":{"iawp_total_views":41},"product_brand":[],"product_cat":[27],"product_tag":[69],"class_list":{"0":"post-5138","1":"product","2":"type-product","3":"status-publish","4":"has-post-thumbnail","6":"product_cat-software","7":"product_tag-software","9":"first","10":"instock","11":"sale","12":"virtual","13":"purchasable","14":"product-type-simple"},"jetpack_sharing_enabled":true,"_links":{"self":[{"href":"https:\/\/dzskin.com\/fr\/wp-json\/wp\/v2\/product\/5138","targetHints":{"allow":["GET"]}}],"collection":[{"href":"https:\/\/dzskin.com\/fr\/wp-json\/wp\/v2\/product"}],"about":[{"href":"https:\/\/dzskin.com\/fr\/wp-json\/wp\/v2\/types\/product"}],"replies":[{"embeddable":true,"href":"https:\/\/dzskin.com\/fr\/wp-json\/wp\/v2\/comments?post=5138"}],"version-history":[{"count":1,"href":"https:\/\/dzskin.com\/fr\/wp-json\/wp\/v2\/product\/5138\/revisions"}],"predecessor-version":[{"id":5140,"href":"https:\/\/dzskin.com\/fr\/wp-json\/wp\/v2\/product\/5138\/revisions\/5140"}],"wp:featuredmedia":[{"embeddable":true,"href":"https:\/\/dzskin.com\/fr\/wp-json\/wp\/v2\/media\/5139"}],"wp:attachment":[{"href":"https:\/\/dzskin.com\/fr\/wp-json\/wp\/v2\/media?parent=5138"}],"wp:term":[{"taxonomy":"product_brand","embeddable":true,"href":"https:\/\/dzskin.com\/fr\/wp-json\/wp\/v2\/product_brand?post=5138"},{"taxonomy":"product_cat","embeddable":true,"href":"https:\/\/dzskin.com\/fr\/wp-json\/wp\/v2\/product_cat?post=5138"},{"taxonomy":"product_tag","embeddable":true,"href":"https:\/\/dzskin.com\/fr\/wp-json\/wp\/v2\/product_tag?post=5138"}],"curies":[{"name":"wp","href":"https:\/\/api.w.org\/{rel}","templated":true}]}}