{"id":5142,"date":"2024-12-20T16:48:36","date_gmt":"2024-12-20T16:48:36","guid":{"rendered":"https:\/\/dzskin.com\/?post_type=product&#038;p=5142"},"modified":"2025-03-29T14:00:26","modified_gmt":"2025-03-29T14:00:26","slug":"linkedin-premium","status":"publish","type":"product","link":"https:\/\/dzskin.com\/fr\/produit\/linkedin-premium\/","title":{"rendered":"LinkedIn Premium Business - 6 mois"},"content":{"rendered":"","protected":false},"excerpt":{"rendered":"<div class=\"flex-shrink-0 flex flex-col relative items-end\">\n<div class=\"pt-0\">\n<div class=\"gizmo-bot-avatar flex h-8 w-8 items-center justify-center overflow-hidden rounded-full\">\n<div class=\"relative p-1 rounded-sm flex items-center justify-center bg-token-main-surface-primary text-token-text-primary h-8 w-8\">D\u00e9bloquez de nouvelles opportunit\u00e9s avec LinkedIn Premium Business ! Entrez en contact avec des professionnels, acc\u00e9dez \u00e0 des informations et d\u00e9veloppez votre r\u00e9seau pour r\u00e9ussir en affaires.<\/div>\n<\/div>\n<\/div>\n<\/div>\n<div class=\"group\/conversation-turn relative flex w-full min-w-0 flex-col agent-turn\">\n<div class=\"flex-col gap-1 md:gap-3\">\n<div class=\"flex max-w-full flex-col flex-grow\">\n<div class=\"min-h-[20px] text-message flex w-full flex-col items-end gap-2 whitespace-normal break-words [.text-message+&amp;]:mt-5\" dir=\"auto\" data-message-author-role=\"assistant\" data-message-id=\"f5fe787c-63af-4ef9-b10c-9033738396c6\">\n<div class=\"flex w-full flex-col gap-1 empty:hidden first:pt-[3px]\">\n<div class=\"markdown prose w-full break-words dark:prose-invert dark\">\n<p><strong>Instructions :<\/strong><\/p>\n<p><strong>\u2705 L'abonnement est 100% original et authentique !<\/strong><\/p>\n<p><strong>\u2705 Vous recevrez une invitation pour obtenir LinkedIn Premium Business pendant 6 mois !\u00a0<\/strong><\/p>\n<p><strong>\u2705 Garantie de 6 mois.<\/strong><\/p>\n<p><strong>\u2705 Mise en r\u00e9seau avanc\u00e9e : <\/strong>Entrez en contact avec des d\u00e9cideurs et d\u00e9veloppez votre r\u00e9seau professionnel<strong>.<\/strong><\/p>\n<p><strong>\u2705 Perspectives approfondies : <\/strong>Acc\u00e9der \u00e0 des analyses d\u00e9taill\u00e9es et aux tendances de l'emploi<strong>.<\/strong><\/p>\n<p><strong>\u2705 Voir le profil Insights :<\/strong>Voir qui a consult\u00e9 votre profil et entrer en contact avec des prospects potentiels<strong>.<\/strong><\/p>\n<p><strong>\u2705 Ayez l'air d'un PDG ! Am\u00e9liorez votre image professionnelle avec le logo LinkedIn Premium Business sur votre profil.<\/strong><\/p>\n<p>\u2b55\ufe0f Le traitement des commandes prend entre <strong>1 et quelques heures<\/strong>. Si la commande n'est pas ex\u00e9cut\u00e9e dans le d\u00e9lai de <strong>24 heures<\/strong>un remboursement sera automatiquement effectu\u00e9 au client.<\/p>\n<p><strong>\u2705 Obtenez LinkedIn Premium Business pour tr\u00e8s peu cher ! Prix officiel : 59.99 USD par mois !<\/strong><\/p>\n<\/div>\n<\/div>\n<\/div>\n<\/div>\n<\/div>\n<\/div>","protected":false},"featured_media":5143,"comment_status":"open","ping_status":"closed","template":"","meta":{"iawp_total_views":89},"product_brand":[],"product_cat":[27],"product_tag":[69],"class_list":{"0":"post-5142","1":"product","2":"type-product","3":"status-publish","4":"has-post-thumbnail","6":"product_cat-software","7":"product_tag-software","9":"first","10":"outofstock","11":"sale","12":"virtual","13":"purchasable","14":"product-type-simple"},"jetpack_sharing_enabled":true,"_links":{"self":[{"href":"https:\/\/dzskin.com\/fr\/wp-json\/wp\/v2\/product\/5142","targetHints":{"allow":["GET"]}}],"collection":[{"href":"https:\/\/dzskin.com\/fr\/wp-json\/wp\/v2\/product"}],"about":[{"href":"https:\/\/dzskin.com\/fr\/wp-json\/wp\/v2\/types\/product"}],"replies":[{"embeddable":true,"href":"https:\/\/dzskin.com\/fr\/wp-json\/wp\/v2\/comments?post=5142"}],"version-history":[{"count":1,"href":"https:\/\/dzskin.com\/fr\/wp-json\/wp\/v2\/product\/5142\/revisions"}],"predecessor-version":[{"id":5144,"href":"https:\/\/dzskin.com\/fr\/wp-json\/wp\/v2\/product\/5142\/revisions\/5144"}],"wp:featuredmedia":[{"embeddable":true,"href":"https:\/\/dzskin.com\/fr\/wp-json\/wp\/v2\/media\/5143"}],"wp:attachment":[{"href":"https:\/\/dzskin.com\/fr\/wp-json\/wp\/v2\/media?parent=5142"}],"wp:term":[{"taxonomy":"product_brand","embeddable":true,"href":"https:\/\/dzskin.com\/fr\/wp-json\/wp\/v2\/product_brand?post=5142"},{"taxonomy":"product_cat","embeddable":true,"href":"https:\/\/dzskin.com\/fr\/wp-json\/wp\/v2\/product_cat?post=5142"},{"taxonomy":"product_tag","embeddable":true,"href":"https:\/\/dzskin.com\/fr\/wp-json\/wp\/v2\/product_tag?post=5142"}],"curies":[{"name":"wp","href":"https:\/\/api.w.org\/{rel}","templated":true}]}}