{"id":5145,"date":"2024-12-20T20:05:25","date_gmt":"2024-12-20T20:05:25","guid":{"rendered":"https:\/\/dzskin.com\/?post_type=product&#038;p=5145"},"modified":"2025-03-29T12:46:51","modified_gmt":"2025-03-29T12:46:51","slug":"adobe-stock","status":"publish","type":"product","link":"https:\/\/dzskin.com\/fr\/produit\/adobe-stock\/","title":{"rendered":"Adobe Stock Premium - 30 jours"},"content":{"rendered":"","protected":false},"excerpt":{"rendered":"<div class=\"flex-shrink-0 flex flex-col relative items-end\">\n<div class=\"pt-0\">\n<div class=\"gizmo-bot-avatar flex h-8 w-8 items-center justify-center overflow-hidden rounded-full\">\n<div class=\"relative p-1 rounded-sm flex items-center justify-center bg-token-main-surface-primary text-token-text-primary h-8 w-8\">Lib\u00e9rez votre potentiel avec Adobe Stock ! Acc\u00e9dez \u00e0 une vaste collection d'images, de vid\u00e9os et de ressources de haute qualit\u00e9, id\u00e9ales pour les cr\u00e9ateurs.<\/div>\n<\/div>\n<\/div>\n<\/div>\n<div class=\"group\/conversation-turn relative flex w-full min-w-0 flex-col agent-turn\">\n<div class=\"flex-col gap-1 md:gap-3\">\n<div class=\"flex max-w-full flex-col flex-grow\">\n<div class=\"min-h-[20px] text-message flex w-full flex-col items-end gap-2 whitespace-normal break-words [.text-message+&amp;]:mt-5\" dir=\"auto\" data-message-author-role=\"assistant\" data-message-id=\"f5fe787c-63af-4ef9-b10c-9033738396c6\">\n<div class=\"flex w-full flex-col gap-1 empty:hidden first:pt-[3px]\">\n<div class=\"markdown prose w-full break-words dark:prose-invert dark\">\n<p><strong>Instructions :<\/strong><\/p>\n<p><strong>\u2705 L'abonnement est 100% original et authentique !<\/strong><\/p>\n<p><strong>\u2705 Le meilleur prix de tout l'internet ! 49.99 USD\/Mois sur Adobe !<\/strong><\/p>\n<p><strong>Vous recevrez un compte Adobe Stock activ\u00e9 (email\/mot de passe).<\/strong><\/p>\n<p><strong>\u2705 Total de 25 cr\u00e9dits<\/strong> (\u00e9quivalent \u00e0 25 ressources standard ou 3 vid\u00e9os HD)<\/p>\n<p>\u2b55\ufe0f Le traitement des commandes prend entre <strong>1 et quelques heures<\/strong>. Si la commande n'est pas ex\u00e9cut\u00e9e dans le d\u00e9lai de <strong>24 heures<\/strong>un remboursement sera automatiquement effectu\u00e9 au client.<\/p>\n<p><strong>\u2705 B\u00e9n\u00e9ficiez d'un acc\u00e8s complet \u00e0 Adobe Stock Premium \u00e0 un prix abordable !<\/strong><\/p>\n<\/div>\n<\/div>\n<\/div>\n<\/div>\n<\/div>\n<\/div>","protected":false},"featured_media":5146,"comment_status":"open","ping_status":"closed","template":"","meta":{"iawp_total_views":126},"product_brand":[],"product_cat":[27],"product_tag":[78,69],"class_list":{"0":"post-5145","1":"product","2":"type-product","3":"status-publish","4":"has-post-thumbnail","6":"product_cat-software","7":"product_tag-adobe","8":"product_tag-software","10":"first","11":"instock","12":"sale","13":"virtual","14":"purchasable","15":"product-type-simple"},"jetpack_sharing_enabled":true,"_links":{"self":[{"href":"https:\/\/dzskin.com\/fr\/wp-json\/wp\/v2\/product\/5145","targetHints":{"allow":["GET"]}}],"collection":[{"href":"https:\/\/dzskin.com\/fr\/wp-json\/wp\/v2\/product"}],"about":[{"href":"https:\/\/dzskin.com\/fr\/wp-json\/wp\/v2\/types\/product"}],"replies":[{"embeddable":true,"href":"https:\/\/dzskin.com\/fr\/wp-json\/wp\/v2\/comments?post=5145"}],"version-history":[{"count":2,"href":"https:\/\/dzskin.com\/fr\/wp-json\/wp\/v2\/product\/5145\/revisions"}],"predecessor-version":[{"id":5277,"href":"https:\/\/dzskin.com\/fr\/wp-json\/wp\/v2\/product\/5145\/revisions\/5277"}],"wp:featuredmedia":[{"embeddable":true,"href":"https:\/\/dzskin.com\/fr\/wp-json\/wp\/v2\/media\/5146"}],"wp:attachment":[{"href":"https:\/\/dzskin.com\/fr\/wp-json\/wp\/v2\/media?parent=5145"}],"wp:term":[{"taxonomy":"product_brand","embeddable":true,"href":"https:\/\/dzskin.com\/fr\/wp-json\/wp\/v2\/product_brand?post=5145"},{"taxonomy":"product_cat","embeddable":true,"href":"https:\/\/dzskin.com\/fr\/wp-json\/wp\/v2\/product_cat?post=5145"},{"taxonomy":"product_tag","embeddable":true,"href":"https:\/\/dzskin.com\/fr\/wp-json\/wp\/v2\/product_tag?post=5145"}],"curies":[{"name":"wp","href":"https:\/\/api.w.org\/{rel}","templated":true}]}}