{"id":5367,"date":"2025-02-28T14:14:29","date_gmt":"2025-02-28T14:14:29","guid":{"rendered":"https:\/\/dzskin.com\/?post_type=product&#038;p=5367"},"modified":"2025-12-28T10:17:29","modified_gmt":"2025-12-28T10:17:29","slug":"capcut-pro","status":"publish","type":"product","link":"https:\/\/dzskin.com\/fr\/produit\/capcut-pro\/","title":{"rendered":"CapCut Pro - Compte personnel"},"content":{"rendered":"","protected":false},"excerpt":{"rendered":"<p>Lib\u00e9rez votre cr\u00e9ativit\u00e9 avec CapCut Pro, un outil d'\u00e9dition vid\u00e9o dynamique con\u00e7u pour les d\u00e9butants et les professionnels afin de cr\u00e9er des vid\u00e9os \u00e9poustouflantes sans effort.<\/p>\n<p><strong>Instructions :<\/strong><\/p>\n<p><strong>\u2705 100% compte officiel.<\/strong><\/p>\n<p><strong>\u2705\u00a0<\/strong>Apr\u00e8s le paiement, vous recevrez (Email\/Mot de passe) pour un compte personnel Capcut Pro.<\/p>\n<p><strong>\u2705 <\/strong>Il s'agit d'un compte personnel 100% avec un abonnement de 1 \u00e0 12 mois, par exemple du 01\/01\/2025 au 01\/01\/2026.<\/p>\n<p><strong>\u2705 <\/strong>La dur\u00e9e totale de l'abonnement est garantie.<\/p>\n<p><strong>\u2705 <\/strong>Profitez de votre compte Capcut Pro \u00e0 un prix tr\u00e8s avantageux !<\/p>\n<p>\u2b55\ufe0f Le traitement des commandes prend entre\u00a0<strong>30 minutes et quelques heures<\/strong>. Si la commande n'est pas ex\u00e9cut\u00e9e dans le d\u00e9lai de\u00a0<strong>24 heures<\/strong>un remboursement sera automatiquement effectu\u00e9 au client.<\/p>","protected":false},"featured_media":6390,"comment_status":"open","ping_status":"closed","template":"","meta":{"iawp_total_views":410},"product_brand":[],"product_cat":[27],"product_tag":[221,222,69],"class_list":{"0":"post-5367","1":"product","2":"type-product","3":"status-publish","4":"has-post-thumbnail","6":"product_cat-software","7":"product_tag-capcut","8":"product_tag-capcut-pro","9":"product_tag-software","11":"first","12":"instock","13":"purchasable","14":"product-type-variable"},"jetpack_sharing_enabled":true,"_links":{"self":[{"href":"https:\/\/dzskin.com\/fr\/wp-json\/wp\/v2\/product\/5367","targetHints":{"allow":["GET"]}}],"collection":[{"href":"https:\/\/dzskin.com\/fr\/wp-json\/wp\/v2\/product"}],"about":[{"href":"https:\/\/dzskin.com\/fr\/wp-json\/wp\/v2\/types\/product"}],"replies":[{"embeddable":true,"href":"https:\/\/dzskin.com\/fr\/wp-json\/wp\/v2\/comments?post=5367"}],"version-history":[{"count":2,"href":"https:\/\/dzskin.com\/fr\/wp-json\/wp\/v2\/product\/5367\/revisions"}],"predecessor-version":[{"id":6395,"href":"https:\/\/dzskin.com\/fr\/wp-json\/wp\/v2\/product\/5367\/revisions\/6395"}],"wp:featuredmedia":[{"embeddable":true,"href":"https:\/\/dzskin.com\/fr\/wp-json\/wp\/v2\/media\/6390"}],"wp:attachment":[{"href":"https:\/\/dzskin.com\/fr\/wp-json\/wp\/v2\/media?parent=5367"}],"wp:term":[{"taxonomy":"product_brand","embeddable":true,"href":"https:\/\/dzskin.com\/fr\/wp-json\/wp\/v2\/product_brand?post=5367"},{"taxonomy":"product_cat","embeddable":true,"href":"https:\/\/dzskin.com\/fr\/wp-json\/wp\/v2\/product_cat?post=5367"},{"taxonomy":"product_tag","embeddable":true,"href":"https:\/\/dzskin.com\/fr\/wp-json\/wp\/v2\/product_tag?post=5367"}],"curies":[{"name":"wp","href":"https:\/\/api.w.org\/{rel}","templated":true}]}}