{"id":5408,"date":"2025-03-02T21:05:09","date_gmt":"2025-03-02T21:05:09","guid":{"rendered":"https:\/\/dzskin.com\/?post_type=product&#038;p=5408"},"modified":"2025-03-29T13:55:34","modified_gmt":"2025-03-29T13:55:34","slug":"chess-com-12-months","status":"publish","type":"product","link":"https:\/\/dzskin.com\/fr\/produit\/chess-com-12-months\/","title":{"rendered":"Chess.com - 12 mois"},"content":{"rendered":"","protected":false},"excerpt":{"rendered":"<p>Am\u00e9liorez vos comp\u00e9tences aux \u00e9checs avec Chess.com ! Cette plateforme offre des outils et des fonctionnalit\u00e9s avanc\u00e9s pour les joueurs \u00e0 la recherche d'une exp\u00e9rience exceptionnelle.<\/p>\n<p><strong>Instructions :<\/strong><\/p>\n<p><strong>\u2705 100% abonnement officiel.<\/strong><\/p>\n<p><strong>\u2705<\/strong>Abonnements Chess.com Gold, Platinum et Diamond pour les nouveaux et les anciens comptes.<\/p>\n<p><strong>\u2705 <\/strong>La dur\u00e9e totale de l'abonnement est garantie.<\/p>\n<p>\u2b55\ufe0f Apr\u00e8s le paiement, fournissez-nous votre (Email\/Mot de passe) pour l'activation de l'abonnement.<\/p>\n<p><strong>\u2705 <\/strong>Profitez de Chess.com \u00e0 un prix tr\u00e8s avantageux !<\/p>\n<p>\u2b55\ufe0f Le traitement des commandes prend entre\u00a0<strong>30 minutes et quelques heures<\/strong>. Si la commande n'est pas ex\u00e9cut\u00e9e dans le d\u00e9lai de\u00a0<strong>24 heures<\/strong>un remboursement sera automatiquement effectu\u00e9 au client.<\/p>","protected":false},"featured_media":5412,"comment_status":"open","ping_status":"closed","template":"","meta":{"iawp_total_views":30},"product_brand":[],"product_cat":[27],"product_tag":[69],"class_list":{"0":"post-5408","1":"product","2":"type-product","3":"status-publish","4":"has-post-thumbnail","6":"product_cat-software","7":"product_tag-software","9":"first","10":"instock","11":"sale","12":"shipping-taxable","13":"purchasable","14":"product-type-variable"},"jetpack_sharing_enabled":true,"_links":{"self":[{"href":"https:\/\/dzskin.com\/fr\/wp-json\/wp\/v2\/product\/5408","targetHints":{"allow":["GET"]}}],"collection":[{"href":"https:\/\/dzskin.com\/fr\/wp-json\/wp\/v2\/product"}],"about":[{"href":"https:\/\/dzskin.com\/fr\/wp-json\/wp\/v2\/types\/product"}],"replies":[{"embeddable":true,"href":"https:\/\/dzskin.com\/fr\/wp-json\/wp\/v2\/comments?post=5408"}],"version-history":[{"count":2,"href":"https:\/\/dzskin.com\/fr\/wp-json\/wp\/v2\/product\/5408\/revisions"}],"predecessor-version":[{"id":5480,"href":"https:\/\/dzskin.com\/fr\/wp-json\/wp\/v2\/product\/5408\/revisions\/5480"}],"wp:featuredmedia":[{"embeddable":true,"href":"https:\/\/dzskin.com\/fr\/wp-json\/wp\/v2\/media\/5412"}],"wp:attachment":[{"href":"https:\/\/dzskin.com\/fr\/wp-json\/wp\/v2\/media?parent=5408"}],"wp:term":[{"taxonomy":"product_brand","embeddable":true,"href":"https:\/\/dzskin.com\/fr\/wp-json\/wp\/v2\/product_brand?post=5408"},{"taxonomy":"product_cat","embeddable":true,"href":"https:\/\/dzskin.com\/fr\/wp-json\/wp\/v2\/product_cat?post=5408"},{"taxonomy":"product_tag","embeddable":true,"href":"https:\/\/dzskin.com\/fr\/wp-json\/wp\/v2\/product_tag?post=5408"}],"curies":[{"name":"wp","href":"https:\/\/api.w.org\/{rel}","templated":true}]}}