{"id":6276,"date":"2025-08-18T21:12:08","date_gmt":"2025-08-18T21:12:08","guid":{"rendered":"https:\/\/dzskin.com\/?post_type=product&#038;p=6276"},"modified":"2025-08-27T14:49:17","modified_gmt":"2025-08-27T14:49:17","slug":"tradingview-premium","status":"publish","type":"product","link":"https:\/\/dzskin.com\/fr\/produit\/tradingview-premium\/","title":{"rendered":"TradingView Premium - 30 jours"},"content":{"rendered":"","protected":false},"excerpt":{"rendered":"<p>Analysez les march\u00e9s avec TradingView Premium ! D\u00e9bloquez des outils avanc\u00e9s et des fonctionnalit\u00e9s puissantes con\u00e7us pour les traders qui veulent une exp\u00e9rience graphique ultime.<\/p>\n<p><strong>Instructions :<\/strong><\/p>\n<p><strong>\u2705 100% compte officiel.<\/strong><\/p>\n<p><strong>\u2705\u00a0<\/strong>Apr\u00e8s le paiement, vous recevrez (Email\/Mot de passe) pour un compte TradingView Premium.<\/p>\n<p><strong>\u2705 <\/strong>Il s'agit d'un compte personnel 100% (Non partag\u00e9).<\/p>\n<p><strong>\u2705 <\/strong>La dur\u00e9e totale de l'abonnement est garantie.<\/p>\n<p><strong>\u2705 <\/strong>Profitez de votre compte TradingView Premium \u00e0 un prix tr\u00e8s avantageux !<\/p>\n<p>\u2b55\ufe0f Le traitement des commandes prend entre\u00a0<strong>30 minutes et quelques heures<\/strong>. Si la commande n'est pas ex\u00e9cut\u00e9e dans le d\u00e9lai de\u00a0<strong>24 heures<\/strong>un remboursement sera automatiquement effectu\u00e9 au client.<\/p>","protected":false},"featured_media":6277,"comment_status":"open","ping_status":"closed","template":"","meta":{"iawp_total_views":15},"product_brand":[],"product_cat":[27],"product_tag":[69,210],"class_list":{"0":"post-6276","1":"product","2":"type-product","3":"status-publish","4":"has-post-thumbnail","6":"product_cat-software","7":"product_tag-software","8":"product_tag-tradingview","10":"first","11":"instock","12":"virtual","13":"purchasable","14":"product-type-simple"},"jetpack_sharing_enabled":true,"_links":{"self":[{"href":"https:\/\/dzskin.com\/fr\/wp-json\/wp\/v2\/product\/6276","targetHints":{"allow":["GET"]}}],"collection":[{"href":"https:\/\/dzskin.com\/fr\/wp-json\/wp\/v2\/product"}],"about":[{"href":"https:\/\/dzskin.com\/fr\/wp-json\/wp\/v2\/types\/product"}],"replies":[{"embeddable":true,"href":"https:\/\/dzskin.com\/fr\/wp-json\/wp\/v2\/comments?post=6276"}],"version-history":[{"count":1,"href":"https:\/\/dzskin.com\/fr\/wp-json\/wp\/v2\/product\/6276\/revisions"}],"predecessor-version":[{"id":6278,"href":"https:\/\/dzskin.com\/fr\/wp-json\/wp\/v2\/product\/6276\/revisions\/6278"}],"wp:featuredmedia":[{"embeddable":true,"href":"https:\/\/dzskin.com\/fr\/wp-json\/wp\/v2\/media\/6277"}],"wp:attachment":[{"href":"https:\/\/dzskin.com\/fr\/wp-json\/wp\/v2\/media?parent=6276"}],"wp:term":[{"taxonomy":"product_brand","embeddable":true,"href":"https:\/\/dzskin.com\/fr\/wp-json\/wp\/v2\/product_brand?post=6276"},{"taxonomy":"product_cat","embeddable":true,"href":"https:\/\/dzskin.com\/fr\/wp-json\/wp\/v2\/product_cat?post=6276"},{"taxonomy":"product_tag","embeddable":true,"href":"https:\/\/dzskin.com\/fr\/wp-json\/wp\/v2\/product_tag?post=6276"}],"curies":[{"name":"wp","href":"https:\/\/api.w.org\/{rel}","templated":true}]}}