{"id":6319,"date":"2025-08-22T17:11:10","date_gmt":"2025-08-22T17:11:10","guid":{"rendered":"https:\/\/dzskin.com\/?post_type=product&#038;p=6319"},"modified":"2026-01-06T15:07:26","modified_gmt":"2026-01-06T15:07:26","slug":"atlas-pro-iptv","status":"publish","type":"product","link":"https:\/\/dzskin.com\/fr\/produit\/atlas-pro-iptv\/","title":{"rendered":"Atlas PRO IPTV"},"content":{"rendered":"<div data-elementor-type=\"wp-post\" data-elementor-id=\"6319\" class=\"elementor elementor-6319\">\n\t\t\t\t<div class=\"wd-negative-gap elementor-element elementor-element-3b70d03 e-flex e-con-boxed e-con e-parent\" data-id=\"3b70d03\" data-element_type=\"container\" data-e-type=\"container\">\n\t\t\t\t\t<div class=\"e-con-inner\">\n\t\t\t\t<div class=\"elementor-element elementor-element-341a4a9 wd-width-100 elementor-widget elementor-widget-wd_images_gallery\" data-id=\"341a4a9\" data-element_type=\"widget\" data-e-type=\"widget\" data-widget_type=\"wd_images_gallery.default\">\n\t\t\t\t<div class=\"elementor-widget-container\">\n\t\t\t\t\t\t\t<div class=\"wd-images-gallery photoswipe-images wd-carousel-container\" style=\"--wd-align-items:center; --wd-justify-content:center;\">\n\t\t\t\t\t\t\t<div class=\"wd-carousel-inner\">\n\t\t\t\t\t\t<div class=\"wd-carousel wd-grid\" data-scroll_per_page=\"yes\" style=\"--wd-col-lg:3;--wd-col-md:3;--wd-col-sm:1;--wd-gap-lg:30px;--wd-gap-sm:10px;\">\n\t\t\t\t\t\t\t\t\t<div class=\"wd-carousel-wrap\">\n\t\t\t\t\t\t\t\t\t\t\t\t\t\t\t\t\t\t\t\t\t\t\t\t\t\t\t\t\t\t\t\t\t\t\t\t\t\t\t<\/div>\n\t\t\t\t\t\t\t\t<\/div>\n\t\t\t\t\t\t\t\t\t\t\t\t\t\t<div class=\"wd-nav-arrows wd-pos-sep wd-hover-1 wd-icon-1\">\n\t\t\t<div class=\"wd-btn-arrow wd-prev wd-disabled\">\n\t\t\t\t<div class=\"wd-arrow-inner\"><\/div>\n\t\t\t<\/div>\n\t\t\t<div class=\"wd-btn-arrow wd-next\">\n\t\t\t\t<div class=\"wd-arrow-inner\"><\/div>\n\t\t\t<\/div>\n\t\t<\/div>\n\t\t\t\t\t\t\n\t\t\t\t<\/div>\n\n\t\t\t\t\t\t\t\t\t\t\t\t\t<\/div>\n\t\t\t\t\t\t<\/div>\n\t\t\t\t<\/div>\n\t\t<div class=\"elementor-element elementor-element-55d20cb e-con-full e-flex e-con e-child\" data-id=\"55d20cb\" data-element_type=\"container\" data-e-type=\"container\">\n\t\t<div class=\"elementor-element elementor-element-1e7b24f e-con-full e-flex e-con e-child\" data-id=\"1e7b24f\" data-element_type=\"container\" data-e-type=\"container\">\n\t\t\t\t<div class=\"elementor-element elementor-element-2a7dccc elementor-widget elementor-widget-wd_text_block\" data-id=\"2a7dccc\" data-element_type=\"widget\" data-e-type=\"widget\" data-widget_type=\"wd_text_block.default\">\n\t\t\t\t<div class=\"elementor-widget-container\">\n\t\t\t\t\t\t\t<div class=\"wd-text-block reset-last-child text-left\">\n\t\t\t\n\t\t\t<h4>Explorer une galaxie illimit\u00e9e<\/h4><p>Los Angeles est en quarantaine et les militaires se sont retir\u00e9s. Seul vous, et la poign\u00e9e d'autres personnes qui se trouvent \u00eatre r\u00e9sistantes \u00e0 l'agent pathog\u00e8ne, tenez l'avenir de la ville (et de l'humanit\u00e9) en \u00e9quilibre.<br \/>Dead Island 2 est un jeu \u00e9l\u00e9gant, vibrant et inond\u00e9 d'infections zombies. Explorez la ville embl\u00e9matique de Los Angeles, baign\u00e9e de sang. Rencontrez des personnages plus vrais que nature. Tuez d'innombrables ennemis dans les moindres d\u00e9tails sanglants. Et \u00e9voluez pour devenir le tueur de zombies ultime ! Pr\u00e9-achetez maintenant et obtenez le pack Memories of Banoi.<\/p>\n\t\t\t\t\t<\/div>\n\t\t\t\t\t\t<\/div>\n\t\t\t\t<\/div>\n\t\t\t\t<div class=\"elementor-element elementor-element-fd44159 wd-width-100 elementor-widget elementor-widget-wd_video\" data-id=\"fd44159\" data-element_type=\"widget\" data-e-type=\"widget\" data-widget_type=\"wd_video.default\">\n\t\t\t\t<div class=\"elementor-widget-container\">\n\t\t\t\t\t\n\t\t<div class=\"wd-el-video wd-action-overlay wd-video-vimeo\">\n\t\t\t\t\t\t\t<iframe data-lazy-load=\"https:\/\/player.vimeo.com\/video\/235215203?transparent=0&loop=0&controls=1&color=rgb(109,78,236)&muted=1\" allowfullscreen allow=\"accelerometer; autoplay; encrypted-media; gyroscope; picture-in-picture\" width=\"100%\" height=\"100%\" loading=\"lazy\"><\/iframe>\t\t\t\n\t\t\t\n\t\t\t\n\t\t\t\t\t\t\t<div class=\"wd-el-video-overlay wd-fill\">\n\t\t\t\t\t\t\t\t\t<\/div>\n\t\t\t\t<div class=\"wd-el-video-control color-scheme-light wd-fill\">\n\t\t\t\t\t<span class=\"wd-el-video-play-btn\"><\/span>\n\t\t\t\t\t\t\t\t\t<\/div>\n\n\t\t\t\t<a class=\"wd-el-video-link wd-el-video-btn-overlay wd-fill\" href=\"https:\/\/vimeo.com\/235215203\"><\/a>\n\t\t\t\t\t<\/div>\n\t\t\t\t\t\t<\/div>\n\t\t\t\t<\/div>\n\t\t\t\t<\/div>\n\t\t<div class=\"elementor-element elementor-element-dd40aa1 e-con-full e-flex e-con e-child\" data-id=\"dd40aa1\" data-element_type=\"container\" data-e-type=\"container\">\n\t\t<div class=\"elementor-element elementor-element-960f696 e-con-full e-flex e-con e-child\" data-id=\"960f696\" data-element_type=\"container\" data-e-type=\"container\">\n\t\t\t\t<div class=\"elementor-element elementor-element-eeffab4 elementor-widget elementor-widget-wd_image_or_svg\" data-id=\"eeffab4\" data-element_type=\"widget\" data-e-type=\"widget\" data-widget_type=\"wd_image_or_svg.default\">\n\t\t\t\t<div class=\"elementor-widget-container\">\n\t\t\t\t\t\n\t\t<div class=\"wd-image text-left\">\n\t\t\t\t\t\t\t\t\t\t\t\t\t<\/div>\n\n\t\t\t\t\t\t<\/div>\n\t\t\t\t<\/div>\n\t\t\t\t<div class=\"elementor-element elementor-element-dfadd94 elementor-widget elementor-widget-wd_text_block\" data-id=\"dfadd94\" data-element_type=\"widget\" data-e-type=\"widget\" data-widget_type=\"wd_text_block.default\">\n\t\t\t\t<div class=\"elementor-widget-container\">\n\t\t\t\t\t\t\t<div class=\"wd-text-block reset-last-child text-left\">\n\t\t\t\n\t\t\t<h4>Poursuivre l'avocat de Cal<\/h4><p>Cal, qui n'est plus un Padawan, est devenu un chevalier Jedi puissant. Emportant avec lui les souvenirs et les attentes de l'Ordre Jedi, sa croisade contre l'Empire n'en est que plus p\u00e9rilleuse.<\/p>\n\t\t\t\t\t<\/div>\n\t\t\t\t\t\t<\/div>\n\t\t\t\t<\/div>\n\t\t\t\t<div class=\"elementor-element elementor-element-c55a5de elementor-widget elementor-widget-wd_image_or_svg\" data-id=\"c55a5de\" data-element_type=\"widget\" data-e-type=\"widget\" data-widget_type=\"wd_image_or_svg.default\">\n\t\t\t\t<div class=\"elementor-widget-container\">\n\t\t\t\t\t\n\t\t<div class=\"wd-image text-left\">\n\t\t\t\t\t\t\t\t\t\t\t\t\t<\/div>\n\n\t\t\t\t\t\t<\/div>\n\t\t\t\t<\/div>\n\t\t\t\t<\/div>\n\t\t<div class=\"elementor-element elementor-element-99ee290 e-con-full e-flex e-con e-child\" data-id=\"99ee290\" data-element_type=\"container\" data-e-type=\"container\">\n\t\t\t\t<div class=\"elementor-element elementor-element-07dfecb elementor-widget elementor-widget-wd_text_block\" data-id=\"07dfecb\" data-element_type=\"widget\" data-e-type=\"widget\" data-widget_type=\"wd_text_block.default\">\n\t\t\t\t<div class=\"elementor-widget-container\">\n\t\t\t\t\t\t\t<div class=\"wd-text-block reset-last-child text-left\">\n\t\t\t\n\t\t\t<h4>S'opposer aux t\u00e9n\u00e8bres<\/h4><p>Cinq ans apr\u00e8s les \u00e9v\u00e9nements de Star Wars Jedi Fallen Order\u2122, Star Wars Jedi : Survivor suit le combat de plus en plus d\u00e9sesp\u00e9r\u00e9 de Cal alors que la galaxie s'enfonce un peu plus dans les t\u00e9n\u00e8bres. Pouss\u00e9 aux confins de la galaxie par l'Empire, Cal va se retrouver entour\u00e9 de menaces nouvelles et famili\u00e8res.<\/p>\n\t\t\t\t\t<\/div>\n\t\t\t\t\t\t<\/div>\n\t\t\t\t<\/div>\n\t\t\t\t<div class=\"elementor-element elementor-element-5c330b8 elementor-widget elementor-widget-wd_image_or_svg\" data-id=\"5c330b8\" data-element_type=\"widget\" data-e-type=\"widget\" data-widget_type=\"wd_image_or_svg.default\">\n\t\t\t\t<div class=\"elementor-widget-container\">\n\t\t\t\t\t\n\t\t<div class=\"wd-image text-left\">\n\t\t\t\t\t\t\t\t\t\t\t\t\t<\/div>\n\n\t\t\t\t\t\t<\/div>\n\t\t\t\t<\/div>\n\t\t\t\t<div class=\"elementor-element elementor-element-79b1684 elementor-widget elementor-widget-wd_text_block\" data-id=\"79b1684\" data-element_type=\"widget\" data-e-type=\"widget\" data-widget_type=\"wd_text_block.default\">\n\t\t\t\t<div class=\"elementor-widget-container\">\n\t\t\t\t\t\t\t<div class=\"wd-text-block reset-last-child text-left\">\n\t\t\t\n\t\t\t<h4>Allez au-del\u00e0 de votre formation<\/h4><p>Le syst\u00e8me de combat cin\u00e9matique revient avec des capacit\u00e9s de Force suppl\u00e9mentaires et de nouveaux styles de combat au sabre laser. Tirez parti de toutes ces capacit\u00e9s et armes de mani\u00e8re cr\u00e9ative pour affronter strat\u00e9giquement une multitude d'ennemis.<\/p>\n\t\t\t\t\t<\/div>\n\t\t\t\t\t\t<\/div>\n\t\t\t\t<\/div>\n\t\t\t\t<\/div>\n\t\t\t\t<\/div>\n\t\t\t\t<\/div>\n\t\t\t\t\t<\/div>\n\t\t\t\t<\/div>\n\t\t\t\t<\/div>","protected":false},"excerpt":{"rendered":"<p>D\u00e9bloquez votre exp\u00e9rience Atlas PRO IPTV ! Profitez de l'acc\u00e8s aux cha\u00eenes en direct, aux sports et aux divertissements. Plongez dans l'action et l'aventure sans fin.<\/p>\n<p><strong>Instructions :<\/strong><\/p>\n<p>\u2705 <strong>Ces codes sont 100% authentiques et originaux.<\/strong>.<\/p>\n<p>\u2705 <strong>Apr\u00e8s le paiement, vous recevrez un code d'activation.<\/strong><\/p>\n<p>\u2705 <strong>Peut \u00eatre activ\u00e9 dans le monde entier<\/strong><\/p>\n<p><strong>Lire attentivement :<\/strong><\/p>\n<p>\ud83d\udfe1 <strong>Nous ne fournissons que le code d'activation. <\/strong>Comme nous ne sommes pas des sp\u00e9cialistes de l'IPTV, nous ne pouvons pas offrir d'assistance pour les \u00e9tapes d'activation ou pour tout probl\u00e8me pouvant survenir au cours du processus.<\/p>\n<p>\u2b55\ufe0f <strong>La livraison se fait pendant les heures ouvrables entre 8:00 (matin) GMT - 23:00 (soir) GMT.<\/strong><\/p>","protected":false},"featured_media":6322,"comment_status":"open","ping_status":"closed","template":"","meta":{"iawp_total_views":56},"product_brand":[],"product_cat":[76],"product_tag":[77],"class_list":{"0":"post-6319","1":"product","2":"type-product","3":"status-publish","4":"has-post-thumbnail","6":"product_cat-iptv","7":"product_tag-iptv","9":"first","10":"outofstock","11":"shipping-taxable","12":"purchasable","13":"product-type-variable"},"jetpack_sharing_enabled":true,"_links":{"self":[{"href":"https:\/\/dzskin.com\/fr\/wp-json\/wp\/v2\/product\/6319","targetHints":{"allow":["GET"]}}],"collection":[{"href":"https:\/\/dzskin.com\/fr\/wp-json\/wp\/v2\/product"}],"about":[{"href":"https:\/\/dzskin.com\/fr\/wp-json\/wp\/v2\/types\/product"}],"replies":[{"embeddable":true,"href":"https:\/\/dzskin.com\/fr\/wp-json\/wp\/v2\/comments?post=6319"}],"version-history":[{"count":5,"href":"https:\/\/dzskin.com\/fr\/wp-json\/wp\/v2\/product\/6319\/revisions"}],"predecessor-version":[{"id":6582,"href":"https:\/\/dzskin.com\/fr\/wp-json\/wp\/v2\/product\/6319\/revisions\/6582"}],"wp:featuredmedia":[{"embeddable":true,"href":"https:\/\/dzskin.com\/fr\/wp-json\/wp\/v2\/media\/6322"}],"wp:attachment":[{"href":"https:\/\/dzskin.com\/fr\/wp-json\/wp\/v2\/media?parent=6319"}],"wp:term":[{"taxonomy":"product_brand","embeddable":true,"href":"https:\/\/dzskin.com\/fr\/wp-json\/wp\/v2\/product_brand?post=6319"},{"taxonomy":"product_cat","embeddable":true,"href":"https:\/\/dzskin.com\/fr\/wp-json\/wp\/v2\/product_cat?post=6319"},{"taxonomy":"product_tag","embeddable":true,"href":"https:\/\/dzskin.com\/fr\/wp-json\/wp\/v2\/product_tag?post=6319"}],"curies":[{"name":"wp","href":"https:\/\/api.w.org\/{rel}","templated":true}]}}