{"id":6329,"date":"2025-08-22T18:04:16","date_gmt":"2025-08-22T18:04:16","guid":{"rendered":"https:\/\/dzskin.com\/?post_type=product&#038;p=6329"},"modified":"2025-08-27T14:49:51","modified_gmt":"2025-08-27T14:49:51","slug":"flightradar24","status":"publish","type":"product","link":"https:\/\/dzskin.com\/fr\/produit\/flightradar24\/","title":{"rendered":"Flightradar24 - 1 mois"},"content":{"rendered":"","protected":false},"excerpt":{"rendered":"<p>D\u00e9verrouillez votre exp\u00e9rience Flightradar24 ! Acc\u00e9dez au suivi des vols en temps r\u00e9el, au trafic a\u00e9rien mondial et aux donn\u00e9es a\u00e9ronautiques. Plongez dans la d\u00e9couverte et l'exploration.<\/p>\n<p><strong>Instructions :<\/strong><\/p>\n<p><strong>\u2705 100% compte officiel.<\/strong><\/p>\n<p><strong>\u2705\u00a0<\/strong>Apr\u00e8s le paiement, vous recevrez un (Email\/Mot de passe) pour un compte partag\u00e9.<\/p>\n<p><strong>\u2705 <\/strong>La dur\u00e9e totale de l'abonnement est garantie.<\/p>\n<p><strong>\u2705 <\/strong>Profitez de votre compte Flightradar24 Premium \u00e0 un prix tr\u00e8s avantageux !<\/p>\n<p>\u2b55\ufe0f Le traitement des commandes prend entre\u00a0<strong>30 minutes et quelques heures<\/strong>. Si la commande n'est pas ex\u00e9cut\u00e9e dans le d\u00e9lai de\u00a0<strong>24 heures<\/strong>un remboursement sera automatiquement effectu\u00e9 au client.<\/p>","protected":false},"featured_media":6330,"comment_status":"open","ping_status":"closed","template":"","meta":{"iawp_total_views":5},"product_brand":[],"product_cat":[27],"product_tag":[214,213,69],"class_list":{"0":"post-6329","1":"product","2":"type-product","3":"status-publish","4":"has-post-thumbnail","6":"product_cat-software","7":"product_tag-flight-radar-24","8":"product_tag-flightradar24","9":"product_tag-software","11":"first","12":"instock","13":"virtual","14":"purchasable","15":"product-type-simple"},"jetpack_sharing_enabled":true,"_links":{"self":[{"href":"https:\/\/dzskin.com\/fr\/wp-json\/wp\/v2\/product\/6329","targetHints":{"allow":["GET"]}}],"collection":[{"href":"https:\/\/dzskin.com\/fr\/wp-json\/wp\/v2\/product"}],"about":[{"href":"https:\/\/dzskin.com\/fr\/wp-json\/wp\/v2\/types\/product"}],"replies":[{"embeddable":true,"href":"https:\/\/dzskin.com\/fr\/wp-json\/wp\/v2\/comments?post=6329"}],"version-history":[{"count":2,"href":"https:\/\/dzskin.com\/fr\/wp-json\/wp\/v2\/product\/6329\/revisions"}],"predecessor-version":[{"id":6420,"href":"https:\/\/dzskin.com\/fr\/wp-json\/wp\/v2\/product\/6329\/revisions\/6420"}],"wp:featuredmedia":[{"embeddable":true,"href":"https:\/\/dzskin.com\/fr\/wp-json\/wp\/v2\/media\/6330"}],"wp:attachment":[{"href":"https:\/\/dzskin.com\/fr\/wp-json\/wp\/v2\/media?parent=6329"}],"wp:term":[{"taxonomy":"product_brand","embeddable":true,"href":"https:\/\/dzskin.com\/fr\/wp-json\/wp\/v2\/product_brand?post=6329"},{"taxonomy":"product_cat","embeddable":true,"href":"https:\/\/dzskin.com\/fr\/wp-json\/wp\/v2\/product_cat?post=6329"},{"taxonomy":"product_tag","embeddable":true,"href":"https:\/\/dzskin.com\/fr\/wp-json\/wp\/v2\/product_tag?post=6329"}],"curies":[{"name":"wp","href":"https:\/\/api.w.org\/{rel}","templated":true}]}}