{"id":6335,"date":"2025-08-23T18:01:42","date_gmt":"2025-08-23T18:01:42","guid":{"rendered":"https:\/\/dzskin.com\/?post_type=product&#038;p=6335"},"modified":"2025-08-27T14:50:04","modified_gmt":"2025-08-27T14:50:04","slug":"perplexity","status":"publish","type":"product","link":"https:\/\/dzskin.com\/fr\/produit\/perplexity\/","title":{"rendered":"Perplexit\u00e9 - 1 an"},"content":{"rendered":"","protected":false},"excerpt":{"rendered":"<p>D\u00e9bloquez votre exp\u00e9rience de Perplexit\u00e9 ! Acc\u00e9dez \u00e0 des r\u00e9ponses instantan\u00e9es, \u00e0 des recherches intelligentes et \u00e0 des informations fiables. Plongez dans la connaissance et l'exploration.<\/p>\n<p><strong>Instructions :<\/strong><\/p>\n<ul>\n<li>Ouvrez votre navigateur et effacez les cookies.<\/li>\n<li>Saisissez le code d'activation.<\/li>\n<li>Enregistrez-vous avec votre email.<\/li>\n<li>V\u00e9rifiez votre adresse \u00e9lectronique.<\/li>\n<li>Connectez-vous \u00e0 votre compte Perplexity.<\/li>\n<li>Allez dans les param\u00e8tres du compte et v\u00e9rifiez l'\u00e9tat de votre abonnement, en affichant \"Perplexity Pro - 12 mois actifs\".<\/li>\n<\/ul>\n<p>\u2b55\ufe0f Le traitement des commandes prend entre\u00a0<strong>30 minutes et quelques heures<\/strong>. Si la commande n'est pas ex\u00e9cut\u00e9e dans le d\u00e9lai de\u00a0<strong>24 heures<\/strong>un remboursement sera automatiquement effectu\u00e9 au client.<\/p>","protected":false},"featured_media":6336,"comment_status":"open","ping_status":"closed","template":"","meta":{"iawp_total_views":12},"product_brand":[],"product_cat":[27],"product_tag":[216,69],"class_list":{"0":"post-6335","1":"product","2":"type-product","3":"status-publish","4":"has-post-thumbnail","6":"product_cat-software","7":"product_tag-perplexity","8":"product_tag-software","10":"first","11":"instock","12":"virtual","13":"purchasable","14":"product-type-simple"},"jetpack_sharing_enabled":true,"_links":{"self":[{"href":"https:\/\/dzskin.com\/fr\/wp-json\/wp\/v2\/product\/6335","targetHints":{"allow":["GET"]}}],"collection":[{"href":"https:\/\/dzskin.com\/fr\/wp-json\/wp\/v2\/product"}],"about":[{"href":"https:\/\/dzskin.com\/fr\/wp-json\/wp\/v2\/types\/product"}],"replies":[{"embeddable":true,"href":"https:\/\/dzskin.com\/fr\/wp-json\/wp\/v2\/comments?post=6335"}],"version-history":[{"count":2,"href":"https:\/\/dzskin.com\/fr\/wp-json\/wp\/v2\/product\/6335\/revisions"}],"predecessor-version":[{"id":6338,"href":"https:\/\/dzskin.com\/fr\/wp-json\/wp\/v2\/product\/6335\/revisions\/6338"}],"wp:featuredmedia":[{"embeddable":true,"href":"https:\/\/dzskin.com\/fr\/wp-json\/wp\/v2\/media\/6336"}],"wp:attachment":[{"href":"https:\/\/dzskin.com\/fr\/wp-json\/wp\/v2\/media?parent=6335"}],"wp:term":[{"taxonomy":"product_brand","embeddable":true,"href":"https:\/\/dzskin.com\/fr\/wp-json\/wp\/v2\/product_brand?post=6335"},{"taxonomy":"product_cat","embeddable":true,"href":"https:\/\/dzskin.com\/fr\/wp-json\/wp\/v2\/product_cat?post=6335"},{"taxonomy":"product_tag","embeddable":true,"href":"https:\/\/dzskin.com\/fr\/wp-json\/wp\/v2\/product_tag?post=6335"}],"curies":[{"name":"wp","href":"https:\/\/api.w.org\/{rel}","templated":true}]}}