{"id":6339,"date":"2025-08-23T18:11:21","date_gmt":"2025-08-23T18:11:21","guid":{"rendered":"https:\/\/dzskin.com\/?post_type=product&#038;p=6339"},"modified":"2025-08-27T14:50:10","modified_gmt":"2025-08-27T14:50:10","slug":"coreldraw","status":"publish","type":"product","link":"https:\/\/dzskin.com\/fr\/produit\/coreldraw\/","title":{"rendered":"CorelDRAW - \u00e0 vie"},"content":{"rendered":"","protected":false},"excerpt":{"rendered":"<p>Lib\u00e9rez votre exp\u00e9rience CorelDRAW ! Acc\u00e9dez \u00e0 de puissants outils de conception, \u00e0 des fonctions cr\u00e9atives et \u00e0 des graphiques professionnels. Plongez dans l'art et l'innovation.<\/p>\n<p>\u2705 <strong data-start=\"49\" data-end=\"66\">Type de licence :<\/strong> Dur\u00e9e de vie<br data-start=\"75\" data-end=\"78\" \/>\u2705 <strong data-start=\"80\" data-end=\"102\">Appareils pris en charge :<\/strong> Jusqu'\u00e0 5 appareils<br data-start=\"120\" data-end=\"123\" data-is-only-node=\"\" \/>\u2705 <strong data-start=\"125\" data-end=\"136\">R\u00e9gion :<\/strong> Mondial<br data-start=\"143\" data-end=\"146\" \/>\u2705 <strong data-start=\"148\" data-end=\"161\">Plate-forme :<\/strong> Distribution officielle de Corel<\/p>\n<p><strong>Instructions :<\/strong><\/p>\n<ul>\n<li>T\u00e9l\u00e9chargez et installez CorelDRAW Technical Suite 2025 depuis le site officiel de Corel.<\/li>\n<li>Lors du premier lancement, choisissez \"J'ai une cl\u00e9 de licence\".<\/li>\n<li>Saisissez votre cl\u00e9 d'activation.<\/li>\n<li>Connectez-vous avec votre compte Corel (si vous \u00eates d\u00e9j\u00e0 enregistr\u00e9).<\/li>\n<li>C'est fait ! Votre programme est maintenant activ\u00e9 et pr\u00eat \u00e0 \u00eatre utilis\u00e9.<\/li>\n<\/ul>\n<p>\u2b55\ufe0f Le traitement des commandes prend entre\u00a0<strong>30 minutes et quelques heures<\/strong>. Si la commande n'est pas ex\u00e9cut\u00e9e dans le d\u00e9lai de\u00a0<strong>24 heures<\/strong>un remboursement sera automatiquement effectu\u00e9 au client.<\/p>","protected":false},"featured_media":6340,"comment_status":"open","ping_status":"closed","template":"","meta":{"iawp_total_views":167},"product_brand":[],"product_cat":[27],"product_tag":[219,69],"class_list":{"0":"post-6339","1":"product","2":"type-product","3":"status-publish","4":"has-post-thumbnail","6":"product_cat-software","7":"product_tag-coreldraw","8":"product_tag-software","10":"first","11":"instock","12":"purchasable","13":"product-type-variable"},"jetpack_sharing_enabled":true,"_links":{"self":[{"href":"https:\/\/dzskin.com\/fr\/wp-json\/wp\/v2\/product\/6339","targetHints":{"allow":["GET"]}}],"collection":[{"href":"https:\/\/dzskin.com\/fr\/wp-json\/wp\/v2\/product"}],"about":[{"href":"https:\/\/dzskin.com\/fr\/wp-json\/wp\/v2\/types\/product"}],"replies":[{"embeddable":true,"href":"https:\/\/dzskin.com\/fr\/wp-json\/wp\/v2\/comments?post=6339"}],"version-history":[{"count":2,"href":"https:\/\/dzskin.com\/fr\/wp-json\/wp\/v2\/product\/6339\/revisions"}],"predecessor-version":[{"id":6418,"href":"https:\/\/dzskin.com\/fr\/wp-json\/wp\/v2\/product\/6339\/revisions\/6418"}],"wp:featuredmedia":[{"embeddable":true,"href":"https:\/\/dzskin.com\/fr\/wp-json\/wp\/v2\/media\/6340"}],"wp:attachment":[{"href":"https:\/\/dzskin.com\/fr\/wp-json\/wp\/v2\/media?parent=6339"}],"wp:term":[{"taxonomy":"product_brand","embeddable":true,"href":"https:\/\/dzskin.com\/fr\/wp-json\/wp\/v2\/product_brand?post=6339"},{"taxonomy":"product_cat","embeddable":true,"href":"https:\/\/dzskin.com\/fr\/wp-json\/wp\/v2\/product_cat?post=6339"},{"taxonomy":"product_tag","embeddable":true,"href":"https:\/\/dzskin.com\/fr\/wp-json\/wp\/v2\/product_tag?post=6339"}],"curies":[{"name":"wp","href":"https:\/\/api.w.org\/{rel}","templated":true}]}}