{"id":6344,"date":"2025-08-23T22:41:33","date_gmt":"2025-08-23T22:41:33","guid":{"rendered":"https:\/\/dzskin.com\/?post_type=product&#038;p=6344"},"modified":"2025-08-27T14:50:18","modified_gmt":"2025-08-27T14:50:18","slug":"kaspersky-standard","status":"publish","type":"product","link":"https:\/\/dzskin.com\/fr\/produit\/kaspersky-standard\/","title":{"rendered":"Kaspersky Standard - 1 an"},"content":{"rendered":"","protected":false},"excerpt":{"rendered":"<p>D\u00e9bloquez votre exp\u00e9rience Kaspersky Standard ! Acc\u00e9dez \u00e0 la protection avanc\u00e9e, \u00e0 la s\u00e9curit\u00e9 en temps r\u00e9el et aux outils de protection de la vie priv\u00e9e. Plongez dans la s\u00e9curit\u00e9 et la tranquillit\u00e9 d'esprit.<\/p>\n<p>\u2705 Edition standard<\/p>\n<p>Apr\u00e8s le paiement, vous recevrez une cl\u00e9 officielle.<\/p>\n<p>\u2705 T\u00e9l\u00e9charger le programme depuis le site officiel : https:\/\/www.kaspersky.com\/downloads\/standard<\/p>\n<p>\u2b55\ufe0f<strong> Cl\u00e9 pour une activation unique, si vous r\u00e9initialisez votre syst\u00e8me, vous devrez acheter une autre cl\u00e9 !<\/strong><\/p>\n<p>\u2b55\ufe0f Le traitement des commandes prend entre <strong>30 minutes et quelques heures<\/strong>. Si la commande n'est pas ex\u00e9cut\u00e9e dans le d\u00e9lai de\u00a0<strong>24 heures<\/strong>un remboursement sera automatiquement effectu\u00e9 au client.<\/p>","protected":false},"featured_media":6347,"comment_status":"open","ping_status":"closed","template":"","meta":{"iawp_total_views":7},"product_brand":[],"product_cat":[27],"product_tag":[220,69],"class_list":{"0":"post-6344","1":"product","2":"type-product","3":"status-publish","4":"has-post-thumbnail","6":"product_cat-software","7":"product_tag-kaspersky","8":"product_tag-software","10":"first","11":"instock","12":"purchasable","13":"product-type-simple"},"jetpack_sharing_enabled":true,"_links":{"self":[{"href":"https:\/\/dzskin.com\/fr\/wp-json\/wp\/v2\/product\/6344","targetHints":{"allow":["GET"]}}],"collection":[{"href":"https:\/\/dzskin.com\/fr\/wp-json\/wp\/v2\/product"}],"about":[{"href":"https:\/\/dzskin.com\/fr\/wp-json\/wp\/v2\/types\/product"}],"replies":[{"embeddable":true,"href":"https:\/\/dzskin.com\/fr\/wp-json\/wp\/v2\/comments?post=6344"}],"version-history":[{"count":2,"href":"https:\/\/dzskin.com\/fr\/wp-json\/wp\/v2\/product\/6344\/revisions"}],"predecessor-version":[{"id":6417,"href":"https:\/\/dzskin.com\/fr\/wp-json\/wp\/v2\/product\/6344\/revisions\/6417"}],"wp:featuredmedia":[{"embeddable":true,"href":"https:\/\/dzskin.com\/fr\/wp-json\/wp\/v2\/media\/6347"}],"wp:attachment":[{"href":"https:\/\/dzskin.com\/fr\/wp-json\/wp\/v2\/media?parent=6344"}],"wp:term":[{"taxonomy":"product_brand","embeddable":true,"href":"https:\/\/dzskin.com\/fr\/wp-json\/wp\/v2\/product_brand?post=6344"},{"taxonomy":"product_cat","embeddable":true,"href":"https:\/\/dzskin.com\/fr\/wp-json\/wp\/v2\/product_cat?post=6344"},{"taxonomy":"product_tag","embeddable":true,"href":"https:\/\/dzskin.com\/fr\/wp-json\/wp\/v2\/product_tag?post=6344"}],"curies":[{"name":"wp","href":"https:\/\/api.w.org\/{rel}","templated":true}]}}