{"id":6412,"date":"2025-09-16T18:49:52","date_gmt":"2025-09-16T18:49:52","guid":{"rendered":"https:\/\/dzskin.com\/?post_type=product&#038;p=6412"},"modified":"2025-09-16T19:07:57","modified_gmt":"2025-09-16T19:07:57","slug":"autocad-2025","status":"publish","type":"product","link":"https:\/\/dzskin.com\/fr\/produit\/autocad-2025\/","title":{"rendered":"AutoCAD 2025 - 1 an"},"content":{"rendered":"","protected":false},"excerpt":{"rendered":"<p>AutoCAD 2025 est l\u00e0 ! Acc\u00e9dez \u00e0 des outils avanc\u00e9s, \u00e0 la collaboration et \u00e0 des fonctions de pr\u00e9cision. Am\u00e9liorez votre cr\u00e9ativit\u00e9 et votre efficacit\u00e9 gr\u00e2ce \u00e0 l'innovation en mati\u00e8re de CAO.<\/p>\n<p>\u2705 \u00c9dition \u00e9ducative<\/p>\n<p>\u2705 Apr\u00e8s le paiement, vous recevrez une cl\u00e9 officielle pour l'activation.<\/p>\n<p>Activation pour un seul appareil<\/p>\n<p data-start=\"77\" data-end=\"99\"><strong data-start=\"77\" data-end=\"97\">Guide d'activation<\/strong><\/p>\n<ol data-start=\"100\" data-end=\"657\">\n<li data-start=\"100\" data-end=\"202\">\n<p data-start=\"103\" data-end=\"202\"><strong data-start=\"103\" data-end=\"125\">T\u00e9l\u00e9charger et installer<\/strong>: T\u00e9l\u00e9chargez AutoCAD 2025 sur le site web d'Autodesk et terminez l'installation.<\/p>\n<\/li>\n<li data-start=\"203\" data-end=\"260\">\n<p data-start=\"206\" data-end=\"260\"><strong data-start=\"206\" data-end=\"222\">Ouvrir AutoCAD<\/strong>: Lancez le programme sur votre appareil et connectez-vous avec votre compte Autodesk.<\/p>\n<\/li>\n<li data-start=\"371\" data-end=\"488\">\n<p data-start=\"374\" data-end=\"488\"><strong data-start=\"374\" data-end=\"398\">Activation <\/strong>: S\u00e9lectionner <em data-start=\"446\" data-end=\"471\">\"Entrez un num\u00e9ro de s\u00e9rie\"<\/em> lorsque vous y \u00eates invit\u00e9 et saisissez votre cl\u00e9 de produit, puis s\u00e9lectionnez <em data-start=\"567\" data-end=\"573\">Suivant<\/em>.<\/p>\n<\/li>\n<li data-start=\"577\" data-end=\"657\">\n<p data-start=\"580\" data-end=\"657\"><strong data-start=\"580\" data-end=\"596\">Fin de l'installation<\/strong>: Suivez les instructions \u00e0 l'\u00e9cran pour finaliser l'activation.<\/p>\n<\/li>\n<\/ol>\n<p>\u2705 <strong>Profitez d'AutoCAD 2025 \u00e0 moindre co\u00fbt !<\/strong><\/p>","protected":false},"featured_media":6413,"comment_status":"open","ping_status":"closed","template":"","meta":{"iawp_total_views":14},"product_brand":[],"product_cat":[27],"product_tag":[223,69],"class_list":{"0":"post-6412","1":"product","2":"type-product","3":"status-publish","4":"has-post-thumbnail","6":"product_cat-software","7":"product_tag-autocad","8":"product_tag-software","10":"first","11":"instock","12":"purchasable","13":"product-type-variable"},"jetpack_sharing_enabled":true,"_links":{"self":[{"href":"https:\/\/dzskin.com\/fr\/wp-json\/wp\/v2\/product\/6412","targetHints":{"allow":["GET"]}}],"collection":[{"href":"https:\/\/dzskin.com\/fr\/wp-json\/wp\/v2\/product"}],"about":[{"href":"https:\/\/dzskin.com\/fr\/wp-json\/wp\/v2\/types\/product"}],"replies":[{"embeddable":true,"href":"https:\/\/dzskin.com\/fr\/wp-json\/wp\/v2\/comments?post=6412"}],"version-history":[{"count":1,"href":"https:\/\/dzskin.com\/fr\/wp-json\/wp\/v2\/product\/6412\/revisions"}],"predecessor-version":[{"id":6416,"href":"https:\/\/dzskin.com\/fr\/wp-json\/wp\/v2\/product\/6412\/revisions\/6416"}],"wp:featuredmedia":[{"embeddable":true,"href":"https:\/\/dzskin.com\/fr\/wp-json\/wp\/v2\/media\/6413"}],"wp:attachment":[{"href":"https:\/\/dzskin.com\/fr\/wp-json\/wp\/v2\/media?parent=6412"}],"wp:term":[{"taxonomy":"product_brand","embeddable":true,"href":"https:\/\/dzskin.com\/fr\/wp-json\/wp\/v2\/product_brand?post=6412"},{"taxonomy":"product_cat","embeddable":true,"href":"https:\/\/dzskin.com\/fr\/wp-json\/wp\/v2\/product_cat?post=6412"},{"taxonomy":"product_tag","embeddable":true,"href":"https:\/\/dzskin.com\/fr\/wp-json\/wp\/v2\/product_tag?post=6412"}],"curies":[{"name":"wp","href":"https:\/\/api.w.org\/{rel}","templated":true}]}}