{"id":6497,"date":"2025-09-30T14:18:08","date_gmt":"2025-09-30T14:18:08","guid":{"rendered":"https:\/\/dzskin.com\/?post_type=product&#038;p=6497"},"modified":"2025-09-30T14:37:29","modified_gmt":"2025-09-30T14:37:29","slug":"skillshare-premium","status":"publish","type":"product","link":"https:\/\/dzskin.com\/fr\/produit\/skillshare-premium\/","title":{"rendered":"SkillShare Premium - 1 mois"},"content":{"rendered":"","protected":false},"excerpt":{"rendered":"<p>D\u00e9couvrez Skillshare Premium ! D\u00e9bloquez un nombre illimit\u00e9 de cours, de connaissances d'experts et de comp\u00e9tences cr\u00e9atives. Favorisez la croissance et l'innovation gr\u00e2ce \u00e0 un apprentissage simplifi\u00e9.<\/p>\n<p>\u2705 Apr\u00e8s le paiement, vous recevrez un compte officiel (Email:Mot de passe).<\/p>\n<p>\u2705 Abonnement pour 1 mois.<\/p>\n<p>\u2705 Garantie pour toute la dur\u00e9e de l'abonnement.<\/p>\n<p>\u2705 Profitez de Skillshare Premium \u00e0 un prix tr\u00e8s bas !<\/p>","protected":false},"featured_media":6500,"comment_status":"open","ping_status":"closed","template":"","meta":{"iawp_total_views":7},"product_brand":[],"product_cat":[27],"product_tag":[227,69],"class_list":{"0":"post-6497","1":"product","2":"type-product","3":"status-publish","4":"has-post-thumbnail","6":"product_cat-software","7":"product_tag-skillshare","8":"product_tag-software","10":"first","11":"instock","12":"purchasable","13":"product-type-simple"},"jetpack_sharing_enabled":true,"_links":{"self":[{"href":"https:\/\/dzskin.com\/fr\/wp-json\/wp\/v2\/product\/6497","targetHints":{"allow":["GET"]}}],"collection":[{"href":"https:\/\/dzskin.com\/fr\/wp-json\/wp\/v2\/product"}],"about":[{"href":"https:\/\/dzskin.com\/fr\/wp-json\/wp\/v2\/types\/product"}],"replies":[{"embeddable":true,"href":"https:\/\/dzskin.com\/fr\/wp-json\/wp\/v2\/comments?post=6497"}],"version-history":[{"count":2,"href":"https:\/\/dzskin.com\/fr\/wp-json\/wp\/v2\/product\/6497\/revisions"}],"predecessor-version":[{"id":6502,"href":"https:\/\/dzskin.com\/fr\/wp-json\/wp\/v2\/product\/6497\/revisions\/6502"}],"wp:featuredmedia":[{"embeddable":true,"href":"https:\/\/dzskin.com\/fr\/wp-json\/wp\/v2\/media\/6500"}],"wp:attachment":[{"href":"https:\/\/dzskin.com\/fr\/wp-json\/wp\/v2\/media?parent=6497"}],"wp:term":[{"taxonomy":"product_brand","embeddable":true,"href":"https:\/\/dzskin.com\/fr\/wp-json\/wp\/v2\/product_brand?post=6497"},{"taxonomy":"product_cat","embeddable":true,"href":"https:\/\/dzskin.com\/fr\/wp-json\/wp\/v2\/product_cat?post=6497"},{"taxonomy":"product_tag","embeddable":true,"href":"https:\/\/dzskin.com\/fr\/wp-json\/wp\/v2\/product_tag?post=6497"}],"curies":[{"name":"wp","href":"https:\/\/api.w.org\/{rel}","templated":true}]}}